{"id":51,"date":"2020-02-17T14:29:52","date_gmt":"2020-02-17T14:29:52","guid":{"rendered":"http:\/\/feuer-flamme.org\/widerruf"},"modified":"2020-09-17T15:12:01","modified_gmt":"2020-09-17T15:12:01","slug":"tilbagekaldelse","status":"publish","type":"page","link":"https:\/\/www.feuer-flamme.com\/da\/widerruf","title":{"rendered":"Tilbagekaldelse"},"content":{"rendered":"<div class=\"wpb-content-wrapper\"><div class=\"vc_row wpb_row vc_row-fluid\"><\/div><div class=\"wpb_column vc_column_container vc_col-sm-12\"><div class=\"vc_column-inner\"><div class=\"wpb_wrapper\"><\/div><\/div><\/div>\n\t<div class=\"wpb_text_column wpb_content_element\" >\n\t\t<div class=\"wpb_wrapper\">\n\t\t\t\n\t\t<\/div>\n\t<\/div>\n<strong>Fortrydelsespolitik for forbrugere for en kontrakt, hvor varerne leveres i en enkelt levering<\/strong><\/p>\n<p><em>Politik for afbestilling<\/em><br \/>\nEn forbruger er enhver fysisk person, der indg\u00e5r en juridisk transaktion til form\u00e5l, der overvejende ligger uden for deres handel, forretning eller erhverv.<\/p>\n<p><em>Ret til annullering<\/em><br \/>\nDu har ret til at annullere denne kontrakt inden for fjorten dage uden at angive nogen grund. Fortrydelsesfristen er fjorten dage fra den dag, hvor du eller en tredjepart, som du har udpeget, og som ikke er transport\u00f8ren, tog varerne i besiddelse. For at ud\u00f8ve fortrydelsesretten skal du informere os ( Feuer &amp; Flamme GmbH Am Redder 1 24558 Henstedt-Ulzburg, +49 40 58 50 07, E-Mail info@feuer-flamme.de Fax +49 40 - 58 70 13) om din beslutning om at annullere denne kontrakt ved en klar erkl\u00e6ring (f.eks. et brev sendt med posten, fax eller e-mail). For at overholde fortrydelsesfristen er det tilstr\u00e6kkeligt, at du sender din meddelelse om ud\u00f8velse af din fortrydelsesret, inden fortrydelsesfristen er udl\u00f8bet.<\/p>\n<p><em>Konsekvenser af annullering<\/em><br \/>\nHvis du fortryder denne aftale, refunderer vi alle betalinger modtaget fra dig, herunder leveringsomkostninger (med undtagelse af ekstra omkostninger som f\u00f8lge af dit valg af en anden type levering end den billigste form for standardlevering, som vi tilbyder), uden un\u00f8dig forsinkelse og under alle omst\u00e6ndigheder senest 14 dage fra den dag, hvor vi har modtaget meddelelse om din beslutning om at fortryde denne aftale. Til denne tilbagebetaling benytter vi samme betalingsmiddel, som du benyttede ved den oprindelige transaktion, medmindre andet udtrykkeligt er aftalt med dig; du vil under ingen omst\u00e6ndigheder blive opkr\u00e6vet gebyrer for denne tilbagebetaling. Vi kan tilbageholde tilbagebetalingen, indtil vi har modtaget varerne retur, eller indtil du har fremlagt dokumentation for at have sendt varerne retur, alt efter hvilket tidspunkt der er tidligst. Du skal returnere eller overdrage varerne til os straks og under alle omst\u00e6ndigheder senest fjorten dage fra den dag, hvor du informerer os om annulleringen af denne kontrakt. Fristen er overholdt, hvis du afsender varerne inden udl\u00f8bet af fristen p\u00e5 fjorten dage.<br \/>\nDu b\u00e6rer de direkte omkostninger ved at returnere varerne.<br \/>\nDu skal kun betale for eventuel v\u00e6rdiforringelse af varerne, hvis denne v\u00e6rdiforringelse skyldes h\u00e5ndtering af varerne, som ikke er n\u00f8dvendig for at kontrollere deres tilstand, egenskaber og funktionalitet.<\/p>\n<p>&nbsp;<\/p>\n<p><em>Udelukkelse eller for tidlig udl\u00f8b af fortrydelsesretten<\/em><br \/>\nFortrydelsesretten g\u00e6lder ikke for kontrakter<br \/>\nfor levering af varer, som ikke er pr\u00e6fabrikerede, og for hvis fremstilling forbrugerens individuelle valg eller bestemmelse er afg\u00f8rende, eller som klart er tilpasset forbrugerens personlige behov;<br \/>\ntil levering af varer, der hurtigt kan \u00f8del\u00e6gges, eller hvis udl\u00f8bsdato hurtigt ville blive overskredet;<br \/>\nfor levering af alkoholholdige drikkevarer, hvis pris blev aftalt ved kontraktens indg\u00e5else, men som tidligst kan leveres 30 dage efter kontraktens indg\u00e5else, og hvis aktuelle v\u00e6rdi afh\u00e6nger af udsving p\u00e5 markedet, som iv\u00e6rks\u00e6tteren ikke har nogen indflydelse p\u00e5;<br \/>\nfor levering af aviser, magasiner eller tidsskrifter med undtagelse af abonnementskontrakter.<br \/>\nFortrydelsesretten udl\u00f8ber f\u00f8r tid for kontrakter<br \/>\nfor levering af forseglede varer, der ikke er egnet til returnering af hensyn til sundhedsbeskyttelse eller hygiejne, hvis deres forsegling er blevet fjernet efter levering;<br \/>\nfor levering af varer, hvis disse er blevet uadskilleligt blandet med andre varer efter levering p\u00e5 grund af deres art;<br \/>\nfor levering af lyd- eller videooptagelser eller computersoftware i en forseglet pakke, hvis forseglingen er blevet fjernet efter levering.<\/p>\n<p><strong>Fortrydelsesret for forbrugere for en aftale om flere varer, som forbrugeren har bestilt som en del af en enkelt ordre, og som leveres separat<\/strong><\/p>\n<p><em>Politik for afbestilling<\/em><br \/>\nEn forbruger er enhver fysisk person, der indg\u00e5r en juridisk transaktion til form\u00e5l, der overvejende ligger uden for deres handel, forretning eller erhverv.<\/p>\n<p><em>Ret til annullering<\/em><br \/>\nDu har ret til at annullere denne kontrakt inden for fjorten dage uden at angive nogen grund. Fortrydelsesfristen er fjorten dage fra den dag, hvor du eller en tredjepart, som du har udpeget, og som ikke er transport\u00f8ren, tog de sidste varer i besiddelse. For at ud\u00f8ve fortrydelsesretten skal du informere os ( Feuer &amp; Flamme GmbH Am Redder 1 24558 Henstedt-Ulzburg, +49 40 58 50 07, E-Mail info@feuer-flamme.de Fax +49 40 - 58 70 13 . ) ved hj\u00e6lp af en tydelig erkl\u00e6ring (f.eks. et brev sendt med post, fax eller e-mail) om din beslutning om at annullere denne kontrakt. For at overholde fortrydelsesfristen er det tilstr\u00e6kkeligt, at du sender din meddelelse om ud\u00f8velse af fortrydelsesretten, inden fortrydelsesfristen er udl\u00f8bet.<\/p>\n<p><em>Konsekvenser af annullering<\/em><br \/>\nHvis du fortryder denne aftale, refunderer vi alle betalinger modtaget fra dig, herunder leveringsomkostninger (med undtagelse af ekstra omkostninger som f\u00f8lge af dit valg af en anden type levering end den billigste form for standardlevering, som vi tilbyder), uden un\u00f8dig forsinkelse og under alle omst\u00e6ndigheder senest 14 dage fra den dag, hvor vi har modtaget meddelelse om din beslutning om at fortryde denne aftale. Til denne tilbagebetaling benytter vi samme betalingsmiddel, som du benyttede ved den oprindelige transaktion, medmindre andet udtrykkeligt er aftalt med dig; du vil under ingen omst\u00e6ndigheder blive opkr\u00e6vet gebyrer for denne tilbagebetaling. Vi kan tilbageholde tilbagebetalingen, indtil vi har modtaget varerne retur, eller indtil du har fremlagt dokumentation for at have sendt varerne retur, alt efter hvilket tidspunkt der er tidligst. Du skal returnere eller overdrage varerne til os straks og under alle omst\u00e6ndigheder senest fjorten dage fra den dag, hvor du informerer os om annulleringen af denne kontrakt. Fristen er overholdt, hvis du afsender varerne inden udl\u00f8bet af fristen p\u00e5 fjorten dage.<br \/>\nDu b\u00e6rer de direkte omkostninger ved at returnere varerne.<br \/>\nDu skal kun betale for eventuel v\u00e6rdiforringelse af varerne, hvis denne v\u00e6rdiforringelse skyldes h\u00e5ndtering af varerne, som ikke er n\u00f8dvendig for at kontrollere deres tilstand, egenskaber og funktionalitet.<\/p>\n<p>&nbsp;<\/p>\n<p><em>Udelukkelse eller for tidlig udl\u00f8b af fortrydelsesretten<br \/>\nFortrydelsesretten g\u00e6lder ikke for kontrakter<\/em><br \/>\nfor levering af varer, som ikke er pr\u00e6fabrikerede, og for hvis fremstilling forbrugerens individuelle valg eller bestemmelse er afg\u00f8rende, eller som klart er tilpasset forbrugerens personlige behov;<br \/>\ntil levering af varer, der hurtigt kan \u00f8del\u00e6gges, eller hvis udl\u00f8bsdato hurtigt ville blive overskredet;<br \/>\nfor levering af alkoholholdige drikkevarer, hvis pris blev aftalt ved kontraktens indg\u00e5else, men som tidligst kan leveres 30 dage efter kontraktens indg\u00e5else, og hvis aktuelle v\u00e6rdi afh\u00e6nger af udsving p\u00e5 markedet, som iv\u00e6rks\u00e6tteren ikke har nogen indflydelse p\u00e5;<br \/>\nfor levering af aviser, magasiner eller tidsskrifter med undtagelse af abonnementskontrakter.<br \/>\nFortrydelsesretten udl\u00f8ber f\u00f8r tid for kontrakter<br \/>\nfor levering af forseglede varer, der ikke er egnet til returnering af hensyn til sundhedsbeskyttelse eller hygiejne, hvis deres forsegling er blevet fjernet efter levering;<br \/>\nfor levering af varer, hvis disse er blevet uadskilleligt blandet med andre varer efter levering p\u00e5 grund af deres art;<br \/>\nfor levering af lyd- eller videooptagelser eller computersoftware i en forseglet pakke, hvis forseglingen er blevet fjernet efter levering.<\/p>\n<p><strong>Fortrydelsesret for forbrugere i forbindelse med en aftale om levering af varer i flere rater eller dele<\/strong><\/p>\n<p><em>Politik for afbestilling<\/em><br \/>\nEn forbruger er enhver fysisk person, der indg\u00e5r en juridisk transaktion til form\u00e5l, der overvejende ligger uden for deres handel, forretning eller erhverv.<\/p>\n<p><em>Ret til annullering<\/em><br \/>\nDu har ret til at annullere denne kontrakt inden for fjorten dage uden at angive nogen grund. Fortrydelsesfristen er fjorten dage fra den dag, hvor du eller en tredjepart, som du har udpeget, og som ikke er transport\u00f8ren, har taget den sidste delforsendelse eller den sidste vare i besiddelse. For at ud\u00f8ve fortrydelsesretten skal du informere os ([ Feuer &amp; Flamme GmbH Am Redder 1 24558 Henstedt-Ulzburg, +49 40 58 50 07, E-Mail info@feuer-flamme.de Fax +49 40 - 58 70 13 . ) ved hj\u00e6lp af en tydelig erkl\u00e6ring (f.eks. et brev sendt med post, fax eller e-mail) om din beslutning om at annullere denne kontrakt. For at overholde fortrydelsesfristen er det tilstr\u00e6kkeligt, at du sender din meddelelse om ud\u00f8velse af fortrydelsesretten, inden fortrydelsesfristen er udl\u00f8bet.<\/p>\n<p><em>Konsekvenser af annullering<\/em><br \/>\nHvis du fortryder denne aftale, refunderer vi alle betalinger modtaget fra dig, herunder leveringsomkostninger (med undtagelse af ekstra omkostninger som f\u00f8lge af dit valg af en anden type levering end den billigste form for standardlevering, som vi tilbyder), uden un\u00f8dig forsinkelse og under alle omst\u00e6ndigheder senest 14 dage fra den dag, hvor vi har modtaget meddelelse om din beslutning om at fortryde denne aftale. Til denne tilbagebetaling benytter vi samme betalingsmiddel, som du benyttede ved den oprindelige transaktion, medmindre andet udtrykkeligt er aftalt med dig; du vil under ingen omst\u00e6ndigheder blive opkr\u00e6vet gebyrer for denne tilbagebetaling. Vi kan tilbageholde tilbagebetalingen, indtil vi har modtaget varerne retur, eller indtil du har fremlagt dokumentation for at have sendt varerne retur, alt efter hvilket tidspunkt der er tidligst. Du skal returnere eller overdrage varerne til os straks og under alle omst\u00e6ndigheder senest fjorten dage fra den dag, hvor du informerer os om annulleringen af denne kontrakt. Fristen er overholdt, hvis du afsender varerne inden udl\u00f8bet af fristen p\u00e5 fjorten dage.<br \/>\nDu b\u00e6rer de direkte omkostninger ved at returnere varerne.<br \/>\nDu skal kun betale for eventuel v\u00e6rdiforringelse af varerne, hvis denne v\u00e6rdiforringelse skyldes h\u00e5ndtering af varerne, som ikke er n\u00f8dvendig for at kontrollere deres tilstand, egenskaber og funktionalitet.<\/p>\n<p>&nbsp;<\/p>\n<p><em>Udelukkelse eller for tidlig udl\u00f8b af fortrydelsesretten<br \/>\nFortrydelsesretten g\u00e6lder ikke for kontrakter<\/em><br \/>\nfor levering af varer, som ikke er pr\u00e6fabrikerede, og for hvis fremstilling forbrugerens individuelle valg eller bestemmelse er afg\u00f8rende, eller som klart er tilpasset forbrugerens personlige behov;<br \/>\ntil levering af varer, der hurtigt kan \u00f8del\u00e6gges, eller hvis udl\u00f8bsdato hurtigt ville blive overskredet;<br \/>\nfor levering af alkoholholdige drikkevarer, hvis pris blev aftalt ved kontraktens indg\u00e5else, men som tidligst kan leveres 30 dage efter kontraktens indg\u00e5else, og hvis aktuelle v\u00e6rdi afh\u00e6nger af udsving p\u00e5 markedet, som iv\u00e6rks\u00e6tteren ikke har nogen indflydelse p\u00e5;<br \/>\nfor levering af aviser, magasiner eller tidsskrifter med undtagelse af abonnementskontrakter.<br \/>\nFortrydelsesretten udl\u00f8ber f\u00f8r tid for kontrakter<br \/>\nfor levering af forseglede varer, der ikke er egnet til returnering af hensyn til sundhedsbeskyttelse eller hygiejne, hvis deres forsegling er blevet fjernet efter levering;<br \/>\nfor levering af varer, hvis disse er blevet uadskilleligt blandet med andre varer efter levering p\u00e5 grund af deres art;<br \/>\nfor levering af lyd- eller videooptagelser eller computersoftware i en forseglet pakke, hvis forseglingen er blevet fjernet efter levering;<\/p>\n<p>&nbsp;<\/p>\n<p>&nbsp;<\/p>\n<\/div>","protected":false},"excerpt":{"rendered":"<p>Fortrydelsesret for forbrugere for en kontrakt, hvor varerne leveres i en enkelt leverance Fortrydelsesret En forbruger er enhver person, der<\/p>","protected":false},"author":1,"featured_media":0,"parent":0,"menu_order":0,"comment_status":"closed","ping_status":"closed","template":"","meta":{"footnotes":""},"class_list":["post-51","page","type-page","status-publish","hentry"],"yoast_head":"<!-- This site is optimized with the Yoast SEO Premium plugin v27.5 (Yoast SEO v27.5) - https:\/\/yoast.com\/product\/yoast-seo-premium-wordpress\/ -->\n<title>Widerruf - Feuer und Flamme<\/title>\n<meta name=\"robots\" content=\"index, follow, max-snippet:-1, max-image-preview:large, max-video-preview:-1\" \/>\n<link rel=\"canonical\" href=\"https:\/\/www.feuer-flamme.com\/da\/tilbagekaldelse\/\" \/>\n<meta property=\"og:locale\" content=\"da_DK\" \/>\n<meta property=\"og:type\" content=\"article\" \/>\n<meta property=\"og:title\" content=\"Widerruf\" \/>\n<meta property=\"og:description\" content=\"Widerrufsbelehrung f\u00fcr Verbraucher f\u00fcr einen Vertrag, bei dem die Waren in einer einheitlichen Lieferung geliefert werden Widerrufsbelehrung Verbraucher ist jede\" \/>\n<meta property=\"og:url\" content=\"https:\/\/www.feuer-flamme.com\/da\/tilbagekaldelse\/\" \/>\n<meta property=\"og:site_name\" content=\"Feuer und Flamme\" \/>\n<meta property=\"article:publisher\" content=\"https:\/\/www.facebook.com\/feuer.flamme.kaminofen\/\" \/>\n<meta property=\"article:modified_time\" content=\"2020-09-17T15:12:01+00:00\" \/>\n<meta name=\"twitter:card\" content=\"summary_large_image\" \/>\n<meta name=\"twitter:label1\" content=\"Estimeret l\u00e6setid\" \/>\n\t<meta name=\"twitter:data1\" content=\"9 minutter\" \/>\n<script type=\"application\/ld+json\" class=\"yoast-schema-graph\">{\"@context\":\"https:\\\/\\\/schema.org\",\"@graph\":[{\"@type\":\"WebPage\",\"@id\":\"https:\\\/\\\/www.feuer-flamme.com\\\/widerruf\",\"url\":\"https:\\\/\\\/www.feuer-flamme.com\\\/widerruf\",\"name\":\"Widerruf - Feuer und Flamme\",\"isPartOf\":{\"@id\":\"https:\\\/\\\/www.feuer-flamme.com\\\/#website\"},\"datePublished\":\"2020-02-17T14:29:52+00:00\",\"dateModified\":\"2020-09-17T15:12:01+00:00\",\"breadcrumb\":{\"@id\":\"https:\\\/\\\/www.feuer-flamme.com\\\/widerruf#breadcrumb\"},\"inLanguage\":\"da-DK\",\"potentialAction\":[{\"@type\":\"ReadAction\",\"target\":[\"https:\\\/\\\/www.feuer-flamme.com\\\/widerruf\"]}]},{\"@type\":\"BreadcrumbList\",\"@id\":\"https:\\\/\\\/www.feuer-flamme.com\\\/widerruf#breadcrumb\",\"itemListElement\":[{\"@type\":\"ListItem\",\"position\":1,\"name\":\"Startseite\",\"item\":\"https:\\\/\\\/www.feuer-flamme.com\\\/\"},{\"@type\":\"ListItem\",\"position\":2,\"name\":\"Widerruf\"}]},{\"@type\":\"WebSite\",\"@id\":\"https:\\\/\\\/www.feuer-flamme.com\\\/#website\",\"url\":\"https:\\\/\\\/www.feuer-flamme.com\\\/\",\"name\":\"Feuer und Flamme\",\"description\":\"Kamin\u00d6fen\",\"publisher\":{\"@id\":\"https:\\\/\\\/www.feuer-flamme.com\\\/#organization\"},\"potentialAction\":[{\"@type\":\"SearchAction\",\"target\":{\"@type\":\"EntryPoint\",\"urlTemplate\":\"https:\\\/\\\/www.feuer-flamme.com\\\/?s={search_term_string}\"},\"query-input\":{\"@type\":\"PropertyValueSpecification\",\"valueRequired\":true,\"valueName\":\"search_term_string\"}}],\"inLanguage\":\"da-DK\"},{\"@type\":\"Organization\",\"@id\":\"https:\\\/\\\/www.feuer-flamme.com\\\/#organization\",\"name\":\"Feuer & Flamme GmbH\",\"url\":\"https:\\\/\\\/www.feuer-flamme.com\\\/\",\"logo\":{\"@type\":\"ImageObject\",\"inLanguage\":\"da-DK\",\"@id\":\"https:\\\/\\\/www.feuer-flamme.com\\\/#\\\/schema\\\/logo\\\/image\\\/\",\"url\":\"https:\\\/\\\/www.feuer-flamme.com\\\/wp-content\\\/uploads\\\/2020\\\/02\\\/Logo.jpg\",\"contentUrl\":\"https:\\\/\\\/www.feuer-flamme.com\\\/wp-content\\\/uploads\\\/2020\\\/02\\\/Logo.jpg\",\"width\":150,\"height\":150,\"caption\":\"Feuer & Flamme GmbH\"},\"image\":{\"@id\":\"https:\\\/\\\/www.feuer-flamme.com\\\/#\\\/schema\\\/logo\\\/image\\\/\"},\"sameAs\":[\"https:\\\/\\\/www.facebook.com\\\/feuer.flamme.kaminofen\\\/\"]}]}<\/script>\n<!-- \/ Yoast SEO Premium plugin. -->","yoast_head_json":{"title":"Tilbagekaldelse - Feuer und Flamme","robots":{"index":"index","follow":"follow","max-snippet":"max-snippet:-1","max-image-preview":"max-image-preview:large","max-video-preview":"max-video-preview:-1"},"canonical":"https:\/\/www.feuer-flamme.com\/da\/tilbagekaldelse\/","og_locale":"da_DK","og_type":"article","og_title":"Widerruf","og_description":"Widerrufsbelehrung f\u00fcr Verbraucher f\u00fcr einen Vertrag, bei dem die Waren in einer einheitlichen Lieferung geliefert werden Widerrufsbelehrung Verbraucher ist jede","og_url":"https:\/\/www.feuer-flamme.com\/da\/tilbagekaldelse\/","og_site_name":"Feuer und Flamme","article_publisher":"https:\/\/www.facebook.com\/feuer.flamme.kaminofen\/","article_modified_time":"2020-09-17T15:12:01+00:00","twitter_card":"summary_large_image","twitter_misc":{"Estimeret l\u00e6setid":"9 minutter"},"schema":{"@context":"https:\/\/schema.org","@graph":[{"@type":"WebPage","@id":"https:\/\/www.feuer-flamme.com\/widerruf","url":"https:\/\/www.feuer-flamme.com\/widerruf","name":"Tilbagekaldelse - Feuer und Flamme","isPartOf":{"@id":"https:\/\/www.feuer-flamme.com\/#website"},"datePublished":"2020-02-17T14:29:52+00:00","dateModified":"2020-09-17T15:12:01+00:00","breadcrumb":{"@id":"https:\/\/www.feuer-flamme.com\/widerruf#breadcrumb"},"inLanguage":"da-DK","potentialAction":[{"@type":"ReadAction","target":["https:\/\/www.feuer-flamme.com\/widerruf"]}]},{"@type":"BreadcrumbList","@id":"https:\/\/www.feuer-flamme.com\/widerruf#breadcrumb","itemListElement":[{"@type":"ListItem","position":1,"name":"Startseite","item":"https:\/\/www.feuer-flamme.com\/"},{"@type":"ListItem","position":2,"name":"Widerruf"}]},{"@type":"WebSite","@id":"https:\/\/www.feuer-flamme.com\/#website","url":"https:\/\/www.feuer-flamme.com\/","name":"Feuer und Flamme","description":"Komfurer","publisher":{"@id":"https:\/\/www.feuer-flamme.com\/#organization"},"potentialAction":[{"@type":"SearchAction","target":{"@type":"EntryPoint","urlTemplate":"https:\/\/www.feuer-flamme.com\/?s={search_term_string}"},"query-input":{"@type":"PropertyValueSpecification","valueRequired":true,"valueName":"search_term_string"}}],"inLanguage":"da-DK"},{"@type":"Organization","@id":"https:\/\/www.feuer-flamme.com\/#organization","name":"Feuer &amp; Flamme Ltd.","url":"https:\/\/www.feuer-flamme.com\/","logo":{"@type":"ImageObject","inLanguage":"da-DK","@id":"https:\/\/www.feuer-flamme.com\/#\/schema\/logo\/image\/","url":"https:\/\/www.feuer-flamme.com\/wp-content\/uploads\/2020\/02\/Logo.jpg","contentUrl":"https:\/\/www.feuer-flamme.com\/wp-content\/uploads\/2020\/02\/Logo.jpg","width":150,"height":150,"caption":"Feuer & Flamme GmbH"},"image":{"@id":"https:\/\/www.feuer-flamme.com\/#\/schema\/logo\/image\/"},"sameAs":["https:\/\/www.facebook.com\/feuer.flamme.kaminofen\/"]}]}},"_links":{"self":[{"href":"https:\/\/www.feuer-flamme.com\/da\/wp-json\/wp\/v2\/pages\/51","targetHints":{"allow":["GET"]}}],"collection":[{"href":"https:\/\/www.feuer-flamme.com\/da\/wp-json\/wp\/v2\/pages"}],"about":[{"href":"https:\/\/www.feuer-flamme.com\/da\/wp-json\/wp\/v2\/types\/page"}],"author":[{"embeddable":true,"href":"https:\/\/www.feuer-flamme.com\/da\/wp-json\/wp\/v2\/users\/1"}],"replies":[{"embeddable":true,"href":"https:\/\/www.feuer-flamme.com\/da\/wp-json\/wp\/v2\/comments?post=51"}],"version-history":[{"count":0,"href":"https:\/\/www.feuer-flamme.com\/da\/wp-json\/wp\/v2\/pages\/51\/revisions"}],"wp:attachment":[{"href":"https:\/\/www.feuer-flamme.com\/da\/wp-json\/wp\/v2\/media?parent=51"}],"curies":[{"name":"wp","href":"https:\/\/api.w.org\/{rel}","templated":true}]}}