{"id":3419,"date":"2020-06-28T15:33:42","date_gmt":"2020-06-28T15:33:42","guid":{"rendered":"http:\/\/feuer-flamme.org\/?post_type=product&#038;p=3419"},"modified":"2024-12-13T12:20:00","modified_gmt":"2024-12-13T12:20:00","slug":"ovnror-100-cm-sort-130mm","status":"publish","type":"product","link":"https:\/\/www.feuer-flamme.com\/da\/produkt\/ofenrohr-100-cm-schwarz-130mm","title":{"rendered":"Ovnr\u00f8r 100 cm sort 130mm"},"content":{"rendered":"<div class=\"wpb-content-wrapper\"><div class=\"vc_row wpb_row vc_row-fluid\"><div class=\"wpb_column vc_column_container vc_col-sm-12\"><div class=\"vc_column-inner\"><div class=\"wpb_wrapper\">\n\t<div class=\"wpb_text_column wpb_content_element\" >\n\t\t<div class=\"wpb_wrapper\">\n\t\t\t<p>Forl\u00e6ngerstykke \u00d8 130, 1000 mm, sort<\/p>\n<p><u>tekniske data:<\/u><\/p>\n<p>Materiale: 2 mm st\u00e5l<br \/>\nFarve: sort<br \/>\nL\u00e6ngde: 1000 mm<br \/>\nL\u00e6ngde p\u00e5 konus: 45 mm<\/p>\n<p>Se teknisk tegning for yderligere detaljer.<\/p>\n<p>Afstand til br\u00e6ndbare materialer: 450 mm<br \/>\nAfstand med simpel str\u00e5lingsbeskyttelse: 400 mm<br \/>\nAfstand med dobbelt str\u00e5lingsbeskyttelse: 300 mm<br \/>\nModstandsdygtighed over for sodbrand: ja<\/p>\n<p><u>tekniske specifikationer:<\/u><\/p>\n<p>CE-m\u00e6rkning: ja<br \/>\nDIN EN 1856-2<br \/>\n07<br \/>\n0036 CPD 91268 001<br \/>\nT400-N1-D-VmL01200-G450N<\/p>\n\n\t\t<\/div>\n\t<\/div>\n<style data-type=\"vc_shortcodes-custom-css\">.vc_custom_1733308228591{margin-top: 0% !important;margin-right: 0% !important;margin-bottom: 0% !important;margin-left: 0% !important;border-top-width: 1px !important;border-right-width: 1px !important;border-bottom-width: 1px !important;border-left-width: 1px !important;padding-left: 4% !important;border-color: #E5E5E5 !important;}.vc_custom_1734005188032{border-top-width: 1px !important;border-right-width: 1px !important;border-bottom-width: 1px !important;border-left-width: 1px !important;padding-top: 4% !important;padding-right: 4% !important;padding-bottom: 4% !important;padding-left: 4% !important;border-left-style: solid !important;border-right-style: solid !important;border-top-style: solid !important;border-bottom-style: solid !important;border-radius: 1px !important;border-color: #E5E5E5 !important;}<\/style><div class=\"wpb-content-wrapper\"><div class=\"vc_row wpb_row vc_row-fluid\"><div class=\"wpb_column vc_column_container vc_col-sm-12 vc_col-has-fill wd-rs-67502f36d4460\"><div class=\"vc_column-inner vc_custom_1733308228591\"><div class=\"wpb_wrapper\">\n\t<div class=\"wpb_text_column wpb_content_element vc_custom_1734005188032\" >\n\t\t<div class=\"wpb_wrapper\">\n\t\t\t<p><strong>Regulering af produktsikkerhed<\/strong><br \/>\n\u00d8konomisk akt\u00f8r Navn: Color Emajl d.o.o.<br \/>\nAdresse: Alaginci 87\/a, 34000 Po\u017eega, Kroatien<br \/>\nE-mail: info@color.hr<\/p>\n\n\t\t<\/div>\n\t<\/div>\n<\/div><\/div><\/div><\/div><\/div><\/div><\/div><\/div><\/div>\n<\/div>","protected":false},"excerpt":{"rendered":"<p>Forl\u00e6ngerstykke 50 cm 130 mm sort<\/p>","protected":false},"featured_media":3373,"template":"","meta":[],"product_brand":[],"product_cat":[127],"product_tag":[192],"class_list":{"0":"post-3419","1":"product","2":"type-product","3":"status-publish","4":"has-post-thumbnail","6":"product_cat-ofenrohre","7":"product_tag-ofenrohr-50-cm-150mm-schwarz","8":"product_shipping_class-feuer-und-flamme","9":"pa_hersteller-feuerund-flamme","10":"pa_o-130mm","11":"pa_versandkosten-238","13":"first","14":"instock","15":"taxable","16":"shipping-taxable","17":"purchasable","18":"product-type-simple"},"yoast_head":"<!-- This site is optimized with the Yoast SEO Premium plugin v27.5 (Yoast SEO v27.5) - https:\/\/yoast.com\/product\/yoast-seo-premium-wordpress\/ -->\n<title>Ofenrohr 100 cm schwarz 130mm - Feuer und Flamme<\/title>\n<meta name=\"robots\" content=\"index, follow, max-snippet:-1, max-image-preview:large, max-video-preview:-1\" \/>\n<link rel=\"canonical\" href=\"https:\/\/www.feuer-flamme.com\/da\/vare\/ovnror-100-cm-sort-130mm\/\" \/>\n<meta property=\"og:locale\" content=\"da_DK\" \/>\n<meta property=\"og:type\" content=\"article\" \/>\n<meta property=\"og:title\" content=\"Ofenrohr 100 cm schwarz 130mm\" \/>\n<meta property=\"og:description\" content=\"Verl\u00e4ngerungst\u00fcck 50 cm 130 mm schwarz\" \/>\n<meta property=\"og:url\" content=\"https:\/\/www.feuer-flamme.com\/da\/vare\/ovnror-100-cm-sort-130mm\/\" \/>\n<meta property=\"og:site_name\" content=\"Feuer und Flamme\" \/>\n<meta property=\"article:publisher\" content=\"https:\/\/www.facebook.com\/feuer.flamme.kaminofen\/\" \/>\n<meta property=\"article:modified_time\" content=\"2024-12-13T12:20:00+00:00\" \/>\n<meta property=\"og:image\" content=\"https:\/\/www.feuer-flamme.com\/wp-content\/uploads\/2020\/06\/50cm150schwarz.jpg\" \/>\n\t<meta property=\"og:image:width\" content=\"500\" \/>\n\t<meta property=\"og:image:height\" content=\"400\" \/>\n\t<meta property=\"og:image:type\" content=\"image\/jpeg\" \/>\n<meta name=\"twitter:card\" content=\"summary_large_image\" \/>\n<meta name=\"twitter:label1\" content=\"Pris\" \/>\n\t<meta name=\"twitter:data1\" content=\"&euro;46,00\" \/>\n\t<meta name=\"twitter:label2\" content=\"Tilg\u00e6ngelighed\" \/>\n\t<meta name=\"twitter:data2\" content=\"P\u00e5 lager\" \/>\n<script type=\"application\/ld+json\" class=\"yoast-schema-graph\">{\"@context\":\"https:\\\/\\\/schema.org\",\"@graph\":[{\"@type\":\"WebPage\",\"@id\":\"https:\\\/\\\/www.feuer-flamme.com\\\/produkt\\\/ofenrohr-100-cm-schwarz-130mm\",\"url\":\"https:\\\/\\\/www.feuer-flamme.com\\\/produkt\\\/ofenrohr-100-cm-schwarz-130mm\",\"name\":\"Ofenrohr 100 cm schwarz 130mm - Feuer und Flamme\",\"isPartOf\":{\"@id\":\"https:\\\/\\\/www.feuer-flamme.com\\\/#website\"},\"primaryImageOfPage\":{\"@id\":\"https:\\\/\\\/www.feuer-flamme.com\\\/produkt\\\/ofenrohr-100-cm-schwarz-130mm#primaryimage\"},\"image\":{\"@id\":\"https:\\\/\\\/www.feuer-flamme.com\\\/produkt\\\/ofenrohr-100-cm-schwarz-130mm#primaryimage\"},\"thumbnailUrl\":\"https:\\\/\\\/www.feuer-flamme.com\\\/wp-content\\\/uploads\\\/2020\\\/06\\\/50cm150schwarz.jpg\",\"datePublished\":\"2020-06-28T15:33:42+00:00\",\"dateModified\":\"2024-12-13T12:20:00+00:00\",\"breadcrumb\":{\"@id\":\"https:\\\/\\\/www.feuer-flamme.com\\\/produkt\\\/ofenrohr-100-cm-schwarz-130mm#breadcrumb\"},\"inLanguage\":\"da-DK\",\"potentialAction\":[{\"@type\":\"ReadAction\",\"target\":[\"https:\\\/\\\/www.feuer-flamme.com\\\/produkt\\\/ofenrohr-100-cm-schwarz-130mm\"]}]},{\"@type\":\"ImageObject\",\"inLanguage\":\"da-DK\",\"@id\":\"https:\\\/\\\/www.feuer-flamme.com\\\/produkt\\\/ofenrohr-100-cm-schwarz-130mm#primaryimage\",\"url\":\"https:\\\/\\\/www.feuer-flamme.com\\\/wp-content\\\/uploads\\\/2020\\\/06\\\/50cm150schwarz.jpg\",\"contentUrl\":\"https:\\\/\\\/www.feuer-flamme.com\\\/wp-content\\\/uploads\\\/2020\\\/06\\\/50cm150schwarz.jpg\",\"width\":500,\"height\":400,\"caption\":\"Ein schwarzes Ofenrohr mit einer L\u00e4nge von 150 cm ist abgebildet. Das Rohr ist zylindrisch, glatt und dient zur sicheren Ableitung von Rauch aus einem Kaminofen. Es passt ideal f\u00fcr moderne Holz\u00f6fen und sorgt f\u00fcr eine effiziente Rauchgasf\u00fchrung.\"},{\"@type\":\"BreadcrumbList\",\"@id\":\"https:\\\/\\\/www.feuer-flamme.com\\\/produkt\\\/ofenrohr-100-cm-schwarz-130mm#breadcrumb\",\"itemListElement\":[{\"@type\":\"ListItem\",\"position\":1,\"name\":\"Startseite\",\"item\":\"https:\\\/\\\/www.feuer-flamme.com\\\/\"},{\"@type\":\"ListItem\",\"position\":2,\"name\":\"Feuer &#038; Flamme Kamin\u00f6fen\",\"item\":\"https:\\\/\\\/www.feuer-flamme.com\\\/shop\"},{\"@type\":\"ListItem\",\"position\":3,\"name\":\"Ofenrohr 100 cm schwarz 130mm\"}]},{\"@type\":\"WebSite\",\"@id\":\"https:\\\/\\\/www.feuer-flamme.com\\\/#website\",\"url\":\"https:\\\/\\\/www.feuer-flamme.com\\\/\",\"name\":\"Feuer und Flamme\",\"description\":\"Kamin\u00d6fen\",\"publisher\":{\"@id\":\"https:\\\/\\\/www.feuer-flamme.com\\\/#organization\"},\"potentialAction\":[{\"@type\":\"SearchAction\",\"target\":{\"@type\":\"EntryPoint\",\"urlTemplate\":\"https:\\\/\\\/www.feuer-flamme.com\\\/?s={search_term_string}\"},\"query-input\":{\"@type\":\"PropertyValueSpecification\",\"valueRequired\":true,\"valueName\":\"search_term_string\"}}],\"inLanguage\":\"da-DK\"},{\"@type\":\"Organization\",\"@id\":\"https:\\\/\\\/www.feuer-flamme.com\\\/#organization\",\"name\":\"Feuer & Flamme GmbH\",\"url\":\"https:\\\/\\\/www.feuer-flamme.com\\\/\",\"logo\":{\"@type\":\"ImageObject\",\"inLanguage\":\"da-DK\",\"@id\":\"https:\\\/\\\/www.feuer-flamme.com\\\/#\\\/schema\\\/logo\\\/image\\\/\",\"url\":\"https:\\\/\\\/www.feuer-flamme.com\\\/wp-content\\\/uploads\\\/2020\\\/02\\\/Logo.jpg\",\"contentUrl\":\"https:\\\/\\\/www.feuer-flamme.com\\\/wp-content\\\/uploads\\\/2020\\\/02\\\/Logo.jpg\",\"width\":150,\"height\":150,\"caption\":\"Feuer & Flamme GmbH\"},\"image\":{\"@id\":\"https:\\\/\\\/www.feuer-flamme.com\\\/#\\\/schema\\\/logo\\\/image\\\/\"},\"sameAs\":[\"https:\\\/\\\/www.facebook.com\\\/feuer.flamme.kaminofen\\\/\"]}]}<\/script>\n<meta property=\"product:brand\" content=\"Feuer und Flamme\" \/>\n<meta property=\"product:price:amount\" content=\"46.00\" \/>\n<meta property=\"product:price:currency\" content=\"EUR\" \/>\n<meta property=\"og:availability\" content=\"instock\" \/>\n<meta property=\"product:availability\" content=\"instock\" \/>\n<meta property=\"product:retailer_item_id\" content=\"020236\" \/>\n<meta property=\"product:condition\" content=\"new\" \/>\n<!-- \/ Yoast SEO Premium plugin. -->","yoast_head_json":{"title":"Ovnr\u00f8r 100 cm sort 130mm - Feuer und Flamme","robots":{"index":"index","follow":"follow","max-snippet":"max-snippet:-1","max-image-preview":"max-image-preview:large","max-video-preview":"max-video-preview:-1"},"canonical":"https:\/\/www.feuer-flamme.com\/da\/vare\/ovnror-100-cm-sort-130mm\/","og_locale":"da_DK","og_type":"article","og_title":"Ofenrohr 100 cm schwarz 130mm","og_description":"Verl\u00e4ngerungst\u00fcck 50 cm 130 mm schwarz","og_url":"https:\/\/www.feuer-flamme.com\/da\/vare\/ovnror-100-cm-sort-130mm\/","og_site_name":"Feuer und Flamme","article_publisher":"https:\/\/www.facebook.com\/feuer.flamme.kaminofen\/","article_modified_time":"2024-12-13T12:20:00+00:00","og_image":[{"width":500,"height":400,"url":"https:\/\/www.feuer-flamme.com\/wp-content\/uploads\/2020\/06\/50cm150schwarz.jpg","type":"image\/jpeg"}],"twitter_card":"summary_large_image","twitter_misc":{"Pris":"&euro;46,00","Tilg\u00e6ngelighed":"P\u00e5 lager"},"schema":{"@context":"https:\/\/schema.org","@graph":[{"@type":"WebPage","@id":"https:\/\/www.feuer-flamme.com\/produkt\/ofenrohr-100-cm-schwarz-130mm","url":"https:\/\/www.feuer-flamme.com\/produkt\/ofenrohr-100-cm-schwarz-130mm","name":"Ovnr\u00f8r 100 cm sort 130mm - Feuer und Flamme","isPartOf":{"@id":"https:\/\/www.feuer-flamme.com\/#website"},"primaryImageOfPage":{"@id":"https:\/\/www.feuer-flamme.com\/produkt\/ofenrohr-100-cm-schwarz-130mm#primaryimage"},"image":{"@id":"https:\/\/www.feuer-flamme.com\/produkt\/ofenrohr-100-cm-schwarz-130mm#primaryimage"},"thumbnailUrl":"https:\/\/www.feuer-flamme.com\/wp-content\/uploads\/2020\/06\/50cm150schwarz.jpg","datePublished":"2020-06-28T15:33:42+00:00","dateModified":"2024-12-13T12:20:00+00:00","breadcrumb":{"@id":"https:\/\/www.feuer-flamme.com\/produkt\/ofenrohr-100-cm-schwarz-130mm#breadcrumb"},"inLanguage":"da-DK","potentialAction":[{"@type":"ReadAction","target":["https:\/\/www.feuer-flamme.com\/produkt\/ofenrohr-100-cm-schwarz-130mm"]}]},{"@type":"ImageObject","inLanguage":"da-DK","@id":"https:\/\/www.feuer-flamme.com\/produkt\/ofenrohr-100-cm-schwarz-130mm#primaryimage","url":"https:\/\/www.feuer-flamme.com\/wp-content\/uploads\/2020\/06\/50cm150schwarz.jpg","contentUrl":"https:\/\/www.feuer-flamme.com\/wp-content\/uploads\/2020\/06\/50cm150schwarz.jpg","width":500,"height":400,"caption":"Ein schwarzes Ofenrohr mit einer L\u00e4nge von 150 cm ist abgebildet. Das Rohr ist zylindrisch, glatt und dient zur sicheren Ableitung von Rauch aus einem Kaminofen. Es passt ideal f\u00fcr moderne Holz\u00f6fen und sorgt f\u00fcr eine effiziente Rauchgasf\u00fchrung."},{"@type":"BreadcrumbList","@id":"https:\/\/www.feuer-flamme.com\/produkt\/ofenrohr-100-cm-schwarz-130mm#breadcrumb","itemListElement":[{"@type":"ListItem","position":1,"name":"Startseite","item":"https:\/\/www.feuer-flamme.com\/"},{"@type":"ListItem","position":2,"name":"Feuer &#038; Flamme Kamin\u00f6fen","item":"https:\/\/www.feuer-flamme.com\/shop"},{"@type":"ListItem","position":3,"name":"Ofenrohr 100 cm schwarz 130mm"}]},{"@type":"WebSite","@id":"https:\/\/www.feuer-flamme.com\/#website","url":"https:\/\/www.feuer-flamme.com\/","name":"Feuer und Flamme","description":"Komfurer","publisher":{"@id":"https:\/\/www.feuer-flamme.com\/#organization"},"potentialAction":[{"@type":"SearchAction","target":{"@type":"EntryPoint","urlTemplate":"https:\/\/www.feuer-flamme.com\/?s={search_term_string}"},"query-input":{"@type":"PropertyValueSpecification","valueRequired":true,"valueName":"search_term_string"}}],"inLanguage":"da-DK"},{"@type":"Organization","@id":"https:\/\/www.feuer-flamme.com\/#organization","name":"Feuer &amp; Flamme Ltd.","url":"https:\/\/www.feuer-flamme.com\/","logo":{"@type":"ImageObject","inLanguage":"da-DK","@id":"https:\/\/www.feuer-flamme.com\/#\/schema\/logo\/image\/","url":"https:\/\/www.feuer-flamme.com\/wp-content\/uploads\/2020\/02\/Logo.jpg","contentUrl":"https:\/\/www.feuer-flamme.com\/wp-content\/uploads\/2020\/02\/Logo.jpg","width":150,"height":150,"caption":"Feuer & Flamme GmbH"},"image":{"@id":"https:\/\/www.feuer-flamme.com\/#\/schema\/logo\/image\/"},"sameAs":["https:\/\/www.facebook.com\/feuer.flamme.kaminofen\/"]}]},"product_brand":"Feuer und Flamme","product_price_amount":"46.00","product_price_currency":"EUR","og_availability":"instock","product_availability":"instock","product_retailer_item_id":"020236","product_condition":"new"},"_links":{"self":[{"href":"https:\/\/www.feuer-flamme.com\/da\/wp-json\/wp\/v2\/product\/3419","targetHints":{"allow":["GET"]}}],"collection":[{"href":"https:\/\/www.feuer-flamme.com\/da\/wp-json\/wp\/v2\/product"}],"about":[{"href":"https:\/\/www.feuer-flamme.com\/da\/wp-json\/wp\/v2\/types\/product"}],"wp:featuredmedia":[{"embeddable":true,"href":"https:\/\/www.feuer-flamme.com\/da\/wp-json\/wp\/v2\/media\/3373"}],"wp:attachment":[{"href":"https:\/\/www.feuer-flamme.com\/da\/wp-json\/wp\/v2\/media?parent=3419"}],"wp:term":[{"taxonomy":"product_brand","embeddable":true,"href":"https:\/\/www.feuer-flamme.com\/da\/wp-json\/wp\/v2\/product_brand?post=3419"},{"taxonomy":"product_cat","embeddable":true,"href":"https:\/\/www.feuer-flamme.com\/da\/wp-json\/wp\/v2\/product_cat?post=3419"},{"taxonomy":"product_tag","embeddable":true,"href":"https:\/\/www.feuer-flamme.com\/da\/wp-json\/wp\/v2\/product_tag?post=3419"}],"curies":[{"name":"wp","href":"https:\/\/api.w.org\/{rel}","templated":true}]}}