{"id":4353,"date":"2020-09-09T14:13:57","date_gmt":"2020-09-09T14:13:57","guid":{"rendered":"https:\/\/feuer-flamme.com\/?post_type=product&#038;p=4353"},"modified":"2025-02-10T10:50:37","modified_gmt":"2025-02-10T10:50:37","slug":"radio-udstodningsluftkontrol-premium-som-7040-med-dibt-godkendelse","status":"publish","type":"product","link":"https:\/\/www.feuer-flamme.com\/da\/produkt\/funk-abluftsteuerung-premium-as-7040-mit-dibt-zulassung","title":{"rendered":"AS-7040"},"content":{"rendered":"<div class=\"wpb-content-wrapper\"><div class=\"vc_row wpb_row vc_row-fluid vc_custom_1599662442470 vc_row-has-fill\"><div class=\"wpb_column vc_column_container vc_col-sm-12\"><div class=\"vc_column-inner\"><div class=\"wpb_wrapper\">\n\t<div class=\"wpb_text_column wpb_content_element\" >\n\t\t<div class=\"wpb_wrapper\">\n\t\t\t<h4>PRODUKTBESKRIVELSE<\/h4>\n<ul>\n<li>Producentens produktkode: AS-7040<\/li>\n<li>DIBT-godkendelse: Z-85.2-19<\/li>\n<li>Sparer varmeudgifter og undg\u00e5r un\u00f8dvendig kontinuerlig ventilation<\/li>\n<li>Termisk sensor: kabell\u00e6ngde 2 m<\/li>\n<li>Sender til rulleskodder<\/li>\n<li>Indstikssikring inkl. hovedafbryder til Schuko- og Euro-stik<\/li>\n<li>Tr\u00e5dl\u00f8s vindueskontakt i minihus, hus i hvid og brun (til tr\u00e6vinduer)<\/li>\n<li>Batterilevetid p\u00e5 senderen op til 5 \u00e5r<\/li>\n<li>Maksimal belastningskapacitet 1800 watt (8A), driftssp\u00e6nding 230V\/50 Hz<\/li>\n<li>Radioens r\u00e6kkevidde er op til 50 meter (frit felt)<\/li>\n<li>Radiofrekvens:868 MHz (kodet)<\/li>\n<\/ul>\n<p class=\"bodytext\"><strong>Kan udvides:<\/strong><\/p>\n<ul>\n<li>Op til 16 radiosendere kan programmeres<\/li>\n<li>Disse kan forbindes individuelt eller i serie<\/li>\n<\/ul>\n<p class=\"bodytext\"><strong>Valgfri ekstra sendere:<\/strong><\/p>\n<ul>\n<li>Mod. AS T30 Ekstra termosender (f.eks. ved drift af en ekstra br\u00e6ndeovn\/pejs)<\/li>\n<li>Mod. AS F20 Ekstra vinduesender (f.eks. til en eksisterende udestue eller \u00e5bning af et ekstra vindue)<\/li>\n<li>Mod. AS R40 Ekstra rulleskoddetransmitter (f.eks. ved betjening af et opstr\u00f8ms rulleskodde skal kunden s\u00f8rge for en 5 m kabelgennemf\u00f8ring til rulleskoddet)<\/li>\n<\/ul>\n<p class=\"bodytext\"><strong>Leveringsomfang:<\/strong><\/p>\n<ul>\n<li>1 x sender til vindue med magnetisk kontakt + udskiftningsenhed i brun<\/li>\n<li>1 x sender til rulleskodder<\/li>\n<li>2 x CR7477A-batterier<\/li>\n<li>1 x sender til komfurr\u00f8r inkl. monteringsmateriale<\/li>\n<li>1 x skifteenhed (modtager)<\/li>\n<li>2 x sikkerhedsl\u00e5s<\/li>\n<li>1 x monteringsmateriale<\/li>\n<\/ul>\n<p class=\"bodytext\"><strong>Dimensioner:<\/strong><\/p>\n<ul>\n<li>Vindues- og skoddesender: 70 x 30 x 22 mm (BxHxD)<\/li>\n<li>Termisk transmitter: 48 x 120 x 22 mm (BxHxD)<\/li>\n<li>Modtagerens m\u00e5l: 62 x 141 x 90 mm (BxHxD)<\/li>\n<\/ul>\n<p class=\"bodytext\">Str\u00f8mforsyning:<\/p>\n<ul>\n<li>Vindues- og skoddesender: 1 x 3V lithium CR2477A hver (medf\u00f8lger)<\/li>\n<li>Termosender: 3x 1,5 V AA-batteri (medf\u00f8lger ikke)<\/li>\n<li>Modtager: 230V\/50Hz<\/li>\n<\/ul>\n\n\t\t<\/div>\n\t<\/div>\n<\/div><\/div><\/div><\/div><div class=\"vc_row wpb_row vc_row-fluid vc_custom_1599662972517 vc_row-has-fill\"><div class=\"wpb_column vc_column_container vc_col-sm-3\"><div class=\"vc_column-inner vc_custom_1599662575273\"><div class=\"wpb_wrapper\"><div id=\"wd-5f58ec19a00b1\" class=\"wd-rs-5f58ec19a00b1  wd-button-wrapper text-left\"><a href=\"https:\/\/feuer-flamme.com\/wp-content\/uploads\/2020\/09\/AS-7000-Anleitung.pdf\" title=\"Instruktioner-download\" target=\"_blank\" class=\"btn btn-color-alt btn-style-default btn-shape-semi-round btn-size-default\">Instruktioner-download<\/a><\/div><\/div><\/div><\/div><div class=\"wpb_column vc_column_container vc_col-sm-3\"><div class=\"vc_column-inner vc_custom_1599662583569\"><div class=\"wpb_wrapper\"><div id=\"wd-5f58ec67a317b\" class=\"wd-rs-5f58ec67a317b  wd-button-wrapper text-left\"><a href=\"https:\/\/feuer-flamme.com\/wp-content\/uploads\/2020\/09\/AS-7000.pdf\" title=\"Instruktioner-download\" target=\"_blank\" class=\"btn btn-color-alt btn-style-default btn-shape-semi-round btn-size-default\">-download<\/a><\/div><\/div><\/div><\/div><\/div><div class=\"vc_row wpb_row vc_row-fluid\"><div class=\"wpb_column vc_column_container vc_col-sm-12\"><div class=\"vc_column-inner\"><div class=\"wpb_wrapper\"><style data-type=\"vc_shortcodes-custom-css\">.vc_custom_1733308228591{margin-top: 0% !important;margin-right: 0% !important;margin-bottom: 0% !important;margin-left: 0% !important;border-top-width: 1px !important;border-right-width: 1px !important;border-bottom-width: 1px !important;border-left-width: 1px !important;padding-left: 4% !important;border-color: #E5E5E5 !important;}.vc_custom_1734176429563{border-top-width: 1px !important;border-right-width: 1px !important;border-bottom-width: 1px !important;border-left-width: 1px !important;padding-top: 4% !important;padding-right: 4% !important;padding-bottom: 4% !important;padding-left: 4% !important;border-left-style: solid !important;border-right-style: solid !important;border-top-style: solid !important;border-bottom-style: solid !important;border-radius: 1px !important;border-color: #E5E5E5 !important;}<\/style><div class=\"wpb-content-wrapper\"><div class=\"vc_row wpb_row vc_row-fluid\"><div class=\"wpb_column vc_column_container vc_col-sm-12 vc_col-has-fill wd-rs-67502f36d4460\"><div class=\"vc_column-inner vc_custom_1733308228591\"><div class=\"wpb_wrapper\">\n\t<div class=\"wpb_text_column wpb_content_element vc_custom_1734176429563\" >\n\t\t<div class=\"wpb_wrapper\">\n\t\t\t<p><strong>Regulering af produktsikkerhed<\/strong><br \/>\nNavn p\u00e5 \u00f8konomisk akt\u00f8r: Protector GmbH<br \/>\nAdresse: An den Kolonaten 37, 26160 Bad Zwischenahn, DE<br \/>\nE-mail: info@protector24.de<\/p>\n\n\t\t<\/div>\n\t<\/div>\n<\/div><\/div><\/div><\/div><\/div><\/div><\/div><\/div><\/div>\n<\/div>","protected":false},"excerpt":{"rendered":"<p class=\"bodytext\">Model AS-7040 PREMIUM med DIBT-godkendelse, radiostyring af udst\u00f8dningsluft med 3 radiosendere:<\/p>\n<p class=\"bodytext\">1 x radiotermisender til br\u00e6ndeovnsr\u00f8r, 1 x radiominisender til vinduer og 1 x radiominisender til rulleskodder<\/p>","protected":false},"featured_media":4424,"template":"","meta":[],"product_brand":[],"product_cat":[191,30],"product_tag":[],"class_list":{"0":"post-4353","1":"product","2":"type-product","3":"status-publish","4":"has-post-thumbnail","6":"product_cat-fensterkontaktschalter","7":"product_cat-zubehoer","8":"product_shipping_class-feuer-und-flamme","9":"pa_hersteller-feuerund-flamme","10":"pa_versandkosten-238","12":"first","13":"instock","14":"taxable","15":"shipping-taxable","16":"purchasable","17":"product-type-simple"},"yoast_head":"<!-- This site is optimized with the Yoast SEO Premium plugin v27.5 (Yoast SEO v27.5) - https:\/\/yoast.com\/product\/yoast-seo-premium-wordpress\/ -->\n<title>AS-7040 - Feuer und Flamme<\/title>\n<meta name=\"robots\" content=\"index, follow, max-snippet:-1, max-image-preview:large, max-video-preview:-1\" \/>\n<link rel=\"canonical\" href=\"https:\/\/www.feuer-flamme.com\/da\/vare\/radio-udstodningsluftkontrol-premium-som-7040-med-dibt-godkendelse\/\" \/>\n<meta property=\"og:locale\" content=\"da_DK\" \/>\n<meta property=\"og:type\" content=\"article\" \/>\n<meta property=\"og:title\" content=\"AS-7040\" \/>\n<meta property=\"og:description\" content=\"Modell AS-7040 PREMIUM mit DIBT-Zulassung, Funk-Abluftsteuerung mit 3 Funk-Sendern: 1 x Funk-Thermo-Sender f\u00fcr Ofenrohr, 1 x Funk-Mini-Sender f\u00fcr Fenster und 1 x Funk-Mini-Sender f\u00fcr Rolladen\" \/>\n<meta property=\"og:url\" content=\"https:\/\/www.feuer-flamme.com\/da\/vare\/radio-udstodningsluftkontrol-premium-som-7040-med-dibt-godkendelse\/\" \/>\n<meta property=\"og:site_name\" content=\"Feuer und Flamme\" \/>\n<meta property=\"article:publisher\" content=\"https:\/\/www.facebook.com\/feuer.flamme.kaminofen\/\" \/>\n<meta property=\"article:modified_time\" content=\"2025-02-10T10:50:37+00:00\" \/>\n<meta property=\"og:image\" content=\"https:\/\/www.feuer-flamme.com\/wp-content\/uploads\/2020\/09\/AS-7040.jpg\" \/>\n\t<meta property=\"og:image:width\" content=\"507\" \/>\n\t<meta property=\"og:image:height\" content=\"500\" \/>\n\t<meta property=\"og:image:type\" content=\"image\/jpeg\" \/>\n<meta name=\"twitter:card\" content=\"summary_large_image\" \/>\n<meta name=\"twitter:label1\" content=\"Pris\" \/>\n\t<meta name=\"twitter:data1\" content=\"&euro;299,00\" \/>\n\t<meta name=\"twitter:label2\" content=\"Tilg\u00e6ngelighed\" \/>\n\t<meta name=\"twitter:data2\" content=\"P\u00e5 lager\" \/>\n<script type=\"application\/ld+json\" class=\"yoast-schema-graph\">{\"@context\":\"https:\\\/\\\/schema.org\",\"@graph\":[{\"@type\":\"WebPage\",\"@id\":\"https:\\\/\\\/www.feuer-flamme.com\\\/produkt\\\/funk-abluftsteuerung-premium-as-7040-mit-dibt-zulassung\",\"url\":\"https:\\\/\\\/www.feuer-flamme.com\\\/produkt\\\/funk-abluftsteuerung-premium-as-7040-mit-dibt-zulassung\",\"name\":\"AS-7040 - Feuer und Flamme\",\"isPartOf\":{\"@id\":\"https:\\\/\\\/www.feuer-flamme.com\\\/#website\"},\"primaryImageOfPage\":{\"@id\":\"https:\\\/\\\/www.feuer-flamme.com\\\/produkt\\\/funk-abluftsteuerung-premium-as-7040-mit-dibt-zulassung#primaryimage\"},\"image\":{\"@id\":\"https:\\\/\\\/www.feuer-flamme.com\\\/produkt\\\/funk-abluftsteuerung-premium-as-7040-mit-dibt-zulassung#primaryimage\"},\"thumbnailUrl\":\"https:\\\/\\\/www.feuer-flamme.com\\\/wp-content\\\/uploads\\\/2020\\\/09\\\/AS-7040.jpg\",\"datePublished\":\"2020-09-09T14:13:57+00:00\",\"dateModified\":\"2025-02-10T10:50:37+00:00\",\"breadcrumb\":{\"@id\":\"https:\\\/\\\/www.feuer-flamme.com\\\/produkt\\\/funk-abluftsteuerung-premium-as-7040-mit-dibt-zulassung#breadcrumb\"},\"inLanguage\":\"da-DK\",\"potentialAction\":[{\"@type\":\"ReadAction\",\"target\":[\"https:\\\/\\\/www.feuer-flamme.com\\\/produkt\\\/funk-abluftsteuerung-premium-as-7040-mit-dibt-zulassung\"]}]},{\"@type\":\"ImageObject\",\"inLanguage\":\"da-DK\",\"@id\":\"https:\\\/\\\/www.feuer-flamme.com\\\/produkt\\\/funk-abluftsteuerung-premium-as-7040-mit-dibt-zulassung#primaryimage\",\"url\":\"https:\\\/\\\/www.feuer-flamme.com\\\/wp-content\\\/uploads\\\/2020\\\/09\\\/AS-7040.jpg\",\"contentUrl\":\"https:\\\/\\\/www.feuer-flamme.com\\\/wp-content\\\/uploads\\\/2020\\\/09\\\/AS-7040.jpg\",\"width\":507,\"height\":500,\"caption\":\"Das Bild zeigt Zubeh\u00f6r f\u00fcr Kamin\u00f6fen. Im Fokus stehen verschiedene Sicherheitseinrichtungen, darunter ein Steckdosenschaltger\u00e4t, ein kabelloser Sensor und ein F\u00fchler. Diese Ger\u00e4te dienen dazu, den sicheren Betrieb eines Holzofens zu \u00fcberwachen und zu optimieren. Ideal geeignet f\u00fcr die moderne Schornstein-Infrastruktur, sorgt dieses Zubeh\u00f6r f\u00fcr zus\u00e4tzliche Sicherheit beim Betrieb Ihres Kaminofens.\"},{\"@type\":\"BreadcrumbList\",\"@id\":\"https:\\\/\\\/www.feuer-flamme.com\\\/produkt\\\/funk-abluftsteuerung-premium-as-7040-mit-dibt-zulassung#breadcrumb\",\"itemListElement\":[{\"@type\":\"ListItem\",\"position\":1,\"name\":\"Startseite\",\"item\":\"https:\\\/\\\/www.feuer-flamme.com\\\/\"},{\"@type\":\"ListItem\",\"position\":2,\"name\":\"Feuer &#038; Flamme Kamin\u00f6fen\",\"item\":\"https:\\\/\\\/www.feuer-flamme.com\\\/shop\"},{\"@type\":\"ListItem\",\"position\":3,\"name\":\"AS-7040\"}]},{\"@type\":\"WebSite\",\"@id\":\"https:\\\/\\\/www.feuer-flamme.com\\\/#website\",\"url\":\"https:\\\/\\\/www.feuer-flamme.com\\\/\",\"name\":\"Feuer und Flamme\",\"description\":\"Kamin\u00d6fen\",\"publisher\":{\"@id\":\"https:\\\/\\\/www.feuer-flamme.com\\\/#organization\"},\"potentialAction\":[{\"@type\":\"SearchAction\",\"target\":{\"@type\":\"EntryPoint\",\"urlTemplate\":\"https:\\\/\\\/www.feuer-flamme.com\\\/?s={search_term_string}\"},\"query-input\":{\"@type\":\"PropertyValueSpecification\",\"valueRequired\":true,\"valueName\":\"search_term_string\"}}],\"inLanguage\":\"da-DK\"},{\"@type\":\"Organization\",\"@id\":\"https:\\\/\\\/www.feuer-flamme.com\\\/#organization\",\"name\":\"Feuer & Flamme GmbH\",\"url\":\"https:\\\/\\\/www.feuer-flamme.com\\\/\",\"logo\":{\"@type\":\"ImageObject\",\"inLanguage\":\"da-DK\",\"@id\":\"https:\\\/\\\/www.feuer-flamme.com\\\/#\\\/schema\\\/logo\\\/image\\\/\",\"url\":\"https:\\\/\\\/www.feuer-flamme.com\\\/wp-content\\\/uploads\\\/2020\\\/02\\\/Logo.jpg\",\"contentUrl\":\"https:\\\/\\\/www.feuer-flamme.com\\\/wp-content\\\/uploads\\\/2020\\\/02\\\/Logo.jpg\",\"width\":150,\"height\":150,\"caption\":\"Feuer & Flamme GmbH\"},\"image\":{\"@id\":\"https:\\\/\\\/www.feuer-flamme.com\\\/#\\\/schema\\\/logo\\\/image\\\/\"},\"sameAs\":[\"https:\\\/\\\/www.facebook.com\\\/feuer.flamme.kaminofen\\\/\"]}]}<\/script>\n<meta property=\"product:brand\" content=\"Feuer und Flamme\" \/>\n<meta property=\"product:price:amount\" content=\"299.00\" \/>\n<meta property=\"product:price:currency\" content=\"EUR\" \/>\n<meta property=\"og:availability\" content=\"instock\" \/>\n<meta property=\"product:availability\" content=\"instock\" \/>\n<meta property=\"product:condition\" content=\"new\" \/>\n<!-- \/ Yoast SEO Premium plugin. -->","yoast_head_json":{"title":"AS-7040 - Feuer und Flamme","robots":{"index":"index","follow":"follow","max-snippet":"max-snippet:-1","max-image-preview":"max-image-preview:large","max-video-preview":"max-video-preview:-1"},"canonical":"https:\/\/www.feuer-flamme.com\/da\/vare\/radio-udstodningsluftkontrol-premium-som-7040-med-dibt-godkendelse\/","og_locale":"da_DK","og_type":"article","og_title":"AS-7040","og_description":"Modell AS-7040 PREMIUM mit DIBT-Zulassung, Funk-Abluftsteuerung mit 3 Funk-Sendern: 1 x Funk-Thermo-Sender f\u00fcr Ofenrohr, 1 x Funk-Mini-Sender f\u00fcr Fenster und 1 x Funk-Mini-Sender f\u00fcr Rolladen","og_url":"https:\/\/www.feuer-flamme.com\/da\/vare\/radio-udstodningsluftkontrol-premium-som-7040-med-dibt-godkendelse\/","og_site_name":"Feuer und Flamme","article_publisher":"https:\/\/www.facebook.com\/feuer.flamme.kaminofen\/","article_modified_time":"2025-02-10T10:50:37+00:00","og_image":[{"width":507,"height":500,"url":"https:\/\/www.feuer-flamme.com\/wp-content\/uploads\/2020\/09\/AS-7040.jpg","type":"image\/jpeg"}],"twitter_card":"summary_large_image","twitter_misc":{"Pris":"&euro;299,00","Tilg\u00e6ngelighed":"P\u00e5 lager"},"schema":{"@context":"https:\/\/schema.org","@graph":[{"@type":"WebPage","@id":"https:\/\/www.feuer-flamme.com\/produkt\/funk-abluftsteuerung-premium-as-7040-mit-dibt-zulassung","url":"https:\/\/www.feuer-flamme.com\/produkt\/funk-abluftsteuerung-premium-as-7040-mit-dibt-zulassung","name":"AS-7040 - Feuer und Flamme","isPartOf":{"@id":"https:\/\/www.feuer-flamme.com\/#website"},"primaryImageOfPage":{"@id":"https:\/\/www.feuer-flamme.com\/produkt\/funk-abluftsteuerung-premium-as-7040-mit-dibt-zulassung#primaryimage"},"image":{"@id":"https:\/\/www.feuer-flamme.com\/produkt\/funk-abluftsteuerung-premium-as-7040-mit-dibt-zulassung#primaryimage"},"thumbnailUrl":"https:\/\/www.feuer-flamme.com\/wp-content\/uploads\/2020\/09\/AS-7040.jpg","datePublished":"2020-09-09T14:13:57+00:00","dateModified":"2025-02-10T10:50:37+00:00","breadcrumb":{"@id":"https:\/\/www.feuer-flamme.com\/produkt\/funk-abluftsteuerung-premium-as-7040-mit-dibt-zulassung#breadcrumb"},"inLanguage":"da-DK","potentialAction":[{"@type":"ReadAction","target":["https:\/\/www.feuer-flamme.com\/produkt\/funk-abluftsteuerung-premium-as-7040-mit-dibt-zulassung"]}]},{"@type":"ImageObject","inLanguage":"da-DK","@id":"https:\/\/www.feuer-flamme.com\/produkt\/funk-abluftsteuerung-premium-as-7040-mit-dibt-zulassung#primaryimage","url":"https:\/\/www.feuer-flamme.com\/wp-content\/uploads\/2020\/09\/AS-7040.jpg","contentUrl":"https:\/\/www.feuer-flamme.com\/wp-content\/uploads\/2020\/09\/AS-7040.jpg","width":507,"height":500,"caption":"Das Bild zeigt Zubeh\u00f6r f\u00fcr Kamin\u00f6fen. Im Fokus stehen verschiedene Sicherheitseinrichtungen, darunter ein Steckdosenschaltger\u00e4t, ein kabelloser Sensor und ein F\u00fchler. Diese Ger\u00e4te dienen dazu, den sicheren Betrieb eines Holzofens zu \u00fcberwachen und zu optimieren. Ideal geeignet f\u00fcr die moderne Schornstein-Infrastruktur, sorgt dieses Zubeh\u00f6r f\u00fcr zus\u00e4tzliche Sicherheit beim Betrieb Ihres Kaminofens."},{"@type":"BreadcrumbList","@id":"https:\/\/www.feuer-flamme.com\/produkt\/funk-abluftsteuerung-premium-as-7040-mit-dibt-zulassung#breadcrumb","itemListElement":[{"@type":"ListItem","position":1,"name":"Startseite","item":"https:\/\/www.feuer-flamme.com\/"},{"@type":"ListItem","position":2,"name":"Feuer &#038; Flamme Kamin\u00f6fen","item":"https:\/\/www.feuer-flamme.com\/shop"},{"@type":"ListItem","position":3,"name":"AS-7040"}]},{"@type":"WebSite","@id":"https:\/\/www.feuer-flamme.com\/#website","url":"https:\/\/www.feuer-flamme.com\/","name":"Feuer und Flamme","description":"Komfurer","publisher":{"@id":"https:\/\/www.feuer-flamme.com\/#organization"},"potentialAction":[{"@type":"SearchAction","target":{"@type":"EntryPoint","urlTemplate":"https:\/\/www.feuer-flamme.com\/?s={search_term_string}"},"query-input":{"@type":"PropertyValueSpecification","valueRequired":true,"valueName":"search_term_string"}}],"inLanguage":"da-DK"},{"@type":"Organization","@id":"https:\/\/www.feuer-flamme.com\/#organization","name":"Feuer &amp; Flamme Ltd.","url":"https:\/\/www.feuer-flamme.com\/","logo":{"@type":"ImageObject","inLanguage":"da-DK","@id":"https:\/\/www.feuer-flamme.com\/#\/schema\/logo\/image\/","url":"https:\/\/www.feuer-flamme.com\/wp-content\/uploads\/2020\/02\/Logo.jpg","contentUrl":"https:\/\/www.feuer-flamme.com\/wp-content\/uploads\/2020\/02\/Logo.jpg","width":150,"height":150,"caption":"Feuer & Flamme GmbH"},"image":{"@id":"https:\/\/www.feuer-flamme.com\/#\/schema\/logo\/image\/"},"sameAs":["https:\/\/www.facebook.com\/feuer.flamme.kaminofen\/"]}]},"product_brand":"Feuer und Flamme","product_price_amount":"299.00","product_price_currency":"EUR","og_availability":"instock","product_availability":"instock","product_condition":"new"},"_links":{"self":[{"href":"https:\/\/www.feuer-flamme.com\/da\/wp-json\/wp\/v2\/product\/4353","targetHints":{"allow":["GET"]}}],"collection":[{"href":"https:\/\/www.feuer-flamme.com\/da\/wp-json\/wp\/v2\/product"}],"about":[{"href":"https:\/\/www.feuer-flamme.com\/da\/wp-json\/wp\/v2\/types\/product"}],"wp:featuredmedia":[{"embeddable":true,"href":"https:\/\/www.feuer-flamme.com\/da\/wp-json\/wp\/v2\/media\/4424"}],"wp:attachment":[{"href":"https:\/\/www.feuer-flamme.com\/da\/wp-json\/wp\/v2\/media?parent=4353"}],"wp:term":[{"taxonomy":"product_brand","embeddable":true,"href":"https:\/\/www.feuer-flamme.com\/da\/wp-json\/wp\/v2\/product_brand?post=4353"},{"taxonomy":"product_cat","embeddable":true,"href":"https:\/\/www.feuer-flamme.com\/da\/wp-json\/wp\/v2\/product_cat?post=4353"},{"taxonomy":"product_tag","embeddable":true,"href":"https:\/\/www.feuer-flamme.com\/da\/wp-json\/wp\/v2\/product_tag?post=4353"}],"curies":[{"name":"wp","href":"https:\/\/api.w.org\/{rel}","templated":true}]}}