{"id":4357,"date":"2020-09-09T14:56:53","date_gmt":"2020-09-09T14:56:53","guid":{"rendered":"https:\/\/feuer-flamme.com\/?post_type=product&#038;p=4357"},"modified":"2025-02-10T10:48:30","modified_gmt":"2025-02-10T10:48:30","slug":"som-7020","status":"publish","type":"product","link":"https:\/\/www.feuer-flamme.com\/da\/produkt\/as-7020","title":{"rendered":"AS-7020"},"content":{"rendered":"<div class=\"wpb-content-wrapper\"><div class=\"vc_row wpb_row vc_row-fluid vc_custom_1599662442470 vc_row-has-fill\"><div class=\"wpb_column vc_column_container vc_col-sm-12\"><div class=\"vc_column-inner\"><div class=\"wpb_wrapper\">\n\t<div class=\"wpb_text_column wpb_content_element\" >\n\t\t<div class=\"wpb_wrapper\">\n\t\t\t<h4>PRODUKTBESKRIVELSE<\/h4>\n<ul>\n<li>Producentens produktkode: AS-7020<\/li>\n<li>DIBT-godkendelse Z-85.2-19<\/li>\n<li>sparer varmeudgifter og undg\u00e5r un\u00f8dvendig kontinuerlig ventilation<\/li>\n<li>Indstikssikring inkl. hovedafbryder til Schuko- og Euro-stik<\/li>\n<li>Tr\u00e5dl\u00f8s vindueskontakt i minihus. Hus i hvid + brun<\/li>\n<li>inkl. batteri (batterilevetid op til 5 \u00e5r)<\/li>\n<li>Maksimal belastningskapacitet 1800 watt (8A), driftssp\u00e6nding 230V\/50Hz<\/li>\n<li>Radioafstand op til 50 m (frit felt)<\/li>\n<\/ul>\n<p class=\"bodytext\"><strong>Leveringsomfang:<\/strong><\/p>\n<p>* 1 X RECEIVER<\/p>\n<p>* 1 X MINI-RADIOSENDER (MED UDSKIFTELIGT HUS I BRUN)<\/p>\n<p>* 1 X MONTERINGSVEJLEDNING<\/p>\n<p>MASS<\/p>\n<p>* MODTAGER: 62X141X9 MM (BXHXT)<\/p>\n<p>* RADIOSENDER. 70X30X22 MM 8BXHXT9<\/p>\n<p>STR\u00d8MFORSYNING:<\/p>\n<p>* MODTAGER: 230V\/50HZ<\/p>\n<p>* SENDER: 1 X 3V-CR2477A<\/p>\n<p><strong>UDVIDENDE:<\/strong><\/p>\n<p>DENNE ENHED KAN PROGRAMMERES MED OP TIL 16 RADIOSENDERE. DISSE KAN SKIFTES INDIVIDUELT ELLER I SERIE.<\/p>\n<p><strong>AS-T30<\/strong>EKSTRA TERMOSENDER (F.EKS. VED DRIFT AF EN EKSTRA BR\u00c6NDEOVN\/PEJS)<\/p>\n<p><strong>AS-F20\u00a0<\/strong>EKSTRA VINDUESENDER (F.EKS. TIL EN EKSISTERENDE UDESTUE ELLER \u00c5BNING AF ET EKSTRA VINDUE)<\/p>\n<p><strong>AS-R40:<\/strong>\u00a0EKSTRA RULLESKODDETRANSMITTER (VED BETJENING AF ET OPSTR\u00d8MS RULLESKODDE - EN 5 MM KABELGENNEMF\u00d8RING TIL RULLESKODDET SKAL LEVERES AF KUNDEN)<\/p>\n\n\t\t<\/div>\n\t<\/div>\n<\/div><\/div><\/div><\/div><div class=\"vc_row wpb_row vc_row-fluid vc_custom_1599662972517 vc_row-has-fill\"><div class=\"wpb_column vc_column_container vc_col-sm-3\"><div class=\"vc_column-inner vc_custom_1599662575273\"><div class=\"wpb_wrapper\"><div id=\"wd-5f58edac388c9\" class=\"wd-rs-5f58edac388c9  wd-button-wrapper text-left\"><a href=\"https:\/\/feuer-flamme.com\/wp-content\/uploads\/2020\/09\/AS-7000-Anleitung.pdf\" title=\"Instruktioner-download\" target=\"_blank\" class=\"btn btn-color-alt btn-style-default btn-shape-semi-round btn-size-default\">Instruktioner-download<\/a><\/div><\/div><\/div><\/div><div class=\"wpb_column vc_column_container vc_col-sm-3\"><div class=\"vc_column-inner vc_custom_1599662583569\"><div class=\"wpb_wrapper\"><div id=\"wd-5f58ee13c0eaa\" class=\"wd-rs-5f58ee13c0eaa  wd-button-wrapper text-left\"><a href=\"https:\/\/feuer-flamme.com\/wp-content\/uploads\/2020\/09\/AS-7020.pdf\" title=\"Instruktioner-download\" target=\"_blank\" class=\"btn btn-color-alt btn-style-default btn-shape-semi-round btn-size-default\">-download<\/a><\/div><\/div><\/div><\/div><\/div><div class=\"vc_row wpb_row vc_row-fluid\"><div class=\"wpb_column vc_column_container vc_col-sm-12\"><div class=\"vc_column-inner\"><div class=\"wpb_wrapper\"><style data-type=\"vc_shortcodes-custom-css\">.vc_custom_1733308228591{margin-top: 0% !important;margin-right: 0% !important;margin-bottom: 0% !important;margin-left: 0% !important;border-top-width: 1px !important;border-right-width: 1px !important;border-bottom-width: 1px !important;border-left-width: 1px !important;padding-left: 4% !important;border-color: #E5E5E5 !important;}.vc_custom_1734176429563{border-top-width: 1px !important;border-right-width: 1px !important;border-bottom-width: 1px !important;border-left-width: 1px !important;padding-top: 4% !important;padding-right: 4% !important;padding-bottom: 4% !important;padding-left: 4% !important;border-left-style: solid !important;border-right-style: solid !important;border-top-style: solid !important;border-bottom-style: solid !important;border-radius: 1px !important;border-color: #E5E5E5 !important;}<\/style><div class=\"wpb-content-wrapper\"><div class=\"vc_row wpb_row vc_row-fluid\"><div class=\"wpb_column vc_column_container vc_col-sm-12 vc_col-has-fill wd-rs-67502f36d4460\"><div class=\"vc_column-inner vc_custom_1733308228591\"><div class=\"wpb_wrapper\">\n\t<div class=\"wpb_text_column wpb_content_element vc_custom_1734176429563\" >\n\t\t<div class=\"wpb_wrapper\">\n\t\t\t<p><strong>Regulering af produktsikkerhed<\/strong><br \/>\nNavn p\u00e5 \u00f8konomisk akt\u00f8r: Protector GmbH<br \/>\nAdresse: An den Kolonaten 37, 26160 Bad Zwischenahn, DE<br \/>\nE-mail: info@protector24.de<\/p>\n\n\t\t<\/div>\n\t<\/div>\n<\/div><\/div><\/div><\/div><\/div><\/div><\/div><\/div><\/div>\n<\/div>","protected":false},"excerpt":{"rendered":"<p class=\"bodytext\">AS 7020 radiostyring af udsugningsluften med DIBT-godkendelse er helt tr\u00e5dl\u00f8s og har en ny minisender, der kan bruges med enten et hvidt eller brunt hus (velegnet til tr\u00e6vinduer).<\/p>","protected":false},"featured_media":4422,"template":"","meta":[],"product_brand":[],"product_cat":[191,30],"product_tag":[],"class_list":{"0":"post-4357","1":"product","2":"type-product","3":"status-publish","4":"has-post-thumbnail","6":"product_cat-fensterkontaktschalter","7":"product_cat-zubehoer","8":"product_shipping_class-feuer-und-flamme","9":"pa_hersteller-feuerund-flamme","10":"pa_versandkosten-238","12":"first","13":"instock","14":"taxable","15":"shipping-taxable","16":"purchasable","17":"product-type-simple"},"yoast_head":"<!-- This site is optimized with the Yoast SEO Premium plugin v27.5 (Yoast SEO v27.5) - https:\/\/yoast.com\/product\/yoast-seo-premium-wordpress\/ -->\n<title>AS-7020 - Feuer und Flamme<\/title>\n<meta name=\"robots\" content=\"index, follow, max-snippet:-1, max-image-preview:large, max-video-preview:-1\" \/>\n<link rel=\"canonical\" href=\"https:\/\/www.feuer-flamme.com\/da\/vare\/som-7020\/\" \/>\n<meta property=\"og:locale\" content=\"da_DK\" \/>\n<meta property=\"og:type\" content=\"article\" \/>\n<meta property=\"og:title\" content=\"AS-7020\" \/>\n<meta property=\"og:description\" content=\"Die AS 7020 Funk-Abluftsteuerung mit DIBT-Zulassung ist komplett kabellos und verf\u00fcgt \u00fcber einen neuen Mini-Sender, der wahlweise mit wei\u00dfem oder braunem Geh\u00e4use (passend f\u00fcr Holzfenster) eingesetzt werden kann.\" \/>\n<meta property=\"og:url\" content=\"https:\/\/www.feuer-flamme.com\/da\/vare\/som-7020\/\" \/>\n<meta property=\"og:site_name\" content=\"Feuer und Flamme\" \/>\n<meta property=\"article:publisher\" content=\"https:\/\/www.facebook.com\/feuer.flamme.kaminofen\/\" \/>\n<meta property=\"article:modified_time\" content=\"2025-02-10T10:48:30+00:00\" \/>\n<meta property=\"og:image\" content=\"https:\/\/www.feuer-flamme.com\/wp-content\/uploads\/2020\/09\/AS-7020.jpg\" \/>\n\t<meta property=\"og:image:width\" content=\"496\" \/>\n\t<meta property=\"og:image:height\" content=\"500\" \/>\n\t<meta property=\"og:image:type\" content=\"image\/jpeg\" \/>\n<meta name=\"twitter:card\" content=\"summary_large_image\" \/>\n<meta name=\"twitter:label1\" content=\"Pris\" \/>\n\t<meta name=\"twitter:data1\" content=\"&euro;169,00\" \/>\n\t<meta name=\"twitter:label2\" content=\"Tilg\u00e6ngelighed\" \/>\n\t<meta name=\"twitter:data2\" content=\"P\u00e5 lager\" \/>\n<script type=\"application\/ld+json\" class=\"yoast-schema-graph\">{\"@context\":\"https:\\\/\\\/schema.org\",\"@graph\":[{\"@type\":\"WebPage\",\"@id\":\"https:\\\/\\\/www.feuer-flamme.com\\\/produkt\\\/as-7020\",\"url\":\"https:\\\/\\\/www.feuer-flamme.com\\\/produkt\\\/as-7020\",\"name\":\"AS-7020 - Feuer und Flamme\",\"isPartOf\":{\"@id\":\"https:\\\/\\\/www.feuer-flamme.com\\\/#website\"},\"primaryImageOfPage\":{\"@id\":\"https:\\\/\\\/www.feuer-flamme.com\\\/produkt\\\/as-7020#primaryimage\"},\"image\":{\"@id\":\"https:\\\/\\\/www.feuer-flamme.com\\\/produkt\\\/as-7020#primaryimage\"},\"thumbnailUrl\":\"https:\\\/\\\/www.feuer-flamme.com\\\/wp-content\\\/uploads\\\/2020\\\/09\\\/AS-7020.jpg\",\"datePublished\":\"2020-09-09T14:56:53+00:00\",\"dateModified\":\"2025-02-10T10:48:30+00:00\",\"breadcrumb\":{\"@id\":\"https:\\\/\\\/www.feuer-flamme.com\\\/produkt\\\/as-7020#breadcrumb\"},\"inLanguage\":\"da-DK\",\"potentialAction\":[{\"@type\":\"ReadAction\",\"target\":[\"https:\\\/\\\/www.feuer-flamme.com\\\/produkt\\\/as-7020\"]}]},{\"@type\":\"ImageObject\",\"inLanguage\":\"da-DK\",\"@id\":\"https:\\\/\\\/www.feuer-flamme.com\\\/produkt\\\/as-7020#primaryimage\",\"url\":\"https:\\\/\\\/www.feuer-flamme.com\\\/wp-content\\\/uploads\\\/2020\\\/09\\\/AS-7020.jpg\",\"contentUrl\":\"https:\\\/\\\/www.feuer-flamme.com\\\/wp-content\\\/uploads\\\/2020\\\/09\\\/AS-7020.jpg\",\"width\":496,\"height\":500,\"caption\":\"Das Bild zeigt ein Zubeh\u00f6rteil f\u00fcr einen Kaminofen, bestehend aus einem elektronischen Steckdosenzubeh\u00f6r und einem Sensor. Das Ger\u00e4t ist haupts\u00e4chlich wei\u00df mit einigen farbigen LED-Anzeigen. Es kann wahrscheinlich verwendet werden, um den Betrieb eines Holzofens zu \u00fcberwachen oder zu steuern. Dieses Zubeh\u00f6r ist eine n\u00fctzliche Erg\u00e4nzung f\u00fcr einen Kaminofen, um die Sicherheit und Effizienz zu verbessern.\"},{\"@type\":\"BreadcrumbList\",\"@id\":\"https:\\\/\\\/www.feuer-flamme.com\\\/produkt\\\/as-7020#breadcrumb\",\"itemListElement\":[{\"@type\":\"ListItem\",\"position\":1,\"name\":\"Startseite\",\"item\":\"https:\\\/\\\/www.feuer-flamme.com\\\/\"},{\"@type\":\"ListItem\",\"position\":2,\"name\":\"Feuer &#038; Flamme Kamin\u00f6fen\",\"item\":\"https:\\\/\\\/www.feuer-flamme.com\\\/shop\"},{\"@type\":\"ListItem\",\"position\":3,\"name\":\"AS-7020\"}]},{\"@type\":\"WebSite\",\"@id\":\"https:\\\/\\\/www.feuer-flamme.com\\\/#website\",\"url\":\"https:\\\/\\\/www.feuer-flamme.com\\\/\",\"name\":\"Feuer und Flamme\",\"description\":\"Kamin\u00d6fen\",\"publisher\":{\"@id\":\"https:\\\/\\\/www.feuer-flamme.com\\\/#organization\"},\"potentialAction\":[{\"@type\":\"SearchAction\",\"target\":{\"@type\":\"EntryPoint\",\"urlTemplate\":\"https:\\\/\\\/www.feuer-flamme.com\\\/?s={search_term_string}\"},\"query-input\":{\"@type\":\"PropertyValueSpecification\",\"valueRequired\":true,\"valueName\":\"search_term_string\"}}],\"inLanguage\":\"da-DK\"},{\"@type\":\"Organization\",\"@id\":\"https:\\\/\\\/www.feuer-flamme.com\\\/#organization\",\"name\":\"Feuer & Flamme GmbH\",\"url\":\"https:\\\/\\\/www.feuer-flamme.com\\\/\",\"logo\":{\"@type\":\"ImageObject\",\"inLanguage\":\"da-DK\",\"@id\":\"https:\\\/\\\/www.feuer-flamme.com\\\/#\\\/schema\\\/logo\\\/image\\\/\",\"url\":\"https:\\\/\\\/www.feuer-flamme.com\\\/wp-content\\\/uploads\\\/2020\\\/02\\\/Logo.jpg\",\"contentUrl\":\"https:\\\/\\\/www.feuer-flamme.com\\\/wp-content\\\/uploads\\\/2020\\\/02\\\/Logo.jpg\",\"width\":150,\"height\":150,\"caption\":\"Feuer & Flamme GmbH\"},\"image\":{\"@id\":\"https:\\\/\\\/www.feuer-flamme.com\\\/#\\\/schema\\\/logo\\\/image\\\/\"},\"sameAs\":[\"https:\\\/\\\/www.facebook.com\\\/feuer.flamme.kaminofen\\\/\"]}]}<\/script>\n<meta property=\"product:brand\" content=\"Feuer und Flamme\" \/>\n<meta property=\"product:price:amount\" content=\"169.00\" \/>\n<meta property=\"product:price:currency\" content=\"EUR\" \/>\n<meta property=\"og:availability\" content=\"instock\" \/>\n<meta property=\"product:availability\" content=\"instock\" \/>\n<meta property=\"product:condition\" content=\"new\" \/>\n<!-- \/ Yoast SEO Premium plugin. -->","yoast_head_json":{"title":"AS-7020 - Feuer und Flamme","robots":{"index":"index","follow":"follow","max-snippet":"max-snippet:-1","max-image-preview":"max-image-preview:large","max-video-preview":"max-video-preview:-1"},"canonical":"https:\/\/www.feuer-flamme.com\/da\/vare\/som-7020\/","og_locale":"da_DK","og_type":"article","og_title":"AS-7020","og_description":"Die AS 7020 Funk-Abluftsteuerung mit DIBT-Zulassung ist komplett kabellos und verf\u00fcgt \u00fcber einen neuen Mini-Sender, der wahlweise mit wei\u00dfem oder braunem Geh\u00e4use (passend f\u00fcr Holzfenster) eingesetzt werden kann.","og_url":"https:\/\/www.feuer-flamme.com\/da\/vare\/som-7020\/","og_site_name":"Feuer und Flamme","article_publisher":"https:\/\/www.facebook.com\/feuer.flamme.kaminofen\/","article_modified_time":"2025-02-10T10:48:30+00:00","og_image":[{"width":496,"height":500,"url":"https:\/\/www.feuer-flamme.com\/wp-content\/uploads\/2020\/09\/AS-7020.jpg","type":"image\/jpeg"}],"twitter_card":"summary_large_image","twitter_misc":{"Pris":"&euro;169,00","Tilg\u00e6ngelighed":"P\u00e5 lager"},"schema":{"@context":"https:\/\/schema.org","@graph":[{"@type":"WebPage","@id":"https:\/\/www.feuer-flamme.com\/produkt\/as-7020","url":"https:\/\/www.feuer-flamme.com\/produkt\/as-7020","name":"AS-7020 - Feuer und Flamme","isPartOf":{"@id":"https:\/\/www.feuer-flamme.com\/#website"},"primaryImageOfPage":{"@id":"https:\/\/www.feuer-flamme.com\/produkt\/as-7020#primaryimage"},"image":{"@id":"https:\/\/www.feuer-flamme.com\/produkt\/as-7020#primaryimage"},"thumbnailUrl":"https:\/\/www.feuer-flamme.com\/wp-content\/uploads\/2020\/09\/AS-7020.jpg","datePublished":"2020-09-09T14:56:53+00:00","dateModified":"2025-02-10T10:48:30+00:00","breadcrumb":{"@id":"https:\/\/www.feuer-flamme.com\/produkt\/as-7020#breadcrumb"},"inLanguage":"da-DK","potentialAction":[{"@type":"ReadAction","target":["https:\/\/www.feuer-flamme.com\/produkt\/as-7020"]}]},{"@type":"ImageObject","inLanguage":"da-DK","@id":"https:\/\/www.feuer-flamme.com\/produkt\/as-7020#primaryimage","url":"https:\/\/www.feuer-flamme.com\/wp-content\/uploads\/2020\/09\/AS-7020.jpg","contentUrl":"https:\/\/www.feuer-flamme.com\/wp-content\/uploads\/2020\/09\/AS-7020.jpg","width":496,"height":500,"caption":"Das Bild zeigt ein Zubeh\u00f6rteil f\u00fcr einen Kaminofen, bestehend aus einem elektronischen Steckdosenzubeh\u00f6r und einem Sensor. Das Ger\u00e4t ist haupts\u00e4chlich wei\u00df mit einigen farbigen LED-Anzeigen. Es kann wahrscheinlich verwendet werden, um den Betrieb eines Holzofens zu \u00fcberwachen oder zu steuern. Dieses Zubeh\u00f6r ist eine n\u00fctzliche Erg\u00e4nzung f\u00fcr einen Kaminofen, um die Sicherheit und Effizienz zu verbessern."},{"@type":"BreadcrumbList","@id":"https:\/\/www.feuer-flamme.com\/produkt\/as-7020#breadcrumb","itemListElement":[{"@type":"ListItem","position":1,"name":"Startseite","item":"https:\/\/www.feuer-flamme.com\/"},{"@type":"ListItem","position":2,"name":"Feuer &#038; Flamme Kamin\u00f6fen","item":"https:\/\/www.feuer-flamme.com\/shop"},{"@type":"ListItem","position":3,"name":"AS-7020"}]},{"@type":"WebSite","@id":"https:\/\/www.feuer-flamme.com\/#website","url":"https:\/\/www.feuer-flamme.com\/","name":"Feuer und Flamme","description":"Komfurer","publisher":{"@id":"https:\/\/www.feuer-flamme.com\/#organization"},"potentialAction":[{"@type":"SearchAction","target":{"@type":"EntryPoint","urlTemplate":"https:\/\/www.feuer-flamme.com\/?s={search_term_string}"},"query-input":{"@type":"PropertyValueSpecification","valueRequired":true,"valueName":"search_term_string"}}],"inLanguage":"da-DK"},{"@type":"Organization","@id":"https:\/\/www.feuer-flamme.com\/#organization","name":"Feuer &amp; Flamme Ltd.","url":"https:\/\/www.feuer-flamme.com\/","logo":{"@type":"ImageObject","inLanguage":"da-DK","@id":"https:\/\/www.feuer-flamme.com\/#\/schema\/logo\/image\/","url":"https:\/\/www.feuer-flamme.com\/wp-content\/uploads\/2020\/02\/Logo.jpg","contentUrl":"https:\/\/www.feuer-flamme.com\/wp-content\/uploads\/2020\/02\/Logo.jpg","width":150,"height":150,"caption":"Feuer & Flamme GmbH"},"image":{"@id":"https:\/\/www.feuer-flamme.com\/#\/schema\/logo\/image\/"},"sameAs":["https:\/\/www.facebook.com\/feuer.flamme.kaminofen\/"]}]},"product_brand":"Feuer und Flamme","product_price_amount":"169.00","product_price_currency":"EUR","og_availability":"instock","product_availability":"instock","product_condition":"new"},"_links":{"self":[{"href":"https:\/\/www.feuer-flamme.com\/da\/wp-json\/wp\/v2\/product\/4357","targetHints":{"allow":["GET"]}}],"collection":[{"href":"https:\/\/www.feuer-flamme.com\/da\/wp-json\/wp\/v2\/product"}],"about":[{"href":"https:\/\/www.feuer-flamme.com\/da\/wp-json\/wp\/v2\/types\/product"}],"wp:featuredmedia":[{"embeddable":true,"href":"https:\/\/www.feuer-flamme.com\/da\/wp-json\/wp\/v2\/media\/4422"}],"wp:attachment":[{"href":"https:\/\/www.feuer-flamme.com\/da\/wp-json\/wp\/v2\/media?parent=4357"}],"wp:term":[{"taxonomy":"product_brand","embeddable":true,"href":"https:\/\/www.feuer-flamme.com\/da\/wp-json\/wp\/v2\/product_brand?post=4357"},{"taxonomy":"product_cat","embeddable":true,"href":"https:\/\/www.feuer-flamme.com\/da\/wp-json\/wp\/v2\/product_cat?post=4357"},{"taxonomy":"product_tag","embeddable":true,"href":"https:\/\/www.feuer-flamme.com\/da\/wp-json\/wp\/v2\/product_tag?post=4357"}],"curies":[{"name":"wp","href":"https:\/\/api.w.org\/{rel}","templated":true}]}}