{"id":4363,"date":"2020-09-09T15:14:13","date_gmt":"2020-09-09T15:14:13","guid":{"rendered":"https:\/\/feuer-flamme.com\/?post_type=product&#038;p=4363"},"modified":"2024-12-14T11:51:22","modified_gmt":"2024-12-14T11:51:22","slug":"som-6030-3","status":"publish","type":"product","link":"https:\/\/www.feuer-flamme.com\/da\/produkt\/as-6030-3","title":{"rendered":"AS-6030.3"},"content":{"rendered":"<div class=\"wpb-content-wrapper\"><div class=\"vc_row wpb_row vc_row-fluid vc_custom_1599662442470 vc_row-has-fill\"><div class=\"wpb_column vc_column_container vc_col-sm-12\"><div class=\"vc_column-inner\"><div class=\"wpb_wrapper\">\n\t<div class=\"wpb_text_column wpb_content_element\" >\n\t\t<div class=\"wpb_wrapper\">\n\t\t\t<div class=\"content container\">\n<div class=\"row siteContent\">\n<div class=\"col-md-12\">\n<div class=\"element\">\n<div id=\"c2\" class=\"csc-default\">\n<div class=\"news news-single\">\n<div class=\"article\">\n<div class=\"news-text-wrap\">\n<h4>PRODUKTBESKRIVELSE<\/h4>\n<p>Producentens produktkode: AS-6030.3<\/p>\n<p class=\"bodytext\">Udsugningsanl\u00e6gget (emh\u00e6tte, udsugningsventilator osv.) kan aktiveres b\u00e5de via vindueskontakten (n\u00e5r vinduet \u00e5bnes) og via den tr\u00e5dl\u00f8se varmesensor (n\u00e5r pejsen ikke er i brug). R\u00f8ggastemperaturen m\u00e5les i br\u00e6ndeovnsr\u00f8ret.<br \/>\nS\u00e5 snart den n\u00e5r ca. 38\u00b0 C, afbrydes udl\u00f8sningssignalet til udsugningsapparatet (f.eks. emh\u00e6tten), og det slukkes.<\/p>\n<p class=\"bodytext\">For at genstarte udsugningsenheden skal vinduet, der er udstyret med vindueskontakt, \u00e5bnes.<\/p>\n<ul>\n<li>Tr\u00e5dl\u00f8s radiosender med vindues- og termosensor<\/li>\n<li><strong>KUN TIL OVNE OP TIL MAXIMUM 4,5 KW (sensor til temperaturer p\u00e5 max. 400\u00b0C)<\/strong><\/li>\n<li>Envejsvariant - lysfunktionen kan bevares<\/li>\n<li>Selvdiagnosefunktion med modtagekontrol<\/li>\n<li>Koblingskapacitet op til 1000 watt (4,3A)<\/li>\n<li>Kan udvides med sendere<\/li>\n<li>Radioafstand op til 50 m (frit felt)<\/li>\n<li>Frekvens: 434 MHz<\/li>\n<\/ul>\n<p class=\"bodytext\"><strong>Dimensioner:<\/strong><\/p>\n<ul>\n<li>Modtager: 68 B x 52 H x 32 D mm<\/li>\n<li>Sender\/vindue: 60 B x 30 H x 19 D mm<\/li>\n<li>R\u00f8r til sender\/ovn: 36 B x 97 H x 14 D mm<\/li>\n<\/ul>\n<p class=\"bodytext\"><strong>Str\u00f8mforsyning:<\/strong><\/p>\n<ul>\n<li>Modtager: 230V\/50Hz<\/li>\n<li>Sender\/vindue: Batteri 1x 3V lithium CR2477 (medf\u00f8lger)<\/li>\n<li>Sender\/ovnsr\u00f8r: Batteri 3x 1,5V alkalisk batteri AAA (medf\u00f8lger ikke)<\/li>\n<\/ul>\n<p class=\"bodytext\"><strong>Leveringsomfang:<\/strong><\/p>\n<ul>\n<li>1 x indbygget modtager<\/li>\n<li>1 x Thermo-radiosender i hvid med 100 cm sensorkabel<\/li>\n<li>1 x radiosendervindue, magnetisk kontakt og afstandsplade i hvid, batteri (CR2477)<\/li>\n<li>1 x brunt erstatningshus til radiosendervindue, afstandsplade i brun<\/li>\n<li>1 x monteringsmateriale<\/li>\n<li>1 x brugsanvisning og beregningsformel<\/li>\n<\/ul>\n<\/div>\n<\/div>\n<\/div>\n<\/div>\n<\/div>\n<\/div>\n<\/div>\n<\/div>\n<footer>\n<div class=\"container\">\n<div class=\"row\">\n<div class=\"col-md-3 hidden-sm hidden-xs footercol\">\n<div class=\"element\">\n<div id=\"c9\" class=\"csc-default\">\n<div class=\"csc-header csc-header-n1\"><\/div>\n<\/div>\n<\/div>\n<\/div>\n<\/div>\n<\/div>\n<\/footer>\n<p>\u00a0<\/p>\n\n\t\t<\/div>\n\t<\/div>\n<\/div><\/div><\/div><\/div><div class=\"vc_row wpb_row vc_row-fluid vc_custom_1599662972517 vc_row-has-fill\"><div class=\"wpb_column vc_column_container vc_col-sm-3\"><div class=\"vc_column-inner vc_custom_1599662575273\"><div class=\"wpb_wrapper\"><div id=\"wd-5f58f18a87580\" class=\"wd-rs-5f58f18a87580  wd-button-wrapper text-left\"><a href=\"https:\/\/feuer-flamme.com\/wp-content\/uploads\/2020\/09\/AS-6030.3-Anleitung.pdf\" title=\"Instruktioner-download\" target=\"_blank\" class=\"btn btn-color-alt btn-style-default btn-shape-semi-round btn-size-default\">Instruktioner-download<\/a><\/div><\/div><\/div><\/div><div class=\"wpb_column vc_column_container vc_col-sm-3\"><div class=\"vc_column-inner vc_custom_1599662583569\"><div class=\"wpb_wrapper\"><div id=\"wd-5f58f19b54bfb\" class=\"wd-rs-5f58f19b54bfb  wd-button-wrapper text-left\"><a href=\"https:\/\/feuer-flamme.com\/wp-content\/uploads\/2020\/09\/AS-6030.3.pdf\" title=\"\" target=\"_blank\" class=\"btn btn-color-alt btn-style-default btn-shape-semi-round btn-size-default\">-download<\/a><\/div><\/div><\/div><\/div><\/div><div class=\"vc_row wpb_row vc_row-fluid\"><div class=\"wpb_column vc_column_container vc_col-sm-12\"><div class=\"vc_column-inner\"><div class=\"wpb_wrapper\"><style data-type=\"vc_shortcodes-custom-css\">.vc_custom_1733308228591{margin-top: 0% !important;margin-right: 0% !important;margin-bottom: 0% !important;margin-left: 0% !important;border-top-width: 1px !important;border-right-width: 1px !important;border-bottom-width: 1px !important;border-left-width: 1px !important;padding-left: 4% !important;border-color: #E5E5E5 !important;}.vc_custom_1734176429563{border-top-width: 1px !important;border-right-width: 1px !important;border-bottom-width: 1px !important;border-left-width: 1px !important;padding-top: 4% !important;padding-right: 4% !important;padding-bottom: 4% !important;padding-left: 4% !important;border-left-style: solid !important;border-right-style: solid !important;border-top-style: solid !important;border-bottom-style: solid !important;border-radius: 1px !important;border-color: #E5E5E5 !important;}<\/style><div class=\"wpb-content-wrapper\"><div class=\"vc_row wpb_row vc_row-fluid\"><div class=\"wpb_column vc_column_container vc_col-sm-12 vc_col-has-fill wd-rs-67502f36d4460\"><div class=\"vc_column-inner vc_custom_1733308228591\"><div class=\"wpb_wrapper\">\n\t<div class=\"wpb_text_column wpb_content_element vc_custom_1734176429563\" >\n\t\t<div class=\"wpb_wrapper\">\n\t\t\t<p><strong>Regulering af produktsikkerhed<\/strong><br \/>\nNavn p\u00e5 \u00f8konomisk akt\u00f8r: Protector GmbH<br \/>\nAdresse: An den Kolonaten 37, 26160 Bad Zwischenahn, DE<br \/>\nE-mail: info@protector24.de<\/p>\n\n\t\t<\/div>\n\t<\/div>\n<\/div><\/div><\/div><\/div><\/div><\/div><\/div><\/div><\/div>\n<\/div>","protected":false},"excerpt":{"rendered":"<p class=\"bodytext\">AS 6030.3-modellen styrer emh\u00e6tten afh\u00e6ngigt af ovnens temperatur og vinduets \u00e5bning. Med 2 radiosendere: 1 x radiotermof\u00f8ler til ovnr\u00f8ret og 1 x radiominisender til vinduer.<\/p>","protected":false},"featured_media":4421,"template":"","meta":[],"product_brand":[],"product_cat":[191,30],"product_tag":[],"class_list":{"0":"post-4363","1":"product","2":"type-product","3":"status-publish","4":"has-post-thumbnail","6":"product_cat-fensterkontaktschalter","7":"product_cat-zubehoer","8":"product_shipping_class-feuer-und-flamme","9":"pa_hersteller-feuerund-flamme","10":"pa_versandkosten-238","12":"first","13":"instock","14":"taxable","15":"shipping-taxable","16":"purchasable","17":"product-type-simple"},"yoast_head":"<!-- This site is optimized with the Yoast SEO Premium plugin v27.5 (Yoast SEO v27.5) - https:\/\/yoast.com\/product\/yoast-seo-premium-wordpress\/ -->\n<title>AS-6030.3 - Feuer und Flamme<\/title>\n<meta name=\"robots\" content=\"index, follow, max-snippet:-1, max-image-preview:large, max-video-preview:-1\" \/>\n<link rel=\"canonical\" href=\"https:\/\/www.feuer-flamme.com\/da\/vare\/som-6030-3\/\" \/>\n<meta property=\"og:locale\" content=\"da_DK\" \/>\n<meta property=\"og:type\" content=\"article\" \/>\n<meta property=\"og:title\" content=\"AS-6030.3\" \/>\n<meta property=\"og:description\" content=\"Das Modell AS 6030.3 kontrolliert die Dunstabzugshaube in Abh\u00e4ngigkeit von Ofentemperatur und Fenster\u00f6ffnung. Mit 2 Funk-Sendern: 1 x Funk-Thermo-Sensor f\u00fcr das Ofenrohr und 1 x Funk-Mini-Sender f\u00fcr Fenster.\" \/>\n<meta property=\"og:url\" content=\"https:\/\/www.feuer-flamme.com\/da\/vare\/som-6030-3\/\" \/>\n<meta property=\"og:site_name\" content=\"Feuer und Flamme\" \/>\n<meta property=\"article:publisher\" content=\"https:\/\/www.facebook.com\/feuer.flamme.kaminofen\/\" \/>\n<meta property=\"article:modified_time\" content=\"2024-12-14T11:51:22+00:00\" \/>\n<meta property=\"og:image\" content=\"https:\/\/www.feuer-flamme.com\/wp-content\/uploads\/2020\/09\/AS-6030.3.jpg\" \/>\n\t<meta property=\"og:image:width\" content=\"1071\" \/>\n\t<meta property=\"og:image:height\" content=\"500\" \/>\n\t<meta property=\"og:image:type\" content=\"image\/jpeg\" \/>\n<meta name=\"twitter:card\" content=\"summary_large_image\" \/>\n<meta name=\"twitter:label1\" content=\"Pris\" \/>\n\t<meta name=\"twitter:data1\" content=\"&euro;159,00\" \/>\n\t<meta name=\"twitter:label2\" content=\"Tilg\u00e6ngelighed\" \/>\n\t<meta name=\"twitter:data2\" content=\"P\u00e5 lager\" \/>\n<script type=\"application\/ld+json\" class=\"yoast-schema-graph\">{\"@context\":\"https:\\\/\\\/schema.org\",\"@graph\":[{\"@type\":\"WebPage\",\"@id\":\"https:\\\/\\\/www.feuer-flamme.com\\\/produkt\\\/as-6030-3\",\"url\":\"https:\\\/\\\/www.feuer-flamme.com\\\/produkt\\\/as-6030-3\",\"name\":\"AS-6030.3 - Feuer und Flamme\",\"isPartOf\":{\"@id\":\"https:\\\/\\\/www.feuer-flamme.com\\\/#website\"},\"primaryImageOfPage\":{\"@id\":\"https:\\\/\\\/www.feuer-flamme.com\\\/produkt\\\/as-6030-3#primaryimage\"},\"image\":{\"@id\":\"https:\\\/\\\/www.feuer-flamme.com\\\/produkt\\\/as-6030-3#primaryimage\"},\"thumbnailUrl\":\"https:\\\/\\\/www.feuer-flamme.com\\\/wp-content\\\/uploads\\\/2020\\\/09\\\/AS-6030.3.jpg\",\"datePublished\":\"2020-09-09T15:14:13+00:00\",\"dateModified\":\"2024-12-14T11:51:22+00:00\",\"breadcrumb\":{\"@id\":\"https:\\\/\\\/www.feuer-flamme.com\\\/produkt\\\/as-6030-3#breadcrumb\"},\"inLanguage\":\"da-DK\",\"potentialAction\":[{\"@type\":\"ReadAction\",\"target\":[\"https:\\\/\\\/www.feuer-flamme.com\\\/produkt\\\/as-6030-3\"]}]},{\"@type\":\"ImageObject\",\"inLanguage\":\"da-DK\",\"@id\":\"https:\\\/\\\/www.feuer-flamme.com\\\/produkt\\\/as-6030-3#primaryimage\",\"url\":\"https:\\\/\\\/www.feuer-flamme.com\\\/wp-content\\\/uploads\\\/2020\\\/09\\\/AS-6030.3.jpg\",\"contentUrl\":\"https:\\\/\\\/www.feuer-flamme.com\\\/wp-content\\\/uploads\\\/2020\\\/09\\\/AS-6030.3.jpg\",\"width\":1071,\"height\":500,\"caption\":\"Das Bild zeigt Zubeh\u00f6r f\u00fcr einen Kaminofen, bestehend aus einem Funkmodul-Set. Es umfasst verschiedene elektronische Komponenten, die zur Steuerung oder Optimierung der Funktion eines Holzofens genutzt werden k\u00f6nnen. Auf dem Bild sind verschiedene Ger\u00e4te zu sehen, die gemeinsam eine innovative Erg\u00e4nzung f\u00fcr den modernen Kaminofen darstellen. Ideal f\u00fcr diejenigen, die ihren Ofen mit smarter Technologie ausstatten m\u00f6chten.\"},{\"@type\":\"BreadcrumbList\",\"@id\":\"https:\\\/\\\/www.feuer-flamme.com\\\/produkt\\\/as-6030-3#breadcrumb\",\"itemListElement\":[{\"@type\":\"ListItem\",\"position\":1,\"name\":\"Startseite\",\"item\":\"https:\\\/\\\/www.feuer-flamme.com\\\/\"},{\"@type\":\"ListItem\",\"position\":2,\"name\":\"Feuer &#038; Flamme Kamin\u00f6fen\",\"item\":\"https:\\\/\\\/www.feuer-flamme.com\\\/shop\"},{\"@type\":\"ListItem\",\"position\":3,\"name\":\"AS-6030.3\"}]},{\"@type\":\"WebSite\",\"@id\":\"https:\\\/\\\/www.feuer-flamme.com\\\/#website\",\"url\":\"https:\\\/\\\/www.feuer-flamme.com\\\/\",\"name\":\"Feuer und Flamme\",\"description\":\"Kamin\u00d6fen\",\"publisher\":{\"@id\":\"https:\\\/\\\/www.feuer-flamme.com\\\/#organization\"},\"potentialAction\":[{\"@type\":\"SearchAction\",\"target\":{\"@type\":\"EntryPoint\",\"urlTemplate\":\"https:\\\/\\\/www.feuer-flamme.com\\\/?s={search_term_string}\"},\"query-input\":{\"@type\":\"PropertyValueSpecification\",\"valueRequired\":true,\"valueName\":\"search_term_string\"}}],\"inLanguage\":\"da-DK\"},{\"@type\":\"Organization\",\"@id\":\"https:\\\/\\\/www.feuer-flamme.com\\\/#organization\",\"name\":\"Feuer & Flamme GmbH\",\"url\":\"https:\\\/\\\/www.feuer-flamme.com\\\/\",\"logo\":{\"@type\":\"ImageObject\",\"inLanguage\":\"da-DK\",\"@id\":\"https:\\\/\\\/www.feuer-flamme.com\\\/#\\\/schema\\\/logo\\\/image\\\/\",\"url\":\"https:\\\/\\\/www.feuer-flamme.com\\\/wp-content\\\/uploads\\\/2020\\\/02\\\/Logo.jpg\",\"contentUrl\":\"https:\\\/\\\/www.feuer-flamme.com\\\/wp-content\\\/uploads\\\/2020\\\/02\\\/Logo.jpg\",\"width\":150,\"height\":150,\"caption\":\"Feuer & Flamme GmbH\"},\"image\":{\"@id\":\"https:\\\/\\\/www.feuer-flamme.com\\\/#\\\/schema\\\/logo\\\/image\\\/\"},\"sameAs\":[\"https:\\\/\\\/www.facebook.com\\\/feuer.flamme.kaminofen\\\/\"]}]}<\/script>\n<meta property=\"product:brand\" content=\"Feuer und Flamme\" \/>\n<meta property=\"product:price:amount\" content=\"159.00\" \/>\n<meta property=\"product:price:currency\" content=\"EUR\" \/>\n<meta property=\"og:availability\" content=\"instock\" \/>\n<meta property=\"product:availability\" content=\"instock\" \/>\n<meta property=\"product:condition\" content=\"new\" \/>\n<!-- \/ Yoast SEO Premium plugin. -->","yoast_head_json":{"title":"AS-6030.3 - Feuer und Flamme","robots":{"index":"index","follow":"follow","max-snippet":"max-snippet:-1","max-image-preview":"max-image-preview:large","max-video-preview":"max-video-preview:-1"},"canonical":"https:\/\/www.feuer-flamme.com\/da\/vare\/som-6030-3\/","og_locale":"da_DK","og_type":"article","og_title":"AS-6030.3","og_description":"Das Modell AS 6030.3 kontrolliert die Dunstabzugshaube in Abh\u00e4ngigkeit von Ofentemperatur und Fenster\u00f6ffnung. Mit 2 Funk-Sendern: 1 x Funk-Thermo-Sensor f\u00fcr das Ofenrohr und 1 x Funk-Mini-Sender f\u00fcr Fenster.","og_url":"https:\/\/www.feuer-flamme.com\/da\/vare\/som-6030-3\/","og_site_name":"Feuer und Flamme","article_publisher":"https:\/\/www.facebook.com\/feuer.flamme.kaminofen\/","article_modified_time":"2024-12-14T11:51:22+00:00","og_image":[{"width":1071,"height":500,"url":"https:\/\/www.feuer-flamme.com\/wp-content\/uploads\/2020\/09\/AS-6030.3.jpg","type":"image\/jpeg"}],"twitter_card":"summary_large_image","twitter_misc":{"Pris":"&euro;159,00","Tilg\u00e6ngelighed":"P\u00e5 lager"},"schema":{"@context":"https:\/\/schema.org","@graph":[{"@type":"WebPage","@id":"https:\/\/www.feuer-flamme.com\/produkt\/as-6030-3","url":"https:\/\/www.feuer-flamme.com\/produkt\/as-6030-3","name":"AS-6030.3 - Feuer und Flamme","isPartOf":{"@id":"https:\/\/www.feuer-flamme.com\/#website"},"primaryImageOfPage":{"@id":"https:\/\/www.feuer-flamme.com\/produkt\/as-6030-3#primaryimage"},"image":{"@id":"https:\/\/www.feuer-flamme.com\/produkt\/as-6030-3#primaryimage"},"thumbnailUrl":"https:\/\/www.feuer-flamme.com\/wp-content\/uploads\/2020\/09\/AS-6030.3.jpg","datePublished":"2020-09-09T15:14:13+00:00","dateModified":"2024-12-14T11:51:22+00:00","breadcrumb":{"@id":"https:\/\/www.feuer-flamme.com\/produkt\/as-6030-3#breadcrumb"},"inLanguage":"da-DK","potentialAction":[{"@type":"ReadAction","target":["https:\/\/www.feuer-flamme.com\/produkt\/as-6030-3"]}]},{"@type":"ImageObject","inLanguage":"da-DK","@id":"https:\/\/www.feuer-flamme.com\/produkt\/as-6030-3#primaryimage","url":"https:\/\/www.feuer-flamme.com\/wp-content\/uploads\/2020\/09\/AS-6030.3.jpg","contentUrl":"https:\/\/www.feuer-flamme.com\/wp-content\/uploads\/2020\/09\/AS-6030.3.jpg","width":1071,"height":500,"caption":"Das Bild zeigt Zubeh\u00f6r f\u00fcr einen Kaminofen, bestehend aus einem Funkmodul-Set. Es umfasst verschiedene elektronische Komponenten, die zur Steuerung oder Optimierung der Funktion eines Holzofens genutzt werden k\u00f6nnen. Auf dem Bild sind verschiedene Ger\u00e4te zu sehen, die gemeinsam eine innovative Erg\u00e4nzung f\u00fcr den modernen Kaminofen darstellen. Ideal f\u00fcr diejenigen, die ihren Ofen mit smarter Technologie ausstatten m\u00f6chten."},{"@type":"BreadcrumbList","@id":"https:\/\/www.feuer-flamme.com\/produkt\/as-6030-3#breadcrumb","itemListElement":[{"@type":"ListItem","position":1,"name":"Startseite","item":"https:\/\/www.feuer-flamme.com\/"},{"@type":"ListItem","position":2,"name":"Feuer &#038; Flamme Kamin\u00f6fen","item":"https:\/\/www.feuer-flamme.com\/shop"},{"@type":"ListItem","position":3,"name":"AS-6030.3"}]},{"@type":"WebSite","@id":"https:\/\/www.feuer-flamme.com\/#website","url":"https:\/\/www.feuer-flamme.com\/","name":"Feuer und Flamme","description":"Komfurer","publisher":{"@id":"https:\/\/www.feuer-flamme.com\/#organization"},"potentialAction":[{"@type":"SearchAction","target":{"@type":"EntryPoint","urlTemplate":"https:\/\/www.feuer-flamme.com\/?s={search_term_string}"},"query-input":{"@type":"PropertyValueSpecification","valueRequired":true,"valueName":"search_term_string"}}],"inLanguage":"da-DK"},{"@type":"Organization","@id":"https:\/\/www.feuer-flamme.com\/#organization","name":"Feuer &amp; Flamme Ltd.","url":"https:\/\/www.feuer-flamme.com\/","logo":{"@type":"ImageObject","inLanguage":"da-DK","@id":"https:\/\/www.feuer-flamme.com\/#\/schema\/logo\/image\/","url":"https:\/\/www.feuer-flamme.com\/wp-content\/uploads\/2020\/02\/Logo.jpg","contentUrl":"https:\/\/www.feuer-flamme.com\/wp-content\/uploads\/2020\/02\/Logo.jpg","width":150,"height":150,"caption":"Feuer & Flamme GmbH"},"image":{"@id":"https:\/\/www.feuer-flamme.com\/#\/schema\/logo\/image\/"},"sameAs":["https:\/\/www.facebook.com\/feuer.flamme.kaminofen\/"]}]},"product_brand":"Feuer und Flamme","product_price_amount":"159.00","product_price_currency":"EUR","og_availability":"instock","product_availability":"instock","product_condition":"new"},"_links":{"self":[{"href":"https:\/\/www.feuer-flamme.com\/da\/wp-json\/wp\/v2\/product\/4363","targetHints":{"allow":["GET"]}}],"collection":[{"href":"https:\/\/www.feuer-flamme.com\/da\/wp-json\/wp\/v2\/product"}],"about":[{"href":"https:\/\/www.feuer-flamme.com\/da\/wp-json\/wp\/v2\/types\/product"}],"wp:featuredmedia":[{"embeddable":true,"href":"https:\/\/www.feuer-flamme.com\/da\/wp-json\/wp\/v2\/media\/4421"}],"wp:attachment":[{"href":"https:\/\/www.feuer-flamme.com\/da\/wp-json\/wp\/v2\/media?parent=4363"}],"wp:term":[{"taxonomy":"product_brand","embeddable":true,"href":"https:\/\/www.feuer-flamme.com\/da\/wp-json\/wp\/v2\/product_brand?post=4363"},{"taxonomy":"product_cat","embeddable":true,"href":"https:\/\/www.feuer-flamme.com\/da\/wp-json\/wp\/v2\/product_cat?post=4363"},{"taxonomy":"product_tag","embeddable":true,"href":"https:\/\/www.feuer-flamme.com\/da\/wp-json\/wp\/v2\/product_tag?post=4363"}],"curies":[{"name":"wp","href":"https:\/\/api.w.org\/{rel}","templated":true}]}}