{"id":3469,"date":"2020-07-05T11:38:46","date_gmt":"2020-07-05T11:38:46","guid":{"rendered":"http:\/\/feuer-flamme.org\/?page_id=3469"},"modified":"2026-04-07T11:33:26","modified_gmt":"2026-04-07T11:33:26","slug":"berlin","status":"publish","type":"page","link":"https:\/\/www.feuer-flamme.com\/en\/berlin","title":{"rendered":"Berlin"},"content":{"rendered":"<div class=\"wpb-content-wrapper\"><div class=\"vc_row wpb_row vc_row-fluid\"><div class=\"wpb_column vc_column_container vc_col-sm-12 vc_col-has-fill\"><div class=\"vc_column-inner vc_custom_1589882757556\"><div class=\"wpb_wrapper\">\n\t<div class=\"wpb_text_column wpb_content_element vc_custom_1775561601473\" >\n\t\t<div class=\"wpb_wrapper\">\n\t\t\t<h1 id=\"sttext1\" style=\"text-align: center;\"><span lang=\"EN\" style=\"color: #999999;\"><strong><span id=\"ortadresse\"><span lang=\"DE\"><span id=\"ortadresse0\">Feuer &amp; Flamme GmbH\u00a0\u00a0<\/span>F\u00e4hrstra\u00dfe 16\u00a0 13503 Berlin<\/span><\/span><\/strong><\/span><span lang=\"EN\"><span class=\"style30\"><strong>\u00a0<\/strong><\/span><\/span><strong id=\"oeffnungszeiten\" style=\"color: #800000;\">\u00a0<\/strong><\/h1>\n<h1 style=\"text-align: center;\"><strong id=\"oeffnungszeiten\" style=\"color: #800000;\">Mi\u00a0 &#8211; Fr 10\u00b0\u00b0 &#8211; 19\u00b0\u00b0 Uhr\u00a0 Sa 10\u00b0\u00b0 &#8211; 15 \u00b0\u00b0 Uhr ge\u00f6ffnet<\/strong><\/h1>\n<p style=\"text-align: center;\"><strong id=\"oeffnungszeiten\"><\/strong><span id=\"weg\">Und so finden Sie Feuer &amp; Flamme Kamin\u00f6fen in Berlin: Tel.\u00a0Tel. 030-43731341<br \/>\nA111 Ausfahrt Schulzendorfer Str. \/ Alt Heiligensee &#8211; 2,5 km geradeaus<br \/>\ndann rechts in die F\u00e4hrstr. , und bis zum Feuer &amp; Flamme F\u00e4hrhaus geradeaus.<br \/>\n&#8211; Parkpl\u00e4tze direkt vor der Ausstellung &#8211;<\/span><\/p>\n\n\t\t<\/div>\n\t<\/div>\n<\/div><\/div><\/div><\/div><div class=\"vc_row wpb_row vc_row-fluid\"><div class=\"wpb_column vc_column_container vc_col-sm-6 vc_col-has-fill\"><div class=\"vc_column-inner vc_custom_1589635320475\"><div class=\"wpb_wrapper\"><div class=\"wpb_gmaps_widget wpb_content_element\"><div class=\"wpb_wrapper\"><div class=\"wpb_map_wraper\"><iframe loading=\"lazy\" src=\"https:\/\/maps.google.com\/maps?q=Feuer%20%26amp%3B%20Flamme%20GmbH%20Berlin&#038;t=m&#038;z=10&#038;output=embed&#038;iwloc=near\" title=\"Feuer &amp; Flamme GmbH Berlin\" aria-label=\"Feuer &amp; Flamme GmbH Berlin\" height=\"430\" ><\/iframe><\/div><\/div><\/div><\/div><\/div><\/div><div class=\"wpb_column vc_column_container vc_col-sm-6 vc_col-has-fill\"><div class=\"vc_column-inner vc_custom_1589635308875\"><div class=\"wpb_wrapper\"><div class=\"wpb_gallery wpb_content_element vc_clearfix\" ><div class=\"wpb_wrapper\"><div class=\"wpb_gallery_slides wpb_flexslider flexslider_fade flexslider\" data-interval=\"3\" data-flex_fx=\"fade\"><ul class=\"slides\"><li><a class=\"\" href=\"https:\/\/www.feuer-flamme.com\/wp-content\/uploads\/2020\/07\/Berlin1.jpg\" data-lightbox=\"lightbox[rel-3469-1710915304]\"><img decoding=\"async\" width=\"480\" height=\"360\" src=\"https:\/\/www.feuer-flamme.com\/wp-content\/uploads\/2020\/07\/Berlin1.jpg\" class=\"attachment-large\" alt=\"Gro\u00dfes, wei\u00dfes Geb\u00e4ude mit einem Werbeschild f\u00fcr Kamin\u00f6fen an der Fassade, blauem Himmel im Hintergrund.\" title=\"Berlin1\" srcset=\"https:\/\/www.feuer-flamme.com\/wp-content\/uploads\/2020\/07\/Berlin1.jpg 480w, https:\/\/www.feuer-flamme.com\/wp-content\/uploads\/2020\/07\/Berlin1-300x225.jpg 300w, https:\/\/www.feuer-flamme.com\/wp-content\/uploads\/2020\/07\/Berlin1-150x113.jpg 150w\" sizes=\"(max-width: 480px) 100vw, 480px\" \/><\/a><\/li><li><a class=\"\" href=\"https:\/\/www.feuer-flamme.com\/wp-content\/uploads\/2020\/07\/Berlin2.jpg\" data-lightbox=\"lightbox[rel-3469-1710915304]\"><img decoding=\"async\" width=\"480\" height=\"360\" src=\"https:\/\/www.feuer-flamme.com\/wp-content\/uploads\/2020\/07\/Berlin2.jpg\" class=\"attachment-large\" alt=\"Ein gem\u00fctlicher Raum, der mehrere Kamin\u00f6fen zeigt. Im Vordergrund ist ein moderner Kaminofen zu sehen, der ein elegantes Design mit klaren Linien aufweist. Im Hintergrund sind weitere Ofenmodelle sichtbar, die die Vielfalt der angebotenen Kamin\u00f6fen in diesem Online-Shop pr\u00e4sentieren. Der Raum hat eine einladende, warme Atmosph\u00e4re, die die Funktionalit\u00e4t und \u00c4sthetik der Kamin\u00f6fen betont. Ideal f\u00fcr alle, die einen stilvollen und effizienten Holzofen suchen.\" title=\"Berlin2\" srcset=\"https:\/\/www.feuer-flamme.com\/wp-content\/uploads\/2020\/07\/Berlin2.jpg 480w, https:\/\/www.feuer-flamme.com\/wp-content\/uploads\/2020\/07\/Berlin2-300x225.jpg 300w, https:\/\/www.feuer-flamme.com\/wp-content\/uploads\/2020\/07\/Berlin2-150x113.jpg 150w\" sizes=\"(max-width: 480px) 100vw, 480px\" \/><\/a><\/li><li><a class=\"\" href=\"https:\/\/www.feuer-flamme.com\/wp-content\/uploads\/2020\/07\/Berlin3.jpg\" data-lightbox=\"lightbox[rel-3469-1710915304]\"><img decoding=\"async\" width=\"480\" height=\"360\" src=\"https:\/\/www.feuer-flamme.com\/wp-content\/uploads\/2020\/07\/Berlin3.jpg\" class=\"attachment-large\" alt=\"Das Bild zeigt einen Ausstellungsraum mit mehreren Kamin\u00f6fen, die entlang der linken Wand aufgestellt sind. Die \u00d6fen pr\u00e4sentieren verschiedene Designs, die eine gem\u00fctliche Atmosph\u00e4re schaffen k\u00f6nnen. Im Vordergrund befinden sich wei\u00df gestrichene Tische und St\u00fchle, dekoriert mit Blumen. Die Raumgestaltung wirkt einladend und lichtdurchflutet, was den Fokus auf die Kamin\u00f6fen als zentrales Element f\u00fcr Wohnlichkeit und Komfort lenkt. Ideal f\u00fcr alle, die auf der Suche nach einem stilvollen und funktionalen Holzofen oder Kaminofen sind.\" title=\"Berlin3\" srcset=\"https:\/\/www.feuer-flamme.com\/wp-content\/uploads\/2020\/07\/Berlin3.jpg 480w, https:\/\/www.feuer-flamme.com\/wp-content\/uploads\/2020\/07\/Berlin3-300x225.jpg 300w, https:\/\/www.feuer-flamme.com\/wp-content\/uploads\/2020\/07\/Berlin3-150x113.jpg 150w\" sizes=\"(max-width: 480px) 100vw, 480px\" \/><\/a><\/li><li><a class=\"\" href=\"https:\/\/www.feuer-flamme.com\/wp-content\/uploads\/2020\/07\/Berlin4.jpg\" data-lightbox=\"lightbox[rel-3469-1710915304]\"><img decoding=\"async\" width=\"480\" height=\"360\" src=\"https:\/\/www.feuer-flamme.com\/wp-content\/uploads\/2020\/07\/Berlin4.jpg\" class=\"attachment-large\" alt=\"Ein Wohnzimmer mit einem stilvollen Kaminofen im Mittelpunkt. Der Kaminofen hat ein klassisches Design mit roten Kacheln und einem sichtbaren Ofenrohr. Er steht auf einem gefliesten Boden und ist von gem\u00fctlichen M\u00f6beln umgeben. Im Vordergrund befindet sich ein Tisch mit einem Blumentopf. Im Hintergrund sind weitere R\u00e4ume zu sehen. Dieser Holzofen verleiht dem Raum eine warme und einladende Atmosph\u00e4re. Perfekt f\u00fcr gem\u00fctliche Abende am Kaminofen.\" title=\"Berlin4\" srcset=\"https:\/\/www.feuer-flamme.com\/wp-content\/uploads\/2020\/07\/Berlin4.jpg 480w, https:\/\/www.feuer-flamme.com\/wp-content\/uploads\/2020\/07\/Berlin4-300x225.jpg 300w, https:\/\/www.feuer-flamme.com\/wp-content\/uploads\/2020\/07\/Berlin4-150x113.jpg 150w\" sizes=\"(max-width: 480px) 100vw, 480px\" \/><\/a><\/li><li><a class=\"\" href=\"https:\/\/www.feuer-flamme.com\/wp-content\/uploads\/2020\/07\/Berlin5.jpg\" data-lightbox=\"lightbox[rel-3469-1710915304]\"><img decoding=\"async\" width=\"480\" height=\"360\" src=\"https:\/\/www.feuer-flamme.com\/wp-content\/uploads\/2020\/07\/Berlin5.jpg\" class=\"attachment-large\" alt=\"Das Bild zeigt einen stilvoll eingerichteten Raum mit einem Kaminofen im Hintergrund. Der Kaminofen hat ein modernes, schlankes Design und ist in einem elegant eingerichteten Wohnzimmer platziert. Der Raum ist mit einem runden Holztisch und gepolsterten St\u00fchlen ausgestattet, was eine gem\u00fctliche Atmosph\u00e4re schafft. Im Vordergrund steht ein Tisch mit mehreren St\u00fchlen. Der Kaminofen dient als zentraler Blickfang und bringt W\u00e4rme und Komfort in den Raum. Perfekt als dekorativer und funktionaler Holzofen f\u00fcr zeitgen\u00f6ssische Wohnr\u00e4ume geeignet.\" title=\"Berlin5\" srcset=\"https:\/\/www.feuer-flamme.com\/wp-content\/uploads\/2020\/07\/Berlin5.jpg 480w, https:\/\/www.feuer-flamme.com\/wp-content\/uploads\/2020\/07\/Berlin5-300x225.jpg 300w, https:\/\/www.feuer-flamme.com\/wp-content\/uploads\/2020\/07\/Berlin5-150x113.jpg 150w\" sizes=\"(max-width: 480px) 100vw, 480px\" \/><\/a><\/li><\/ul><\/div><\/div><\/div><\/div><\/div><\/div><\/div><div class=\"vc_row wpb_row vc_row-fluid\"><div class=\"wpb_column vc_column_container vc_col-sm-12\"><div class=\"vc_column-inner\"><div class=\"wpb_wrapper\">\n\t<div class=\"wpb_raw_code wpb_raw_js\" >\n\t\t<div class=\"wpb_wrapper\">\n\t\t\t<!-- Google tag (gtag.js) -->\r\n<script async src=\"https:\/\/www.googletagmanager.com\/gtag\/js?id=AW-1071606647\"><\/script>\r\n<script>\r\n  window.dataLayer = window.dataLayer || [];\r\n  function gtag(){dataLayer.push(arguments);}\r\n  gtag('js', new Date());\r\n\r\n  gtag('config', 'AW-1071606647');\r\n<\/script>\r\n\n\t\t<\/div>\n\t<\/div>\n<\/div><\/div><\/div><\/div>\n<\/div>","protected":false},"excerpt":{"rendered":"Feuer &amp; Flamme GmbH  F\u00e4hrstra\u00dfe 16  13503 Berlin   Wed - Fri 10 a.m. - 7 p.m.  Sat 10 a.m. - 3 p.m.","protected":false},"author":3,"featured_media":0,"parent":0,"menu_order":0,"comment_status":"closed","ping_status":"closed","template":"","meta":{"footnotes":""},"class_list":["post-3469","page","type-page","status-publish","hentry"],"yoast_head":"<!-- This site is optimized with the Yoast SEO Premium plugin v27.2 (Yoast SEO v27.2) - https:\/\/yoast.com\/product\/yoast-seo-premium-wordpress\/ -->\n<title>Berlin - Feuer und Flamme<\/title>\n<meta name=\"description\" content=\"Feuer &amp; Flamme Berlin. Besuchen Sie unsere Kaminofen - Ausstellung im F\u00e4hrhaus Berlin-Heiligensee und lassen Sie sich beraten.\" \/>\n<meta name=\"robots\" content=\"index, follow, max-snippet:-1, max-image-preview:large, max-video-preview:-1\" \/>\n<link rel=\"canonical\" href=\"https:\/\/www.feuer-flamme.com\/en\/berlin\/\" \/>\n<meta property=\"og:locale\" content=\"en_US\" \/>\n<meta property=\"og:type\" content=\"article\" \/>\n<meta property=\"og:title\" content=\"Berlin\" \/>\n<meta property=\"og:description\" content=\"Feuer &amp; Flamme Berlin. Besuchen Sie unsere Kaminofen - Ausstellung im F\u00e4hrhaus Berlin-Heiligensee und lassen Sie sich beraten.\" \/>\n<meta property=\"og:url\" content=\"https:\/\/www.feuer-flamme.com\/en\/berlin\/\" \/>\n<meta property=\"og:site_name\" content=\"Feuer und Flamme\" \/>\n<meta property=\"article:publisher\" content=\"https:\/\/www.facebook.com\/feuer.flamme.kaminofen\/\" \/>\n<meta property=\"article:modified_time\" content=\"2026-04-07T11:33:26+00:00\" \/>\n<meta name=\"twitter:card\" content=\"summary_large_image\" \/>\n<meta name=\"twitter:label1\" content=\"Est. reading time\" \/>\n\t<meta name=\"twitter:data1\" content=\"1 minute\" \/>\n<script type=\"application\/ld+json\" class=\"yoast-schema-graph\">{\"@context\":\"https:\/\/schema.org\",\"@graph\":[{\"@type\":\"WebPage\",\"@id\":\"https:\/\/www.feuer-flamme.com\/berlin\",\"url\":\"https:\/\/www.feuer-flamme.com\/berlin\",\"name\":\"Berlin - Feuer und Flamme\",\"isPartOf\":{\"@id\":\"https:\/\/www.feuer-flamme.com\/#website\"},\"datePublished\":\"2020-07-05T11:38:46+00:00\",\"dateModified\":\"2026-04-07T11:33:26+00:00\",\"description\":\"Feuer & Flamme Berlin. Besuchen Sie unsere Kaminofen - Ausstellung im F\u00e4hrhaus Berlin-Heiligensee und lassen Sie sich beraten.\",\"breadcrumb\":{\"@id\":\"https:\/\/www.feuer-flamme.com\/berlin#breadcrumb\"},\"inLanguage\":\"en-US\",\"potentialAction\":[{\"@type\":\"ReadAction\",\"target\":[\"https:\/\/www.feuer-flamme.com\/berlin\"]}]},{\"@type\":\"BreadcrumbList\",\"@id\":\"https:\/\/www.feuer-flamme.com\/berlin#breadcrumb\",\"itemListElement\":[{\"@type\":\"ListItem\",\"position\":1,\"name\":\"Startseite\",\"item\":\"https:\/\/www.feuer-flamme.com\/\"},{\"@type\":\"ListItem\",\"position\":2,\"name\":\"Berlin\"}]},{\"@type\":\"WebSite\",\"@id\":\"https:\/\/www.feuer-flamme.com\/#website\",\"url\":\"https:\/\/www.feuer-flamme.com\/\",\"name\":\"Feuer und Flamme\",\"description\":\"Kamin\u00d6fen\",\"publisher\":{\"@id\":\"https:\/\/www.feuer-flamme.com\/#organization\"},\"potentialAction\":[{\"@type\":\"SearchAction\",\"target\":{\"@type\":\"EntryPoint\",\"urlTemplate\":\"https:\/\/www.feuer-flamme.com\/?s={search_term_string}\"},\"query-input\":{\"@type\":\"PropertyValueSpecification\",\"valueRequired\":true,\"valueName\":\"search_term_string\"}}],\"inLanguage\":\"en-US\"},{\"@type\":\"Organization\",\"@id\":\"https:\/\/www.feuer-flamme.com\/#organization\",\"name\":\"Feuer & Flamme GmbH\",\"url\":\"https:\/\/www.feuer-flamme.com\/\",\"logo\":{\"@type\":\"ImageObject\",\"inLanguage\":\"en-US\",\"@id\":\"https:\/\/www.feuer-flamme.com\/#\/schema\/logo\/image\/\",\"url\":\"https:\/\/www.feuer-flamme.com\/wp-content\/uploads\/2020\/02\/Logo.jpg\",\"contentUrl\":\"https:\/\/www.feuer-flamme.com\/wp-content\/uploads\/2020\/02\/Logo.jpg\",\"width\":150,\"height\":150,\"caption\":\"Feuer & Flamme GmbH\"},\"image\":{\"@id\":\"https:\/\/www.feuer-flamme.com\/#\/schema\/logo\/image\/\"},\"sameAs\":[\"https:\/\/www.facebook.com\/feuer.flamme.kaminofen\/\"]}]}<\/script>\n<!-- \/ Yoast SEO Premium plugin. -->","yoast_head_json":{"title":"Berlin - Feuer und Flamme","description":"Feuer &amp; Flamme Berlin. Visit our stove exhibition at the F\u00e4hrhaus Berlin-Heiligensee and let us advise you.","robots":{"index":"index","follow":"follow","max-snippet":"max-snippet:-1","max-image-preview":"max-image-preview:large","max-video-preview":"max-video-preview:-1"},"canonical":"https:\/\/www.feuer-flamme.com\/en\/berlin\/","og_locale":"en_US","og_type":"article","og_title":"Berlin","og_description":"Feuer & Flamme Berlin. Besuchen Sie unsere Kaminofen - Ausstellung im F\u00e4hrhaus Berlin-Heiligensee und lassen Sie sich beraten.","og_url":"https:\/\/www.feuer-flamme.com\/en\/berlin\/","og_site_name":"Feuer und Flamme","article_publisher":"https:\/\/www.facebook.com\/feuer.flamme.kaminofen\/","article_modified_time":"2026-04-07T11:33:26+00:00","twitter_card":"summary_large_image","twitter_misc":{"Est. reading time":"1 minute"},"schema":{"@context":"https:\/\/schema.org","@graph":[{"@type":"WebPage","@id":"https:\/\/www.feuer-flamme.com\/berlin","url":"https:\/\/www.feuer-flamme.com\/berlin","name":"Berlin - Feuer und Flamme","isPartOf":{"@id":"https:\/\/www.feuer-flamme.com\/#website"},"datePublished":"2020-07-05T11:38:46+00:00","dateModified":"2026-04-07T11:33:26+00:00","description":"Feuer &amp; Flamme Berlin. Visit our stove exhibition at the F\u00e4hrhaus Berlin-Heiligensee and let us advise you.","breadcrumb":{"@id":"https:\/\/www.feuer-flamme.com\/berlin#breadcrumb"},"inLanguage":"en-US","potentialAction":[{"@type":"ReadAction","target":["https:\/\/www.feuer-flamme.com\/berlin"]}]},{"@type":"BreadcrumbList","@id":"https:\/\/www.feuer-flamme.com\/berlin#breadcrumb","itemListElement":[{"@type":"ListItem","position":1,"name":"Startseite","item":"https:\/\/www.feuer-flamme.com\/"},{"@type":"ListItem","position":2,"name":"Berlin"}]},{"@type":"WebSite","@id":"https:\/\/www.feuer-flamme.com\/#website","url":"https:\/\/www.feuer-flamme.com\/","name":"Feuer und Flamme","description":"Fireplace stoves","publisher":{"@id":"https:\/\/www.feuer-flamme.com\/#organization"},"potentialAction":[{"@type":"SearchAction","target":{"@type":"EntryPoint","urlTemplate":"https:\/\/www.feuer-flamme.com\/?s={search_term_string}"},"query-input":{"@type":"PropertyValueSpecification","valueRequired":true,"valueName":"search_term_string"}}],"inLanguage":"en-US"},{"@type":"Organization","@id":"https:\/\/www.feuer-flamme.com\/#organization","name":"Feuer &amp; Flamme LLC","url":"https:\/\/www.feuer-flamme.com\/","logo":{"@type":"ImageObject","inLanguage":"en-US","@id":"https:\/\/www.feuer-flamme.com\/#\/schema\/logo\/image\/","url":"https:\/\/www.feuer-flamme.com\/wp-content\/uploads\/2020\/02\/Logo.jpg","contentUrl":"https:\/\/www.feuer-flamme.com\/wp-content\/uploads\/2020\/02\/Logo.jpg","width":150,"height":150,"caption":"Feuer & Flamme GmbH"},"image":{"@id":"https:\/\/www.feuer-flamme.com\/#\/schema\/logo\/image\/"},"sameAs":["https:\/\/www.facebook.com\/feuer.flamme.kaminofen\/"]}]}},"_links":{"self":[{"href":"https:\/\/www.feuer-flamme.com\/en\/wp-json\/wp\/v2\/pages\/3469","targetHints":{"allow":["GET"]}}],"collection":[{"href":"https:\/\/www.feuer-flamme.com\/en\/wp-json\/wp\/v2\/pages"}],"about":[{"href":"https:\/\/www.feuer-flamme.com\/en\/wp-json\/wp\/v2\/types\/page"}],"author":[{"embeddable":true,"href":"https:\/\/www.feuer-flamme.com\/en\/wp-json\/wp\/v2\/users\/3"}],"replies":[{"embeddable":true,"href":"https:\/\/www.feuer-flamme.com\/en\/wp-json\/wp\/v2\/comments?post=3469"}],"version-history":[{"count":20,"href":"https:\/\/www.feuer-flamme.com\/en\/wp-json\/wp\/v2\/pages\/3469\/revisions"}],"predecessor-version":[{"id":8389,"href":"https:\/\/www.feuer-flamme.com\/en\/wp-json\/wp\/v2\/pages\/3469\/revisions\/8389"}],"wp:attachment":[{"href":"https:\/\/www.feuer-flamme.com\/en\/wp-json\/wp\/v2\/media?parent=3469"}],"curies":[{"name":"wp","href":"https:\/\/api.w.org\/{rel}","templated":true}]}}