{"id":3448,"date":"2020-07-04T09:13:00","date_gmt":"2020-07-04T09:13:00","guid":{"rendered":"http:\/\/feuer-flamme.org\/?post_type=product&#038;p=3448"},"modified":"2024-12-13T12:18:31","modified_gmt":"2024-12-13T12:18:31","slug":"angle-45-black-120","status":"publish","type":"product","link":"https:\/\/www.feuer-flamme.com\/en\/produkt\/winkel-45-schwarz-120","title":{"rendered":"45\u00b0 angle black 120"},"content":{"rendered":"<div class=\"wpb-content-wrapper\"><div class=\"vc_row wpb_row vc_row-fluid\"><div class=\"wpb_column vc_column_container vc_col-sm-12\"><div class=\"vc_column-inner\"><div class=\"wpb_wrapper\">\n\t<div class=\"wpb_text_column wpb_content_element\" >\n\t\t<div class=\"wpb_wrapper\">\n\t\t\t<p>Angle piece \u00d8 120, 45 degrees, black<u><br \/>\n<\/u><\/p>\n<p><u>Technical data:<\/u><\/p>\n<p>Material: 2 mm steel<br \/>\nColor: black<br \/>\nLength of the outer leg: 200 mm<br \/>\nLength of the inner leg: 135 mm<br \/>\nLength of the taper: 45 mm<\/p>\n<p>See technical drawing for further details.<\/p>\n<p>Distance to combustible materials: 450 mm<br \/>\nDistance with simple radiation protection: 400 mm<br \/>\nDistance with double radiation protection: 300 mm<br \/>\nSoot fire resistance: yes<\/p>\n<p><u>technical specifications:<\/u><\/p>\n<p>CE marking: yes<br \/>\nDIN EN 1856-2<br \/>\n07<br \/>\n0036 CPD 91268 001<br \/>\nT400-N1-D-VmL01200-G450N<\/p>\n\n\t\t<\/div>\n\t<\/div>\n<style data-type=\"vc_shortcodes-custom-css\">.vc_custom_1733308228591{margin-top: 0% !important;margin-right: 0% !important;margin-bottom: 0% !important;margin-left: 0% !important;border-top-width: 1px !important;border-right-width: 1px !important;border-bottom-width: 1px !important;border-left-width: 1px !important;padding-left: 4% !important;border-color: #E5E5E5 !important;}.vc_custom_1734005188032{border-top-width: 1px !important;border-right-width: 1px !important;border-bottom-width: 1px !important;border-left-width: 1px !important;padding-top: 4% !important;padding-right: 4% !important;padding-bottom: 4% !important;padding-left: 4% !important;border-left-style: solid !important;border-right-style: solid !important;border-top-style: solid !important;border-bottom-style: solid !important;border-radius: 1px !important;border-color: #E5E5E5 !important;}<\/style><div class=\"wpb-content-wrapper\"><div class=\"vc_row wpb_row vc_row-fluid\"><div class=\"wpb_column vc_column_container vc_col-sm-12 vc_col-has-fill wd-rs-67502f36d4460\"><div class=\"vc_column-inner vc_custom_1733308228591\"><div class=\"wpb_wrapper\">\n\t<div class=\"wpb_text_column wpb_content_element vc_custom_1734005188032\" >\n\t\t<div class=\"wpb_wrapper\">\n\t\t\t<p><strong>Product Safety Regulation<\/strong><br \/>\nEconomic operator Name: Color Emajl d.o.o.<br \/>\nAddress: Alaginci 87\/a, 34000 Po\u017eega, Croatia<br \/>\nE-mail: info@color.hr<\/p>\n\n\t\t<\/div>\n\t<\/div>\n<\/div><\/div><\/div><\/div><\/div><\/div><\/div><\/div><\/div>\n<\/div>","protected":false},"excerpt":{"rendered":"<p>Angle 45\u00b0 130 mm black<\/p>","protected":false},"featured_media":3385,"template":"","meta":[],"product_brand":[],"product_cat":[127,30],"product_tag":[192],"class_list":{"0":"post-3448","1":"product","2":"type-product","3":"status-publish","4":"has-post-thumbnail","6":"product_cat-ofenrohre","7":"product_cat-zubehoer","8":"product_tag-ofenrohr-50-cm-150mm-schwarz","9":"product_shipping_class-feuer-und-flamme","10":"pa_hersteller-feuerund-flamme","11":"pa_o-120mm","12":"pa_versandkosten-238","14":"first","15":"instock","16":"taxable","17":"shipping-taxable","18":"purchasable","19":"product-type-simple"},"yoast_head":"<!-- This site is optimized with the Yoast SEO Premium plugin v27.5 (Yoast SEO v27.5) - https:\/\/yoast.com\/product\/yoast-seo-premium-wordpress\/ -->\n<title>Winkel 45\u00b0 schwarz 120 - Feuer und Flamme<\/title>\n<meta name=\"robots\" content=\"index, follow, max-snippet:-1, max-image-preview:large, max-video-preview:-1\" \/>\n<link rel=\"canonical\" href=\"https:\/\/www.feuer-flamme.com\/en\/product-2\/angle-45-black-120\/\" \/>\n<meta property=\"og:locale\" content=\"en_US\" \/>\n<meta property=\"og:type\" content=\"article\" \/>\n<meta property=\"og:title\" content=\"Winkel 45\u00b0 schwarz 120\" \/>\n<meta property=\"og:description\" content=\"Winkel 45\u00b0 130 mm schwarz\" \/>\n<meta property=\"og:url\" content=\"https:\/\/www.feuer-flamme.com\/en\/product-2\/angle-45-black-120\/\" \/>\n<meta property=\"og:site_name\" content=\"Feuer und Flamme\" \/>\n<meta property=\"article:publisher\" content=\"https:\/\/www.facebook.com\/feuer.flamme.kaminofen\/\" \/>\n<meta property=\"article:modified_time\" content=\"2024-12-13T12:18:31+00:00\" \/>\n<meta property=\"og:image\" content=\"https:\/\/www.feuer-flamme.com\/wp-content\/uploads\/2020\/06\/Winkel45-150-schwarz.jpg\" \/>\n\t<meta property=\"og:image:width\" content=\"500\" \/>\n\t<meta property=\"og:image:height\" content=\"400\" \/>\n\t<meta property=\"og:image:type\" content=\"image\/jpeg\" \/>\n<meta name=\"twitter:card\" content=\"summary_large_image\" \/>\n<meta name=\"twitter:label1\" content=\"Price\" \/>\n\t<meta name=\"twitter:data1\" content=\"&euro;28,00\" \/>\n\t<meta name=\"twitter:label2\" content=\"Availability\" \/>\n\t<meta name=\"twitter:data2\" content=\"In stock\" \/>\n<script type=\"application\/ld+json\" class=\"yoast-schema-graph\">{\"@context\":\"https:\\\/\\\/schema.org\",\"@graph\":[{\"@type\":\"WebPage\",\"@id\":\"https:\\\/\\\/www.feuer-flamme.com\\\/produkt\\\/winkel-45-schwarz-120\",\"url\":\"https:\\\/\\\/www.feuer-flamme.com\\\/produkt\\\/winkel-45-schwarz-120\",\"name\":\"Winkel 45\u00b0 schwarz 120 - Feuer und Flamme\",\"isPartOf\":{\"@id\":\"https:\\\/\\\/www.feuer-flamme.com\\\/#website\"},\"primaryImageOfPage\":{\"@id\":\"https:\\\/\\\/www.feuer-flamme.com\\\/produkt\\\/winkel-45-schwarz-120#primaryimage\"},\"image\":{\"@id\":\"https:\\\/\\\/www.feuer-flamme.com\\\/produkt\\\/winkel-45-schwarz-120#primaryimage\"},\"thumbnailUrl\":\"https:\\\/\\\/www.feuer-flamme.com\\\/wp-content\\\/uploads\\\/2020\\\/06\\\/Winkel45-150-schwarz.jpg\",\"datePublished\":\"2020-07-04T09:13:00+00:00\",\"dateModified\":\"2024-12-13T12:18:31+00:00\",\"breadcrumb\":{\"@id\":\"https:\\\/\\\/www.feuer-flamme.com\\\/produkt\\\/winkel-45-schwarz-120#breadcrumb\"},\"inLanguage\":\"en-US\",\"potentialAction\":[{\"@type\":\"ReadAction\",\"target\":[\"https:\\\/\\\/www.feuer-flamme.com\\\/produkt\\\/winkel-45-schwarz-120\"]}]},{\"@type\":\"ImageObject\",\"inLanguage\":\"en-US\",\"@id\":\"https:\\\/\\\/www.feuer-flamme.com\\\/produkt\\\/winkel-45-schwarz-120#primaryimage\",\"url\":\"https:\\\/\\\/www.feuer-flamme.com\\\/wp-content\\\/uploads\\\/2020\\\/06\\\/Winkel45-150-schwarz.jpg\",\"contentUrl\":\"https:\\\/\\\/www.feuer-flamme.com\\\/wp-content\\\/uploads\\\/2020\\\/06\\\/Winkel45-150-schwarz.jpg\",\"width\":500,\"height\":400,\"caption\":\"Ein schwarzes Winkelrohr mit einem 45-Grad-Winkel, geeignet f\u00fcr Kamin\u00f6fen. Dieses Ofenrohr ist ein wichtiges Zubeh\u00f6rteil f\u00fcr die sichere und effiziente Ableitung von Rauch im Holzofen. Ideal f\u00fcr die Verbindung und Anpassung der Rauchrohrf\u00fchrung.\"},{\"@type\":\"BreadcrumbList\",\"@id\":\"https:\\\/\\\/www.feuer-flamme.com\\\/produkt\\\/winkel-45-schwarz-120#breadcrumb\",\"itemListElement\":[{\"@type\":\"ListItem\",\"position\":1,\"name\":\"Startseite\",\"item\":\"https:\\\/\\\/www.feuer-flamme.com\\\/\"},{\"@type\":\"ListItem\",\"position\":2,\"name\":\"Feuer &#038; Flamme Kamin\u00f6fen\",\"item\":\"https:\\\/\\\/www.feuer-flamme.com\\\/shop\"},{\"@type\":\"ListItem\",\"position\":3,\"name\":\"Winkel 45\u00b0 schwarz 120\"}]},{\"@type\":\"WebSite\",\"@id\":\"https:\\\/\\\/www.feuer-flamme.com\\\/#website\",\"url\":\"https:\\\/\\\/www.feuer-flamme.com\\\/\",\"name\":\"Feuer und Flamme\",\"description\":\"Kamin\u00d6fen\",\"publisher\":{\"@id\":\"https:\\\/\\\/www.feuer-flamme.com\\\/#organization\"},\"potentialAction\":[{\"@type\":\"SearchAction\",\"target\":{\"@type\":\"EntryPoint\",\"urlTemplate\":\"https:\\\/\\\/www.feuer-flamme.com\\\/?s={search_term_string}\"},\"query-input\":{\"@type\":\"PropertyValueSpecification\",\"valueRequired\":true,\"valueName\":\"search_term_string\"}}],\"inLanguage\":\"en-US\"},{\"@type\":\"Organization\",\"@id\":\"https:\\\/\\\/www.feuer-flamme.com\\\/#organization\",\"name\":\"Feuer & Flamme GmbH\",\"url\":\"https:\\\/\\\/www.feuer-flamme.com\\\/\",\"logo\":{\"@type\":\"ImageObject\",\"inLanguage\":\"en-US\",\"@id\":\"https:\\\/\\\/www.feuer-flamme.com\\\/#\\\/schema\\\/logo\\\/image\\\/\",\"url\":\"https:\\\/\\\/www.feuer-flamme.com\\\/wp-content\\\/uploads\\\/2020\\\/02\\\/Logo.jpg\",\"contentUrl\":\"https:\\\/\\\/www.feuer-flamme.com\\\/wp-content\\\/uploads\\\/2020\\\/02\\\/Logo.jpg\",\"width\":150,\"height\":150,\"caption\":\"Feuer & Flamme GmbH\"},\"image\":{\"@id\":\"https:\\\/\\\/www.feuer-flamme.com\\\/#\\\/schema\\\/logo\\\/image\\\/\"},\"sameAs\":[\"https:\\\/\\\/www.facebook.com\\\/feuer.flamme.kaminofen\\\/\"]}]}<\/script>\n<meta property=\"product:brand\" content=\"Feuer und Flamme\" \/>\n<meta property=\"product:price:amount\" content=\"28.00\" \/>\n<meta property=\"product:price:currency\" content=\"EUR\" \/>\n<meta property=\"og:availability\" content=\"instock\" \/>\n<meta property=\"product:availability\" content=\"instock\" \/>\n<meta property=\"product:retailer_item_id\" content=\"020221\" \/>\n<meta property=\"product:condition\" content=\"new\" \/>\n<!-- \/ Yoast SEO Premium plugin. -->","yoast_head_json":{"title":"45\u00b0 angle black 120 - Feuer und Flamme","robots":{"index":"index","follow":"follow","max-snippet":"max-snippet:-1","max-image-preview":"max-image-preview:large","max-video-preview":"max-video-preview:-1"},"canonical":"https:\/\/www.feuer-flamme.com\/en\/product-2\/angle-45-black-120\/","og_locale":"en_US","og_type":"article","og_title":"Winkel 45\u00b0 schwarz 120","og_description":"Winkel 45\u00b0 130 mm schwarz","og_url":"https:\/\/www.feuer-flamme.com\/en\/product-2\/angle-45-black-120\/","og_site_name":"Feuer und Flamme","article_publisher":"https:\/\/www.facebook.com\/feuer.flamme.kaminofen\/","article_modified_time":"2024-12-13T12:18:31+00:00","og_image":[{"width":500,"height":400,"url":"https:\/\/www.feuer-flamme.com\/wp-content\/uploads\/2020\/06\/Winkel45-150-schwarz.jpg","type":"image\/jpeg"}],"twitter_card":"summary_large_image","twitter_misc":{"Price":"&euro;28,00","Availability":"In stock"},"schema":{"@context":"https:\/\/schema.org","@graph":[{"@type":"WebPage","@id":"https:\/\/www.feuer-flamme.com\/produkt\/winkel-45-schwarz-120","url":"https:\/\/www.feuer-flamme.com\/produkt\/winkel-45-schwarz-120","name":"45\u00b0 angle black 120 - Feuer und Flamme","isPartOf":{"@id":"https:\/\/www.feuer-flamme.com\/#website"},"primaryImageOfPage":{"@id":"https:\/\/www.feuer-flamme.com\/produkt\/winkel-45-schwarz-120#primaryimage"},"image":{"@id":"https:\/\/www.feuer-flamme.com\/produkt\/winkel-45-schwarz-120#primaryimage"},"thumbnailUrl":"https:\/\/www.feuer-flamme.com\/wp-content\/uploads\/2020\/06\/Winkel45-150-schwarz.jpg","datePublished":"2020-07-04T09:13:00+00:00","dateModified":"2024-12-13T12:18:31+00:00","breadcrumb":{"@id":"https:\/\/www.feuer-flamme.com\/produkt\/winkel-45-schwarz-120#breadcrumb"},"inLanguage":"en-US","potentialAction":[{"@type":"ReadAction","target":["https:\/\/www.feuer-flamme.com\/produkt\/winkel-45-schwarz-120"]}]},{"@type":"ImageObject","inLanguage":"en-US","@id":"https:\/\/www.feuer-flamme.com\/produkt\/winkel-45-schwarz-120#primaryimage","url":"https:\/\/www.feuer-flamme.com\/wp-content\/uploads\/2020\/06\/Winkel45-150-schwarz.jpg","contentUrl":"https:\/\/www.feuer-flamme.com\/wp-content\/uploads\/2020\/06\/Winkel45-150-schwarz.jpg","width":500,"height":400,"caption":"Ein schwarzes Winkelrohr mit einem 45-Grad-Winkel, geeignet f\u00fcr Kamin\u00f6fen. Dieses Ofenrohr ist ein wichtiges Zubeh\u00f6rteil f\u00fcr die sichere und effiziente Ableitung von Rauch im Holzofen. Ideal f\u00fcr die Verbindung und Anpassung der Rauchrohrf\u00fchrung."},{"@type":"BreadcrumbList","@id":"https:\/\/www.feuer-flamme.com\/produkt\/winkel-45-schwarz-120#breadcrumb","itemListElement":[{"@type":"ListItem","position":1,"name":"Startseite","item":"https:\/\/www.feuer-flamme.com\/"},{"@type":"ListItem","position":2,"name":"Feuer &#038; Flamme Kamin\u00f6fen","item":"https:\/\/www.feuer-flamme.com\/shop"},{"@type":"ListItem","position":3,"name":"Winkel 45\u00b0 schwarz 120"}]},{"@type":"WebSite","@id":"https:\/\/www.feuer-flamme.com\/#website","url":"https:\/\/www.feuer-flamme.com\/","name":"Feuer und Flamme","description":"Fireplace stoves","publisher":{"@id":"https:\/\/www.feuer-flamme.com\/#organization"},"potentialAction":[{"@type":"SearchAction","target":{"@type":"EntryPoint","urlTemplate":"https:\/\/www.feuer-flamme.com\/?s={search_term_string}"},"query-input":{"@type":"PropertyValueSpecification","valueRequired":true,"valueName":"search_term_string"}}],"inLanguage":"en-US"},{"@type":"Organization","@id":"https:\/\/www.feuer-flamme.com\/#organization","name":"Feuer &amp; Flamme LLC","url":"https:\/\/www.feuer-flamme.com\/","logo":{"@type":"ImageObject","inLanguage":"en-US","@id":"https:\/\/www.feuer-flamme.com\/#\/schema\/logo\/image\/","url":"https:\/\/www.feuer-flamme.com\/wp-content\/uploads\/2020\/02\/Logo.jpg","contentUrl":"https:\/\/www.feuer-flamme.com\/wp-content\/uploads\/2020\/02\/Logo.jpg","width":150,"height":150,"caption":"Feuer & Flamme GmbH"},"image":{"@id":"https:\/\/www.feuer-flamme.com\/#\/schema\/logo\/image\/"},"sameAs":["https:\/\/www.facebook.com\/feuer.flamme.kaminofen\/"]}]},"product_brand":"Feuer und Flamme","product_price_amount":"28.00","product_price_currency":"EUR","og_availability":"instock","product_availability":"instock","product_retailer_item_id":"020221","product_condition":"new"},"_links":{"self":[{"href":"https:\/\/www.feuer-flamme.com\/en\/wp-json\/wp\/v2\/product\/3448","targetHints":{"allow":["GET"]}}],"collection":[{"href":"https:\/\/www.feuer-flamme.com\/en\/wp-json\/wp\/v2\/product"}],"about":[{"href":"https:\/\/www.feuer-flamme.com\/en\/wp-json\/wp\/v2\/types\/product"}],"wp:featuredmedia":[{"embeddable":true,"href":"https:\/\/www.feuer-flamme.com\/en\/wp-json\/wp\/v2\/media\/3385"}],"wp:attachment":[{"href":"https:\/\/www.feuer-flamme.com\/en\/wp-json\/wp\/v2\/media?parent=3448"}],"wp:term":[{"taxonomy":"product_brand","embeddable":true,"href":"https:\/\/www.feuer-flamme.com\/en\/wp-json\/wp\/v2\/product_brand?post=3448"},{"taxonomy":"product_cat","embeddable":true,"href":"https:\/\/www.feuer-flamme.com\/en\/wp-json\/wp\/v2\/product_cat?post=3448"},{"taxonomy":"product_tag","embeddable":true,"href":"https:\/\/www.feuer-flamme.com\/en\/wp-json\/wp\/v2\/product_tag?post=3448"}],"curies":[{"name":"wp","href":"https:\/\/api.w.org\/{rel}","templated":true}]}}