{"id":4364,"date":"2020-09-09T15:16:15","date_gmt":"2020-09-09T15:16:15","guid":{"rendered":"https:\/\/feuer-flamme.com\/?post_type=product&#038;p=4364"},"modified":"2025-02-10T10:38:06","modified_gmt":"2025-02-10T10:38:06","slug":"as-7030","status":"publish","type":"product","link":"https:\/\/www.feuer-flamme.com\/en\/produkt\/as-7030","title":{"rendered":"AS-7030"},"content":{"rendered":"<div class=\"wpb-content-wrapper\"><div class=\"vc_row wpb_row vc_row-fluid vc_custom_1599662442470 vc_row-has-fill\"><div class=\"wpb_column vc_column_container vc_col-sm-12\"><div class=\"vc_column-inner\"><div class=\"wpb_wrapper\">\n\t<div class=\"wpb_text_column wpb_content_element\" >\n\t\t<div class=\"wpb_wrapper\">\n\t\t\t<h4>PRODUCT DESCRIPTION<\/h4>\n<ul>\n<li>Manufacturer product code: AS-7030<\/li>\n<li>DIBT approval: Z-85.2-19<\/li>\n<li>\u00a0saves heating costs and avoids unnecessary continuous ventilation<\/li>\n<\/ul>\n<ul>\n<li>\u00a0Plug-in fuse incl. main switch for Schuko and Euro plugs<\/li>\n<\/ul>\n<ul>\n<li>\u00a0Wireless window contact in mini housing, housing in white and brown (for wooden windows)<\/li>\n<\/ul>\n<ul>\n<li>\u00a0incl. battery, battery life up to 5 years<\/li>\n<\/ul>\n<ul>\n<li>\u00a0Maximum load capacity 1800 watts (BA), operating voltage 230V\/ 50HZ<\/li>\n<\/ul>\n<ul>\n<li>\u00a0Radio range up to 50 meters (free field)<\/li>\n<\/ul>\n<ul>\n<li>\u00a0Radio frequency: 868 Mhz (coded)<\/li>\n<\/ul>\n<ul>\n<li style=\"list-style-type: none;\">\n<ul>\n<li>\n<h3>SCOPE OF DELIVERY:<\/h3>\n<p>&nbsp;<\/p>\n<ul>\n<li>1 x transmitter for windows with magnetic contact + replacement housing in brown<\/li>\n<li>1 x CR7477A battery<\/li>\n<li>1 x transmitter for stovepipe incl. mounting material<\/li>\n<li>1 x switchgear<\/li>\n<li>2 x safety catch<\/li>\n<li>1 x assembly material\/instructions<\/li>\n<\/ul>\n<p class=\"bodytext\">\n<\/li>\n<\/ul>\n<\/li>\n<\/ul>\n<p>&nbsp;<\/p>\n<ul>\n<li><strong>Power supply:<\/strong><\/li>\n<li>Window transmitter: 1x 3V Lithium CR2477A<\/li>\n<li>Thermo transmitter: 3x 1.5V Mignon battery<\/li>\n<li>Receiver: 230V\/50Hz<\/li>\n<\/ul>\n<ul>\n<li style=\"list-style-type: none;\">\n<ul>\n<li>\n<h3>MASS<\/h3>\n<p>&nbsp;<\/p>\n<ul>\n<li>Window transmitter: 70 x 30 x x22 mm (WxHxD)<\/li>\n<li>Thermal transmitter: 48 x 120 x x22 mm (WxHxD)<\/li>\n<li>Receiver: 62 x 141 x 90 mm (WxHxD)<\/li>\n<\/ul>\n<p>&nbsp;<\/li>\n<\/ul>\n<\/li>\n<\/ul>\n<p>&nbsp;<\/p>\n<h3>EXPANDABLE:<\/h3>\n<p class=\"bodytext\">- Up to 16 radio transmitters can be programmed<\/p>\n<p class=\"bodytext\">- These can be connected individually or in series<\/p>\n<h3>OPTIONAL ADDITIONAL TRANSMITTERS:<\/h3>\n<p class=\"bodytext\"><strong>Model AS F20\u00a0<\/strong>Additional WINDOW transmitter, e.g. for an existing conservatory or opening an additional window<\/p>\n<p class=\"bodytext\"><strong>Model AS T30<\/strong>\u00a0Additional THERMO transmitter, e.g. when operating an additional fireplace\/stove<strong>\u00a0<\/strong><\/p>\n<p class=\"bodytext\"><strong>Model AS R40\u00a0<\/strong>Additional roller shutter transmitter, e.g. when operating an upstream roller shutter, a 5 m cable feed-through to the roller shutter must be provided on site<\/p>\n\n\t\t<\/div>\n\t<\/div>\n<\/div><\/div><\/div><\/div><div class=\"vc_row wpb_row vc_row-fluid vc_custom_1599662972517 vc_row-has-fill\"><div class=\"wpb_column vc_column_container vc_col-sm-3\"><div class=\"vc_column-inner vc_custom_1599662575273\"><div class=\"wpb_wrapper\"><div id=\"wd-5f58f20ec3b44\" class=\"wd-rs-5f58f20ec3b44  wd-button-wrapper text-left\"><a href=\"https:\/\/feuer-flamme.com\/wp-content\/uploads\/2020\/09\/AS-7000-Anleitung.pdf\" title=\"Instructions-download\" target=\"_blank\" class=\"btn btn-color-alt btn-style-default btn-shape-semi-round btn-size-default\">Instructions-download<\/a><\/div><\/div><\/div><\/div><div class=\"wpb_column vc_column_container vc_col-sm-3\"><div class=\"vc_column-inner vc_custom_1599662583569\"><div class=\"wpb_wrapper\"><div id=\"wd-5f58f220baef0\" class=\"wd-rs-5f58f220baef0  wd-button-wrapper text-left\"><a href=\"https:\/\/feuer-flamme.com\/wp-content\/uploads\/2020\/09\/AS-7030.pdf\" title=\"\" target=\"_blank\" class=\"btn btn-color-alt btn-style-default btn-shape-semi-round btn-size-default\">-download<\/a><\/div><\/div><\/div><\/div><\/div><div class=\"vc_row wpb_row vc_row-fluid\"><div class=\"wpb_column vc_column_container vc_col-sm-12\"><div class=\"vc_column-inner\"><div class=\"wpb_wrapper\"><style data-type=\"vc_shortcodes-custom-css\">.vc_custom_1733308228591{margin-top: 0% !important;margin-right: 0% !important;margin-bottom: 0% !important;margin-left: 0% !important;border-top-width: 1px !important;border-right-width: 1px !important;border-bottom-width: 1px !important;border-left-width: 1px !important;padding-left: 4% !important;border-color: #E5E5E5 !important;}.vc_custom_1734176429563{border-top-width: 1px !important;border-right-width: 1px !important;border-bottom-width: 1px !important;border-left-width: 1px !important;padding-top: 4% !important;padding-right: 4% !important;padding-bottom: 4% !important;padding-left: 4% !important;border-left-style: solid !important;border-right-style: solid !important;border-top-style: solid !important;border-bottom-style: solid !important;border-radius: 1px !important;border-color: #E5E5E5 !important;}<\/style><div class=\"wpb-content-wrapper\"><div class=\"vc_row wpb_row vc_row-fluid\"><div class=\"wpb_column vc_column_container vc_col-sm-12 vc_col-has-fill wd-rs-67502f36d4460\"><div class=\"vc_column-inner vc_custom_1733308228591\"><div class=\"wpb_wrapper\">\n\t<div class=\"wpb_text_column wpb_content_element vc_custom_1734176429563\" >\n\t\t<div class=\"wpb_wrapper\">\n\t\t\t<p><strong>Product Safety Regulation<\/strong><br \/>\nEconomic operator Name: Protector GmbH<br \/>\nAddress: An den Kolonaten 37, 26160 Bad Zwischenahn, DE<br \/>\nE-mail: info@protector24.de<\/p>\n\n\t\t<\/div>\n\t<\/div>\n<\/div><\/div><\/div><\/div><\/div><\/div><\/div><\/div><\/div>\n<\/div>","protected":false},"excerpt":{"rendered":"<p class=\"bodytext\">KOMFORT radio exhaust air control, model AS 7030 with DIBT approval. With 2 radio transmitters:<\/p>\n<p class=\"bodytext\">1 x radio thermo transmitter for the stove pipe and 1 x radio mini transmitter for the window. This control system is expandable.<\/p>","protected":false},"featured_media":4423,"template":"","meta":[],"product_brand":[],"product_cat":[191,30],"product_tag":[],"class_list":{"0":"post-4364","1":"product","2":"type-product","3":"status-publish","4":"has-post-thumbnail","6":"product_cat-fensterkontaktschalter","7":"product_cat-zubehoer","8":"product_shipping_class-feuer-und-flamme","9":"pa_hersteller-feuerund-flamme","10":"pa_versandkosten-238","12":"first","13":"instock","14":"taxable","15":"shipping-taxable","16":"purchasable","17":"product-type-simple"},"yoast_head":"<!-- This site is optimized with the Yoast SEO Premium plugin v27.5 (Yoast SEO v27.5) - https:\/\/yoast.com\/product\/yoast-seo-premium-wordpress\/ -->\n<title>AS-7030 - Feuer und Flamme<\/title>\n<meta name=\"robots\" content=\"index, follow, max-snippet:-1, max-image-preview:large, max-video-preview:-1\" \/>\n<link rel=\"canonical\" href=\"https:\/\/www.feuer-flamme.com\/en\/product-2\/as-7030\/\" \/>\n<meta property=\"og:locale\" content=\"en_US\" \/>\n<meta property=\"og:type\" content=\"article\" \/>\n<meta property=\"og:title\" content=\"AS-7030\" \/>\n<meta property=\"og:description\" content=\"Funk-Abluftsteuerung KOMFORT, Modell AS 7030 mit DIBT-Zulassung. Mit 2 Funk-Sendern: 1 x Funk-Thermo-Sender f\u00fcr das \u00a0Ofenrohr und 1 x Funk-Mini-Sender f\u00fcr das Fenster. Diese Steuerung ist erweiterbar.\" \/>\n<meta property=\"og:url\" content=\"https:\/\/www.feuer-flamme.com\/en\/product-2\/as-7030\/\" \/>\n<meta property=\"og:site_name\" content=\"Feuer und Flamme\" \/>\n<meta property=\"article:publisher\" content=\"https:\/\/www.facebook.com\/feuer.flamme.kaminofen\/\" \/>\n<meta property=\"article:modified_time\" content=\"2025-02-10T10:38:06+00:00\" \/>\n<meta property=\"og:image\" content=\"https:\/\/www.feuer-flamme.com\/wp-content\/uploads\/2020\/09\/AS-7030.jpg\" \/>\n\t<meta property=\"og:image:width\" content=\"723\" \/>\n\t<meta property=\"og:image:height\" content=\"500\" \/>\n\t<meta property=\"og:image:type\" content=\"image\/jpeg\" \/>\n<meta name=\"twitter:card\" content=\"summary_large_image\" \/>\n<meta name=\"twitter:label1\" content=\"Price\" \/>\n\t<meta name=\"twitter:data1\" content=\"&euro;249,00\" \/>\n\t<meta name=\"twitter:label2\" content=\"Availability\" \/>\n\t<meta name=\"twitter:data2\" content=\"In stock\" \/>\n<script type=\"application\/ld+json\" class=\"yoast-schema-graph\">{\"@context\":\"https:\\\/\\\/schema.org\",\"@graph\":[{\"@type\":\"WebPage\",\"@id\":\"https:\\\/\\\/www.feuer-flamme.com\\\/produkt\\\/as-7030\",\"url\":\"https:\\\/\\\/www.feuer-flamme.com\\\/produkt\\\/as-7030\",\"name\":\"AS-7030 - Feuer und Flamme\",\"isPartOf\":{\"@id\":\"https:\\\/\\\/www.feuer-flamme.com\\\/#website\"},\"primaryImageOfPage\":{\"@id\":\"https:\\\/\\\/www.feuer-flamme.com\\\/produkt\\\/as-7030#primaryimage\"},\"image\":{\"@id\":\"https:\\\/\\\/www.feuer-flamme.com\\\/produkt\\\/as-7030#primaryimage\"},\"thumbnailUrl\":\"https:\\\/\\\/www.feuer-flamme.com\\\/wp-content\\\/uploads\\\/2020\\\/09\\\/AS-7030.jpg\",\"datePublished\":\"2020-09-09T15:16:15+00:00\",\"dateModified\":\"2025-02-10T10:38:06+00:00\",\"breadcrumb\":{\"@id\":\"https:\\\/\\\/www.feuer-flamme.com\\\/produkt\\\/as-7030#breadcrumb\"},\"inLanguage\":\"en-US\",\"potentialAction\":[{\"@type\":\"ReadAction\",\"target\":[\"https:\\\/\\\/www.feuer-flamme.com\\\/produkt\\\/as-7030\"]}]},{\"@type\":\"ImageObject\",\"inLanguage\":\"en-US\",\"@id\":\"https:\\\/\\\/www.feuer-flamme.com\\\/produkt\\\/as-7030#primaryimage\",\"url\":\"https:\\\/\\\/www.feuer-flamme.com\\\/wp-content\\\/uploads\\\/2020\\\/09\\\/AS-7030.jpg\",\"contentUrl\":\"https:\\\/\\\/www.feuer-flamme.com\\\/wp-content\\\/uploads\\\/2020\\\/09\\\/AS-7030.jpg\",\"width\":723,\"height\":500,\"caption\":\"Das Bild zeigt ein Set von Zubeh\u00f6r f\u00fcr Kamin\u00f6fen, einschlie\u00dflich eines Schutzsystems. Es besteht aus mehreren elektronischen Ger\u00e4ten, die wahrscheinlich zur \u00dcberwachung und Sicherheit des Kaminofens beitragen. Diese Ger\u00e4te k\u00f6nnten Temperatur- oder Rauchmelder sein und bieten zus\u00e4tzlichen Schutz f\u00fcr den Betrieb eines Holzofens. Die dargestellten Ger\u00e4te sind in einem schlichten, modernen Design gehalten.\"},{\"@type\":\"BreadcrumbList\",\"@id\":\"https:\\\/\\\/www.feuer-flamme.com\\\/produkt\\\/as-7030#breadcrumb\",\"itemListElement\":[{\"@type\":\"ListItem\",\"position\":1,\"name\":\"Startseite\",\"item\":\"https:\\\/\\\/www.feuer-flamme.com\\\/\"},{\"@type\":\"ListItem\",\"position\":2,\"name\":\"Feuer &#038; Flamme Kamin\u00f6fen\",\"item\":\"https:\\\/\\\/www.feuer-flamme.com\\\/shop\"},{\"@type\":\"ListItem\",\"position\":3,\"name\":\"AS-7030\"}]},{\"@type\":\"WebSite\",\"@id\":\"https:\\\/\\\/www.feuer-flamme.com\\\/#website\",\"url\":\"https:\\\/\\\/www.feuer-flamme.com\\\/\",\"name\":\"Feuer und Flamme\",\"description\":\"Kamin\u00d6fen\",\"publisher\":{\"@id\":\"https:\\\/\\\/www.feuer-flamme.com\\\/#organization\"},\"potentialAction\":[{\"@type\":\"SearchAction\",\"target\":{\"@type\":\"EntryPoint\",\"urlTemplate\":\"https:\\\/\\\/www.feuer-flamme.com\\\/?s={search_term_string}\"},\"query-input\":{\"@type\":\"PropertyValueSpecification\",\"valueRequired\":true,\"valueName\":\"search_term_string\"}}],\"inLanguage\":\"en-US\"},{\"@type\":\"Organization\",\"@id\":\"https:\\\/\\\/www.feuer-flamme.com\\\/#organization\",\"name\":\"Feuer & Flamme GmbH\",\"url\":\"https:\\\/\\\/www.feuer-flamme.com\\\/\",\"logo\":{\"@type\":\"ImageObject\",\"inLanguage\":\"en-US\",\"@id\":\"https:\\\/\\\/www.feuer-flamme.com\\\/#\\\/schema\\\/logo\\\/image\\\/\",\"url\":\"https:\\\/\\\/www.feuer-flamme.com\\\/wp-content\\\/uploads\\\/2020\\\/02\\\/Logo.jpg\",\"contentUrl\":\"https:\\\/\\\/www.feuer-flamme.com\\\/wp-content\\\/uploads\\\/2020\\\/02\\\/Logo.jpg\",\"width\":150,\"height\":150,\"caption\":\"Feuer & Flamme GmbH\"},\"image\":{\"@id\":\"https:\\\/\\\/www.feuer-flamme.com\\\/#\\\/schema\\\/logo\\\/image\\\/\"},\"sameAs\":[\"https:\\\/\\\/www.facebook.com\\\/feuer.flamme.kaminofen\\\/\"]}]}<\/script>\n<meta property=\"product:brand\" content=\"Feuer und Flamme\" \/>\n<meta property=\"product:price:amount\" content=\"249.00\" \/>\n<meta property=\"product:price:currency\" content=\"EUR\" \/>\n<meta property=\"og:availability\" content=\"instock\" \/>\n<meta property=\"product:availability\" content=\"instock\" \/>\n<meta property=\"product:retailer_item_id\" content=\"10037\" \/>\n<meta property=\"product:condition\" content=\"new\" \/>\n<!-- \/ Yoast SEO Premium plugin. -->","yoast_head_json":{"title":"AS-7030 - Feuer und Flamme","robots":{"index":"index","follow":"follow","max-snippet":"max-snippet:-1","max-image-preview":"max-image-preview:large","max-video-preview":"max-video-preview:-1"},"canonical":"https:\/\/www.feuer-flamme.com\/en\/product-2\/as-7030\/","og_locale":"en_US","og_type":"article","og_title":"AS-7030","og_description":"Funk-Abluftsteuerung KOMFORT, Modell AS 7030 mit DIBT-Zulassung. Mit 2 Funk-Sendern: 1 x Funk-Thermo-Sender f\u00fcr das \u00a0Ofenrohr und 1 x Funk-Mini-Sender f\u00fcr das Fenster. Diese Steuerung ist erweiterbar.","og_url":"https:\/\/www.feuer-flamme.com\/en\/product-2\/as-7030\/","og_site_name":"Feuer und Flamme","article_publisher":"https:\/\/www.facebook.com\/feuer.flamme.kaminofen\/","article_modified_time":"2025-02-10T10:38:06+00:00","og_image":[{"width":723,"height":500,"url":"https:\/\/www.feuer-flamme.com\/wp-content\/uploads\/2020\/09\/AS-7030.jpg","type":"image\/jpeg"}],"twitter_card":"summary_large_image","twitter_misc":{"Price":"&euro;249,00","Availability":"In stock"},"schema":{"@context":"https:\/\/schema.org","@graph":[{"@type":"WebPage","@id":"https:\/\/www.feuer-flamme.com\/produkt\/as-7030","url":"https:\/\/www.feuer-flamme.com\/produkt\/as-7030","name":"AS-7030 - Feuer und Flamme","isPartOf":{"@id":"https:\/\/www.feuer-flamme.com\/#website"},"primaryImageOfPage":{"@id":"https:\/\/www.feuer-flamme.com\/produkt\/as-7030#primaryimage"},"image":{"@id":"https:\/\/www.feuer-flamme.com\/produkt\/as-7030#primaryimage"},"thumbnailUrl":"https:\/\/www.feuer-flamme.com\/wp-content\/uploads\/2020\/09\/AS-7030.jpg","datePublished":"2020-09-09T15:16:15+00:00","dateModified":"2025-02-10T10:38:06+00:00","breadcrumb":{"@id":"https:\/\/www.feuer-flamme.com\/produkt\/as-7030#breadcrumb"},"inLanguage":"en-US","potentialAction":[{"@type":"ReadAction","target":["https:\/\/www.feuer-flamme.com\/produkt\/as-7030"]}]},{"@type":"ImageObject","inLanguage":"en-US","@id":"https:\/\/www.feuer-flamme.com\/produkt\/as-7030#primaryimage","url":"https:\/\/www.feuer-flamme.com\/wp-content\/uploads\/2020\/09\/AS-7030.jpg","contentUrl":"https:\/\/www.feuer-flamme.com\/wp-content\/uploads\/2020\/09\/AS-7030.jpg","width":723,"height":500,"caption":"Das Bild zeigt ein Set von Zubeh\u00f6r f\u00fcr Kamin\u00f6fen, einschlie\u00dflich eines Schutzsystems. Es besteht aus mehreren elektronischen Ger\u00e4ten, die wahrscheinlich zur \u00dcberwachung und Sicherheit des Kaminofens beitragen. Diese Ger\u00e4te k\u00f6nnten Temperatur- oder Rauchmelder sein und bieten zus\u00e4tzlichen Schutz f\u00fcr den Betrieb eines Holzofens. Die dargestellten Ger\u00e4te sind in einem schlichten, modernen Design gehalten."},{"@type":"BreadcrumbList","@id":"https:\/\/www.feuer-flamme.com\/produkt\/as-7030#breadcrumb","itemListElement":[{"@type":"ListItem","position":1,"name":"Startseite","item":"https:\/\/www.feuer-flamme.com\/"},{"@type":"ListItem","position":2,"name":"Feuer &#038; Flamme Kamin\u00f6fen","item":"https:\/\/www.feuer-flamme.com\/shop"},{"@type":"ListItem","position":3,"name":"AS-7030"}]},{"@type":"WebSite","@id":"https:\/\/www.feuer-flamme.com\/#website","url":"https:\/\/www.feuer-flamme.com\/","name":"Feuer und Flamme","description":"Fireplace stoves","publisher":{"@id":"https:\/\/www.feuer-flamme.com\/#organization"},"potentialAction":[{"@type":"SearchAction","target":{"@type":"EntryPoint","urlTemplate":"https:\/\/www.feuer-flamme.com\/?s={search_term_string}"},"query-input":{"@type":"PropertyValueSpecification","valueRequired":true,"valueName":"search_term_string"}}],"inLanguage":"en-US"},{"@type":"Organization","@id":"https:\/\/www.feuer-flamme.com\/#organization","name":"Feuer &amp; Flamme LLC","url":"https:\/\/www.feuer-flamme.com\/","logo":{"@type":"ImageObject","inLanguage":"en-US","@id":"https:\/\/www.feuer-flamme.com\/#\/schema\/logo\/image\/","url":"https:\/\/www.feuer-flamme.com\/wp-content\/uploads\/2020\/02\/Logo.jpg","contentUrl":"https:\/\/www.feuer-flamme.com\/wp-content\/uploads\/2020\/02\/Logo.jpg","width":150,"height":150,"caption":"Feuer & Flamme GmbH"},"image":{"@id":"https:\/\/www.feuer-flamme.com\/#\/schema\/logo\/image\/"},"sameAs":["https:\/\/www.facebook.com\/feuer.flamme.kaminofen\/"]}]},"product_brand":"Feuer und Flamme","product_price_amount":"249.00","product_price_currency":"EUR","og_availability":"instock","product_availability":"instock","product_retailer_item_id":"10037","product_condition":"new"},"_links":{"self":[{"href":"https:\/\/www.feuer-flamme.com\/en\/wp-json\/wp\/v2\/product\/4364","targetHints":{"allow":["GET"]}}],"collection":[{"href":"https:\/\/www.feuer-flamme.com\/en\/wp-json\/wp\/v2\/product"}],"about":[{"href":"https:\/\/www.feuer-flamme.com\/en\/wp-json\/wp\/v2\/types\/product"}],"wp:featuredmedia":[{"embeddable":true,"href":"https:\/\/www.feuer-flamme.com\/en\/wp-json\/wp\/v2\/media\/4423"}],"wp:attachment":[{"href":"https:\/\/www.feuer-flamme.com\/en\/wp-json\/wp\/v2\/media?parent=4364"}],"wp:term":[{"taxonomy":"product_brand","embeddable":true,"href":"https:\/\/www.feuer-flamme.com\/en\/wp-json\/wp\/v2\/product_brand?post=4364"},{"taxonomy":"product_cat","embeddable":true,"href":"https:\/\/www.feuer-flamme.com\/en\/wp-json\/wp\/v2\/product_cat?post=4364"},{"taxonomy":"product_tag","embeddable":true,"href":"https:\/\/www.feuer-flamme.com\/en\/wp-json\/wp\/v2\/product_tag?post=4364"}],"curies":[{"name":"wp","href":"https:\/\/api.w.org\/{rel}","templated":true}]}}