{"id":3472,"date":"2020-07-05T11:39:50","date_gmt":"2020-07-05T11:39:50","guid":{"rendered":"http:\/\/feuer-flamme.org\/?page_id=3472"},"modified":"2026-04-21T16:06:08","modified_gmt":"2026-04-21T16:06:08","slug":"lueneburg","status":"publish","type":"page","link":"https:\/\/www.feuer-flamme.com\/nl\/lueneburg","title":{"rendered":"L\u00fcneburg"},"content":{"rendered":"<div class=\"wpb-content-wrapper\"><div class=\"vc_row wpb_row vc_row-fluid\"><div class=\"wpb_column vc_column_container vc_col-sm-12 vc_col-has-fill\"><div class=\"vc_column-inner vc_custom_1589882757556\"><div class=\"wpb_wrapper\">\n\t<div class=\"wpb_text_column wpb_content_element vc_custom_1776762009784\" >\n\t\t<div class=\"wpb_wrapper\">\n\t\t\t<h1 id=\"sttext1\" style=\"text-align: center;\"><span lang=\"EN\" style=\"color: #999999;\"><strong><span id=\"ortadresse\"><span id=\"ortadresse0\">Feuer &amp; Flamme GmbH\u00a0\u00a0<\/span>Mehlbachstrift 10\u00a0 21339 L\u00fcneburg<\/span><\/strong><\/span><\/h1>\n<h2 style=\"text-align: center;\"><span lang=\"EN\" style=\"color: #800000;\"><span class=\"style30\"><strong id=\"oeffnungszeiten\">\u00d6ffnungszeiten:\u00a0 Mo &#8211;<\/strong><\/span><\/span><strong id=\"oeffnungszeiten\" style=\"color: #800000;\">\u00a0Fr 10 \u2013 19 Uhr Sa 10 \u2013 15 Uhr<\/strong><\/h2>\n<div id=\"sttext3\" style=\"text-align: center;\">ACHTUNG BAUSTELLE :Von B4 abbiegen in &#8222;Auf der Hude&#8220;, dann links in die &#8222;Goseburgstrasse&#8220;, dem Strassenverlauf folgen, bis &#8222;Mehlbachstrift&#8220;, in der Kurve links &#8222;Mehlbachstrift 10&#8220; = Feuer und Flamme<\/div>\n<div style=\"text-align: center;\"><span id=\"weg\">(Und so finden Sie Feuer &amp; Flamme Kamin\u00f6fen in L\u00fcneburg: Tel. 04131 &#8211; 32 34 2<br \/>\nA 39\u00a0 Ausfahrt L\u00fcneburg-Nord Richtung L\u00fcneburg bei Mc Donalds links dann ca. 500m der Hauptstra\u00dfe folgen.)<br \/>\n&#8211; Parkpl\u00e4tze direkt vor der Ausstellung &#8211;<\/span><\/div>\n\n\t\t<\/div>\n\t<\/div>\n<\/div><\/div><\/div><\/div><div class=\"vc_row wpb_row vc_row-fluid\"><div class=\"wpb_column vc_column_container vc_col-sm-6 vc_col-has-fill\"><div class=\"vc_column-inner vc_custom_1589635320475\"><div class=\"wpb_wrapper\"><div class=\"wpb_gmaps_widget wpb_content_element\"><div class=\"wpb_wrapper\"><div class=\"wpb_map_wraper\"><iframe loading=\"lazy\" src=\"https:\/\/maps.google.com\/maps?q=Feuer%20%26amp%3B%20Flamme%20GmbH%20L%C3%BCneburg&#038;t=m&#038;z=10&#038;output=embed&#038;iwloc=near\" title=\"Feuer &amp; Flamme GmbH L\u00fcneburg\" aria-label=\"Feuer &amp; Flamme GmbH L\u00fcneburg\" height=\"430\" ><\/iframe><\/div><\/div><\/div><\/div><\/div><\/div><div class=\"wpb_column vc_column_container vc_col-sm-6 vc_col-has-fill\"><div class=\"vc_column-inner vc_custom_1589635308875\"><div class=\"wpb_wrapper\"><div class=\"wpb_gallery wpb_content_element vc_clearfix\" ><div class=\"wpb_wrapper\"><div class=\"wpb_gallery_slides wpb_flexslider flexslider_fade flexslider\" data-interval=\"3\" data-flex_fx=\"fade\"><ul class=\"slides\"><li><a class=\"\" href=\"https:\/\/www.feuer-flamme.com\/wp-content\/uploads\/2020\/07\/L\u00fcneburg1.jpg\" data-lightbox=\"lightbox[rel-3472-3965667274]\"><img decoding=\"async\" width=\"480\" height=\"363\" src=\"https:\/\/www.feuer-flamme.com\/wp-content\/uploads\/2020\/07\/L\u00fcneburg1.jpg\" class=\"attachment-large\" alt=\"Das Bild zeigt einen stilvollen Kaminofen in einem gem\u00fctlichen Wohnraum. Der Kaminofen, mit einer eleganten Steinverkleidung, steht auf einer runden Glasplatte. Durch die gro\u00dfz\u00fcgige Sichtscheibe des Holzofens kann man das lebendige Flammenspiel beobachten. Der Raum ist minimalistisch eingerichtet, mit einem bequemen Sessel und einem Beistelltisch, und strahlt eine warme, einladende Atmosph\u00e4re aus. Der Kaminofen ist ein sch\u00f6ner Blickfang und eignet sich perfekt zum Heizen und f\u00fcr behagliche Abende.\" title=\"L\u00fcneburg1\" srcset=\"https:\/\/www.feuer-flamme.com\/wp-content\/uploads\/2020\/07\/L\u00fcneburg1.jpg 480w, https:\/\/www.feuer-flamme.com\/wp-content\/uploads\/2020\/07\/L\u00fcneburg1-300x227.jpg 300w, https:\/\/www.feuer-flamme.com\/wp-content\/uploads\/2020\/07\/L\u00fcneburg1-150x113.jpg 150w\" sizes=\"(max-width: 480px) 100vw, 480px\" \/><\/a><\/li><li><a class=\"\" href=\"https:\/\/www.feuer-flamme.com\/wp-content\/uploads\/2020\/07\/L\u00fcneburg5.jpg\" data-lightbox=\"lightbox[rel-3472-3965667274]\"><img decoding=\"async\" width=\"480\" height=\"363\" src=\"https:\/\/www.feuer-flamme.com\/wp-content\/uploads\/2020\/07\/L\u00fcneburg5.jpg\" class=\"attachment-large\" alt=\"Das Bild zeigt einen stilvollen Kaminofen, der in einem gem\u00fctlichen Raum steht. Der Ofen hat ein klassisches Design mit einem gro\u00dfen Sichtfenster, durch das die lebendigen Flammen im Inneren sichtbar sind. Diese bieten nicht nur eine ansprechende W\u00e4rmequelle, sondern tragen auch zur Wohlf\u00fchlatmosph\u00e4re bei. Der Kaminofen ist aus robustem Material gefertigt und steht auf eleganten Beinen. Im Hintergrund sind K\u00f6rbe und weitere Einrichtungsgegenst\u00e4nde sichtbar, die eine einladende Umgebung schaffen. Perfekt f\u00fcr alle, die die W\u00e4rme eines traditionellen Holzofens suchen.\" title=\"L\u00fcneburg5\" srcset=\"https:\/\/www.feuer-flamme.com\/wp-content\/uploads\/2020\/07\/L\u00fcneburg5.jpg 480w, https:\/\/www.feuer-flamme.com\/wp-content\/uploads\/2020\/07\/L\u00fcneburg5-300x227.jpg 300w, https:\/\/www.feuer-flamme.com\/wp-content\/uploads\/2020\/07\/L\u00fcneburg5-150x113.jpg 150w\" sizes=\"(max-width: 480px) 100vw, 480px\" \/><\/a><\/li><li><a class=\"\" href=\"https:\/\/www.feuer-flamme.com\/wp-content\/uploads\/2020\/07\/L\u00fcneburg4.jpg\" data-lightbox=\"lightbox[rel-3472-3965667274]\"><img decoding=\"async\" width=\"480\" height=\"363\" src=\"https:\/\/www.feuer-flamme.com\/wp-content\/uploads\/2020\/07\/L\u00fcneburg4.jpg\" class=\"attachment-large\" alt=\"Das Bild zeigt einen eleganten Kaminofen in einem modernen Wohnzimmer. Der Ofen hat eine gro\u00dfe Glasfront, durch die ein lebendiges Feuer sichtbar ist, und darunter ein Holzfach, das dekorativ gef\u00fcllt ist. Der Kaminofen steht auf einer Glasplatte und f\u00fcgt sich harmonisch in die gem\u00fctliche Raumgestaltung ein. Im Hintergrund sind ein stilvolles Sofa, ein Teppich und ein Tisch mit Kerzen zu sehen. Dieses Design ist perfekt f\u00fcr alle, die ihrem Zuhause mit einem ansprechenden Holzofen eine warme und einladende Atmosph\u00e4re verleihen m\u00f6chten.\" title=\"L\u00fcneburg4\" srcset=\"https:\/\/www.feuer-flamme.com\/wp-content\/uploads\/2020\/07\/L\u00fcneburg4.jpg 480w, https:\/\/www.feuer-flamme.com\/wp-content\/uploads\/2020\/07\/L\u00fcneburg4-300x227.jpg 300w, https:\/\/www.feuer-flamme.com\/wp-content\/uploads\/2020\/07\/L\u00fcneburg4-150x113.jpg 150w\" sizes=\"(max-width: 480px) 100vw, 480px\" \/><\/a><\/li><li><a class=\"\" href=\"https:\/\/www.feuer-flamme.com\/wp-content\/uploads\/2020\/07\/L\u00fcneburg3.jpg\" data-lightbox=\"lightbox[rel-3472-3965667274]\"><img decoding=\"async\" width=\"480\" height=\"363\" src=\"https:\/\/www.feuer-flamme.com\/wp-content\/uploads\/2020\/07\/L\u00fcneburg3.jpg\" class=\"attachment-large\" alt=\"Roter Kaminofen mit zwei T\u00fcren. Links Feuer, rechts Backfach mit Essen. Zwei T\u00f6pfe auf der Ofenplatte.\" title=\"L\u00fcneburg3\" srcset=\"https:\/\/www.feuer-flamme.com\/wp-content\/uploads\/2020\/07\/L\u00fcneburg3.jpg 480w, https:\/\/www.feuer-flamme.com\/wp-content\/uploads\/2020\/07\/L\u00fcneburg3-300x227.jpg 300w, https:\/\/www.feuer-flamme.com\/wp-content\/uploads\/2020\/07\/L\u00fcneburg3-150x113.jpg 150w\" sizes=\"(max-width: 480px) 100vw, 480px\" \/><\/a><\/li><li><a class=\"\" href=\"https:\/\/www.feuer-flamme.com\/wp-content\/uploads\/2020\/07\/L\u00fcneburg2.jpg\" data-lightbox=\"lightbox[rel-3472-3965667274]\"><img decoding=\"async\" width=\"480\" height=\"363\" src=\"https:\/\/www.feuer-flamme.com\/wp-content\/uploads\/2020\/07\/L\u00fcneburg2.jpg\" class=\"attachment-large\" alt=\"Moderner schwarzer Kaminofen in elegantem Wohnzimmer, mit brennendem Feuer und Holzkorb auf Holzboden.\" title=\"L\u00fcneburg2\" srcset=\"https:\/\/www.feuer-flamme.com\/wp-content\/uploads\/2020\/07\/L\u00fcneburg2.jpg 480w, https:\/\/www.feuer-flamme.com\/wp-content\/uploads\/2020\/07\/L\u00fcneburg2-300x227.jpg 300w, https:\/\/www.feuer-flamme.com\/wp-content\/uploads\/2020\/07\/L\u00fcneburg2-150x113.jpg 150w\" sizes=\"(max-width: 480px) 100vw, 480px\" \/><\/a><\/li><\/ul><\/div><\/div><\/div><\/div><\/div><\/div><\/div><div class=\"vc_row wpb_row vc_row-fluid\"><div class=\"wpb_column vc_column_container vc_col-sm-12\"><div class=\"vc_column-inner\"><div class=\"wpb_wrapper\"><\/div><\/div><\/div><\/div>\n<\/div>","protected":false},"excerpt":{"rendered":"Feuer &amp; Flamme GmbH\u00a0\u00a0Mehlbachstrift 10\u00a0 21339 L\u00fcneburg \u00d6ffnungszeiten:\u00a0 Mo -\u00a0Fr 10 \u2013 19 Uhr Sa 10 \u2013 15 Uhr ACHTUNG","protected":false},"author":3,"featured_media":0,"parent":0,"menu_order":0,"comment_status":"closed","ping_status":"closed","template":"","meta":{"footnotes":""},"class_list":["post-3472","page","type-page","status-publish","hentry"],"yoast_head":"<!-- This site is optimized with the Yoast SEO Premium plugin v27.5 (Yoast SEO v27.5) - https:\/\/yoast.com\/product\/yoast-seo-premium-wordpress\/ -->\n<title>Kamin\u00f6fen in L\u00fcneburg - Feuer und Flamme<\/title>\n<meta name=\"description\" content=\"Besuchen Sie unsere gro\u00dfe Kaminofen Ausstellung in L\u00fcneburg und lassen Sie sich in gem\u00fctlicher Atmosp\u00e4re beraten.\" \/>\n<meta name=\"robots\" content=\"index, follow, max-snippet:-1, max-image-preview:large, max-video-preview:-1\" \/>\n<link rel=\"canonical\" href=\"https:\/\/www.feuer-flamme.com\/nl\/lueneburg\/\" \/>\n<meta property=\"og:locale\" content=\"nl_NL\" \/>\n<meta property=\"og:type\" content=\"article\" \/>\n<meta property=\"og:title\" content=\"L\u00fcneburg\" \/>\n<meta property=\"og:description\" content=\"Besuchen Sie unsere gro\u00dfe Kaminofen Ausstellung in L\u00fcneburg und lassen Sie sich in gem\u00fctlicher Atmosp\u00e4re beraten.\" \/>\n<meta property=\"og:url\" content=\"https:\/\/www.feuer-flamme.com\/nl\/lueneburg\/\" \/>\n<meta property=\"og:site_name\" content=\"Feuer und Flamme\" \/>\n<meta property=\"article:publisher\" content=\"https:\/\/www.facebook.com\/feuer.flamme.kaminofen\/\" \/>\n<meta property=\"article:modified_time\" content=\"2026-04-21T16:06:08+00:00\" \/>\n<meta name=\"twitter:card\" content=\"summary_large_image\" \/>\n<meta name=\"twitter:label1\" content=\"Geschatte leestijd\" \/>\n\t<meta name=\"twitter:data1\" content=\"1 minuut\" \/>\n<script type=\"application\/ld+json\" class=\"yoast-schema-graph\">{\"@context\":\"https:\\\/\\\/schema.org\",\"@graph\":[{\"@type\":\"WebPage\",\"@id\":\"https:\\\/\\\/www.feuer-flamme.com\\\/lueneburg\",\"url\":\"https:\\\/\\\/www.feuer-flamme.com\\\/lueneburg\",\"name\":\"Kamin\u00f6fen in L\u00fcneburg - Feuer und Flamme\",\"isPartOf\":{\"@id\":\"https:\\\/\\\/www.feuer-flamme.com\\\/#website\"},\"datePublished\":\"2020-07-05T11:39:50+00:00\",\"dateModified\":\"2026-04-21T16:06:08+00:00\",\"description\":\"Besuchen Sie unsere gro\u00dfe Kaminofen Ausstellung in L\u00fcneburg und lassen Sie sich in gem\u00fctlicher Atmosp\u00e4re beraten.\",\"breadcrumb\":{\"@id\":\"https:\\\/\\\/www.feuer-flamme.com\\\/lueneburg#breadcrumb\"},\"inLanguage\":\"nl-NL\",\"potentialAction\":[{\"@type\":\"ReadAction\",\"target\":[\"https:\\\/\\\/www.feuer-flamme.com\\\/lueneburg\"]}]},{\"@type\":\"BreadcrumbList\",\"@id\":\"https:\\\/\\\/www.feuer-flamme.com\\\/lueneburg#breadcrumb\",\"itemListElement\":[{\"@type\":\"ListItem\",\"position\":1,\"name\":\"Startseite\",\"item\":\"https:\\\/\\\/www.feuer-flamme.com\\\/\"},{\"@type\":\"ListItem\",\"position\":2,\"name\":\"L\u00fcneburg\"}]},{\"@type\":\"WebSite\",\"@id\":\"https:\\\/\\\/www.feuer-flamme.com\\\/#website\",\"url\":\"https:\\\/\\\/www.feuer-flamme.com\\\/\",\"name\":\"Feuer und Flamme\",\"description\":\"Kamin\u00d6fen\",\"publisher\":{\"@id\":\"https:\\\/\\\/www.feuer-flamme.com\\\/#organization\"},\"potentialAction\":[{\"@type\":\"SearchAction\",\"target\":{\"@type\":\"EntryPoint\",\"urlTemplate\":\"https:\\\/\\\/www.feuer-flamme.com\\\/?s={search_term_string}\"},\"query-input\":{\"@type\":\"PropertyValueSpecification\",\"valueRequired\":true,\"valueName\":\"search_term_string\"}}],\"inLanguage\":\"nl-NL\"},{\"@type\":\"Organization\",\"@id\":\"https:\\\/\\\/www.feuer-flamme.com\\\/#organization\",\"name\":\"Feuer & Flamme GmbH\",\"url\":\"https:\\\/\\\/www.feuer-flamme.com\\\/\",\"logo\":{\"@type\":\"ImageObject\",\"inLanguage\":\"nl-NL\",\"@id\":\"https:\\\/\\\/www.feuer-flamme.com\\\/#\\\/schema\\\/logo\\\/image\\\/\",\"url\":\"https:\\\/\\\/www.feuer-flamme.com\\\/wp-content\\\/uploads\\\/2020\\\/02\\\/Logo.jpg\",\"contentUrl\":\"https:\\\/\\\/www.feuer-flamme.com\\\/wp-content\\\/uploads\\\/2020\\\/02\\\/Logo.jpg\",\"width\":150,\"height\":150,\"caption\":\"Feuer & Flamme GmbH\"},\"image\":{\"@id\":\"https:\\\/\\\/www.feuer-flamme.com\\\/#\\\/schema\\\/logo\\\/image\\\/\"},\"sameAs\":[\"https:\\\/\\\/www.facebook.com\\\/feuer.flamme.kaminofen\\\/\"]}]}<\/script>\n<!-- \/ Yoast SEO Premium plugin. -->","yoast_head_json":{"title":"Kachels in L\u00fcneburg - Feuer und Flamme","description":"Bezoek onze grote open haardenshowroom in L\u00fcneburg en laat u adviseren in een gezellige sfeer.","robots":{"index":"index","follow":"follow","max-snippet":"max-snippet:-1","max-image-preview":"max-image-preview:large","max-video-preview":"max-video-preview:-1"},"canonical":"https:\/\/www.feuer-flamme.com\/nl\/lueneburg\/","og_locale":"nl_NL","og_type":"article","og_title":"L\u00fcneburg","og_description":"Besuchen Sie unsere gro\u00dfe Kaminofen Ausstellung in L\u00fcneburg und lassen Sie sich in gem\u00fctlicher Atmosp\u00e4re beraten.","og_url":"https:\/\/www.feuer-flamme.com\/nl\/lueneburg\/","og_site_name":"Feuer und Flamme","article_publisher":"https:\/\/www.facebook.com\/feuer.flamme.kaminofen\/","article_modified_time":"2026-04-21T16:06:08+00:00","twitter_card":"summary_large_image","twitter_misc":{"Geschatte leestijd":"1 minuut"},"schema":{"@context":"https:\/\/schema.org","@graph":[{"@type":"WebPage","@id":"https:\/\/www.feuer-flamme.com\/lueneburg","url":"https:\/\/www.feuer-flamme.com\/lueneburg","name":"Kachels in L\u00fcneburg - Feuer und Flamme","isPartOf":{"@id":"https:\/\/www.feuer-flamme.com\/#website"},"datePublished":"2020-07-05T11:39:50+00:00","dateModified":"2026-04-21T16:06:08+00:00","description":"Bezoek onze grote open haardenshowroom in L\u00fcneburg en laat u adviseren in een gezellige sfeer.","breadcrumb":{"@id":"https:\/\/www.feuer-flamme.com\/lueneburg#breadcrumb"},"inLanguage":"nl-NL","potentialAction":[{"@type":"ReadAction","target":["https:\/\/www.feuer-flamme.com\/lueneburg"]}]},{"@type":"BreadcrumbList","@id":"https:\/\/www.feuer-flamme.com\/lueneburg#breadcrumb","itemListElement":[{"@type":"ListItem","position":1,"name":"Startseite","item":"https:\/\/www.feuer-flamme.com\/"},{"@type":"ListItem","position":2,"name":"L\u00fcneburg"}]},{"@type":"WebSite","@id":"https:\/\/www.feuer-flamme.com\/#website","url":"https:\/\/www.feuer-flamme.com\/","name":"Feuer und Flamme","description":"Open haarden","publisher":{"@id":"https:\/\/www.feuer-flamme.com\/#organization"},"potentialAction":[{"@type":"SearchAction","target":{"@type":"EntryPoint","urlTemplate":"https:\/\/www.feuer-flamme.com\/?s={search_term_string}"},"query-input":{"@type":"PropertyValueSpecification","valueRequired":true,"valueName":"search_term_string"}}],"inLanguage":"nl-NL"},{"@type":"Organization","@id":"https:\/\/www.feuer-flamme.com\/#organization","name":"Feuer &amp; Flamme GmbH","url":"https:\/\/www.feuer-flamme.com\/","logo":{"@type":"ImageObject","inLanguage":"nl-NL","@id":"https:\/\/www.feuer-flamme.com\/#\/schema\/logo\/image\/","url":"https:\/\/www.feuer-flamme.com\/wp-content\/uploads\/2020\/02\/Logo.jpg","contentUrl":"https:\/\/www.feuer-flamme.com\/wp-content\/uploads\/2020\/02\/Logo.jpg","width":150,"height":150,"caption":"Feuer & Flamme GmbH"},"image":{"@id":"https:\/\/www.feuer-flamme.com\/#\/schema\/logo\/image\/"},"sameAs":["https:\/\/www.facebook.com\/feuer.flamme.kaminofen\/"]}]}},"_links":{"self":[{"href":"https:\/\/www.feuer-flamme.com\/nl\/wp-json\/wp\/v2\/pages\/3472","targetHints":{"allow":["GET"]}}],"collection":[{"href":"https:\/\/www.feuer-flamme.com\/nl\/wp-json\/wp\/v2\/pages"}],"about":[{"href":"https:\/\/www.feuer-flamme.com\/nl\/wp-json\/wp\/v2\/types\/page"}],"author":[{"embeddable":true,"href":"https:\/\/www.feuer-flamme.com\/nl\/wp-json\/wp\/v2\/users\/3"}],"replies":[{"embeddable":true,"href":"https:\/\/www.feuer-flamme.com\/nl\/wp-json\/wp\/v2\/comments?post=3472"}],"version-history":[{"count":17,"href":"https:\/\/www.feuer-flamme.com\/nl\/wp-json\/wp\/v2\/pages\/3472\/revisions"}],"predecessor-version":[{"id":8400,"href":"https:\/\/www.feuer-flamme.com\/nl\/wp-json\/wp\/v2\/pages\/3472\/revisions\/8400"}],"wp:attachment":[{"href":"https:\/\/www.feuer-flamme.com\/nl\/wp-json\/wp\/v2\/media?parent=3472"}],"curies":[{"name":"wp","href":"https:\/\/api.w.org\/{rel}","templated":true}]}}