{"id":3404,"date":"2020-06-28T15:09:26","date_gmt":"2020-06-28T15:09:26","guid":{"rendered":"http:\/\/feuer-flamme.org\/?post_type=product&#038;p=3404"},"modified":"2024-12-13T12:23:36","modified_gmt":"2024-12-13T12:23:36","slug":"kachelpijp-100-cm-grijs-150-mm","status":"publish","type":"product","link":"https:\/\/www.feuer-flamme.com\/nl\/produkt\/ofenrohr-100-cm-grau-150mm","title":{"rendered":"Ovenpijp 100 cm grijs 150 mm"},"content":{"rendered":"<div class=\"wpb-content-wrapper\"><div class=\"vc_row wpb_row vc_row-fluid\"><div class=\"wpb_column vc_column_container vc_col-sm-12\"><div class=\"vc_column-inner\"><div class=\"wpb_wrapper\">\n\t<div class=\"wpb_text_column wpb_content_element\" >\n\t\t<div class=\"wpb_wrapper\">\n\t\t\t<p>Verlengstuk \u00d8 150, 1000 mm, grijs<\/p>\n<p><u>Technische gegevens:<\/u><\/p>\n<p>Materiaal: 2 mm staal<br \/>\nKleur: zwart<br \/>\nLengte: 1000 mm<br \/>\nLengte van de versmalling: 45 mm<\/p>\n<p>Zie technische tekening voor meer details.<\/p>\n<p>Afstand tot brandbare materialen: 450 mm<br \/>\nAfstand met eenvoudige stralingsbescherming: 400 mm<br \/>\nAfstand met dubbele stralingsbescherming: 300 mm<br \/>\nRoetbrandbestendigheid: ja<\/p>\n<p><u>Technische specificaties:<\/u><\/p>\n<p>CE-markering: ja<br \/>\nDIN EN 1856-2<br \/>\n07<br \/>\n0036 CPD 91268 001<br \/>\nT400-N1-D-VmL01200-G450N<\/p>\n\n\t\t<\/div>\n\t<\/div>\n<style data-type=\"vc_shortcodes-custom-css\">.vc_custom_1733308228591{margin-top: 0% !important;margin-right: 0% !important;margin-bottom: 0% !important;margin-left: 0% !important;border-top-width: 1px !important;border-right-width: 1px !important;border-bottom-width: 1px !important;border-left-width: 1px !important;padding-left: 4% !important;border-color: #E5E5E5 !important;}.vc_custom_1734005188032{border-top-width: 1px !important;border-right-width: 1px !important;border-bottom-width: 1px !important;border-left-width: 1px !important;padding-top: 4% !important;padding-right: 4% !important;padding-bottom: 4% !important;padding-left: 4% !important;border-left-style: solid !important;border-right-style: solid !important;border-top-style: solid !important;border-bottom-style: solid !important;border-radius: 1px !important;border-color: #E5E5E5 !important;}<\/style><div class=\"wpb-content-wrapper\"><div class=\"vc_row wpb_row vc_row-fluid\"><div class=\"wpb_column vc_column_container vc_col-sm-12 vc_col-has-fill wd-rs-67502f36d4460\"><div class=\"vc_column-inner vc_custom_1733308228591\"><div class=\"wpb_wrapper\">\n\t<div class=\"wpb_text_column wpb_content_element vc_custom_1734005188032\" >\n\t\t<div class=\"wpb_wrapper\">\n\t\t\t<p><strong>Productveiligheidsverordening<\/strong><br \/>\nNaam van de marktdeelnemer: Color Emajl d.o.o.<br \/>\nAdres: Alaginci 87\/a, 34000 Po\u017eega, Kroati\u00eb<br \/>\nE-mail: info@color.hr<\/p>\n\n\t\t<\/div>\n\t<\/div>\n<\/div><\/div><\/div><\/div><\/div><\/div><\/div><\/div><\/div>\n<\/div>","protected":false},"excerpt":{"rendered":"<p>Verlengstuk 1000 mm 150 mm grijs<\/p>","protected":false},"featured_media":3400,"template":"","meta":[],"product_brand":[],"product_cat":[127,30],"product_tag":[192],"class_list":{"0":"post-3404","1":"product","2":"type-product","3":"status-publish","4":"has-post-thumbnail","6":"product_cat-ofenrohre","7":"product_cat-zubehoer","8":"product_tag-ofenrohr-50-cm-150mm-schwarz","9":"product_shipping_class-feuer-und-flamme","10":"pa_hersteller-feuerund-flamme","11":"pa_versandkosten-238","13":"first","14":"instock","15":"taxable","16":"shipping-taxable","17":"purchasable","18":"product-type-simple"},"yoast_head":"<!-- This site is optimized with the Yoast SEO Premium plugin v27.5 (Yoast SEO v27.5) - https:\/\/yoast.com\/product\/yoast-seo-premium-wordpress\/ -->\n<title>Ofenrohr 100 cm grau 150mm - Feuer und Flamme<\/title>\n<meta name=\"robots\" content=\"index, follow, max-snippet:-1, max-image-preview:large, max-video-preview:-1\" \/>\n<link rel=\"canonical\" href=\"https:\/\/www.feuer-flamme.com\/nl\/product-2\/kachelpijp-100-cm-grijs-150-mm\/\" \/>\n<meta property=\"og:locale\" content=\"nl_NL\" \/>\n<meta property=\"og:type\" content=\"article\" \/>\n<meta property=\"og:title\" content=\"Ofenrohr 100 cm grau 150mm\" \/>\n<meta property=\"og:description\" content=\"Verl\u00e4ngerungst\u00fcck 1000mm 150 mm grau\" \/>\n<meta property=\"og:url\" content=\"https:\/\/www.feuer-flamme.com\/nl\/product-2\/kachelpijp-100-cm-grijs-150-mm\/\" \/>\n<meta property=\"og:site_name\" content=\"Feuer und Flamme\" \/>\n<meta property=\"article:publisher\" content=\"https:\/\/www.facebook.com\/feuer.flamme.kaminofen\/\" \/>\n<meta property=\"article:modified_time\" content=\"2024-12-13T12:23:36+00:00\" \/>\n<meta property=\"og:image\" content=\"https:\/\/www.feuer-flamme.com\/wp-content\/uploads\/2020\/06\/50cm150grau2.jpg\" \/>\n\t<meta property=\"og:image:width\" content=\"500\" \/>\n\t<meta property=\"og:image:height\" content=\"400\" \/>\n\t<meta property=\"og:image:type\" content=\"image\/jpeg\" \/>\n<meta name=\"twitter:card\" content=\"summary_large_image\" \/>\n<meta name=\"twitter:label1\" content=\"Prijs\" \/>\n\t<meta name=\"twitter:data1\" content=\"&euro;46,00\" \/>\n\t<meta name=\"twitter:label2\" content=\"Beschikbaarheid\" \/>\n\t<meta name=\"twitter:data2\" content=\"Op voorraad\" \/>\n<script type=\"application\/ld+json\" class=\"yoast-schema-graph\">{\"@context\":\"https:\\\/\\\/schema.org\",\"@graph\":[{\"@type\":\"WebPage\",\"@id\":\"https:\\\/\\\/www.feuer-flamme.com\\\/produkt\\\/ofenrohr-100-cm-grau-150mm\",\"url\":\"https:\\\/\\\/www.feuer-flamme.com\\\/produkt\\\/ofenrohr-100-cm-grau-150mm\",\"name\":\"Ofenrohr 100 cm grau 150mm - Feuer und Flamme\",\"isPartOf\":{\"@id\":\"https:\\\/\\\/www.feuer-flamme.com\\\/#website\"},\"primaryImageOfPage\":{\"@id\":\"https:\\\/\\\/www.feuer-flamme.com\\\/produkt\\\/ofenrohr-100-cm-grau-150mm#primaryimage\"},\"image\":{\"@id\":\"https:\\\/\\\/www.feuer-flamme.com\\\/produkt\\\/ofenrohr-100-cm-grau-150mm#primaryimage\"},\"thumbnailUrl\":\"https:\\\/\\\/www.feuer-flamme.com\\\/wp-content\\\/uploads\\\/2020\\\/06\\\/50cm150grau2.jpg\",\"datePublished\":\"2020-06-28T15:09:26+00:00\",\"dateModified\":\"2024-12-13T12:23:36+00:00\",\"breadcrumb\":{\"@id\":\"https:\\\/\\\/www.feuer-flamme.com\\\/produkt\\\/ofenrohr-100-cm-grau-150mm#breadcrumb\"},\"inLanguage\":\"nl-NL\",\"potentialAction\":[{\"@type\":\"ReadAction\",\"target\":[\"https:\\\/\\\/www.feuer-flamme.com\\\/produkt\\\/ofenrohr-100-cm-grau-150mm\"]}]},{\"@type\":\"ImageObject\",\"inLanguage\":\"nl-NL\",\"@id\":\"https:\\\/\\\/www.feuer-flamme.com\\\/produkt\\\/ofenrohr-100-cm-grau-150mm#primaryimage\",\"url\":\"https:\\\/\\\/www.feuer-flamme.com\\\/wp-content\\\/uploads\\\/2020\\\/06\\\/50cm150grau2.jpg\",\"contentUrl\":\"https:\\\/\\\/www.feuer-flamme.com\\\/wp-content\\\/uploads\\\/2020\\\/06\\\/50cm150grau2.jpg\",\"width\":500,\"height\":400,\"caption\":\"Das Bild zeigt ein graues Ofenrohr mit einer L\u00e4nge von 50 cm. Dieses Rohr ist ein wesentliches Zubeh\u00f6rteil f\u00fcr Kamin\u00f6fen und Holz\u00f6fen, das f\u00fcr den sicheren Abzug von Rauch und Abgasen sorgt. Das schlichte Design f\u00fcgt sich nahtlos in verschiedene Einrichtungsstile ein und ist eine praktische Erg\u00e4nzung f\u00fcr jeden Kaminofen.\"},{\"@type\":\"BreadcrumbList\",\"@id\":\"https:\\\/\\\/www.feuer-flamme.com\\\/produkt\\\/ofenrohr-100-cm-grau-150mm#breadcrumb\",\"itemListElement\":[{\"@type\":\"ListItem\",\"position\":1,\"name\":\"Startseite\",\"item\":\"https:\\\/\\\/www.feuer-flamme.com\\\/\"},{\"@type\":\"ListItem\",\"position\":2,\"name\":\"Feuer &#038; Flamme Kamin\u00f6fen\",\"item\":\"https:\\\/\\\/www.feuer-flamme.com\\\/shop\"},{\"@type\":\"ListItem\",\"position\":3,\"name\":\"Ofenrohr 100 cm grau 150mm\"}]},{\"@type\":\"WebSite\",\"@id\":\"https:\\\/\\\/www.feuer-flamme.com\\\/#website\",\"url\":\"https:\\\/\\\/www.feuer-flamme.com\\\/\",\"name\":\"Feuer und Flamme\",\"description\":\"Kamin\u00d6fen\",\"publisher\":{\"@id\":\"https:\\\/\\\/www.feuer-flamme.com\\\/#organization\"},\"potentialAction\":[{\"@type\":\"SearchAction\",\"target\":{\"@type\":\"EntryPoint\",\"urlTemplate\":\"https:\\\/\\\/www.feuer-flamme.com\\\/?s={search_term_string}\"},\"query-input\":{\"@type\":\"PropertyValueSpecification\",\"valueRequired\":true,\"valueName\":\"search_term_string\"}}],\"inLanguage\":\"nl-NL\"},{\"@type\":\"Organization\",\"@id\":\"https:\\\/\\\/www.feuer-flamme.com\\\/#organization\",\"name\":\"Feuer & Flamme GmbH\",\"url\":\"https:\\\/\\\/www.feuer-flamme.com\\\/\",\"logo\":{\"@type\":\"ImageObject\",\"inLanguage\":\"nl-NL\",\"@id\":\"https:\\\/\\\/www.feuer-flamme.com\\\/#\\\/schema\\\/logo\\\/image\\\/\",\"url\":\"https:\\\/\\\/www.feuer-flamme.com\\\/wp-content\\\/uploads\\\/2020\\\/02\\\/Logo.jpg\",\"contentUrl\":\"https:\\\/\\\/www.feuer-flamme.com\\\/wp-content\\\/uploads\\\/2020\\\/02\\\/Logo.jpg\",\"width\":150,\"height\":150,\"caption\":\"Feuer & Flamme GmbH\"},\"image\":{\"@id\":\"https:\\\/\\\/www.feuer-flamme.com\\\/#\\\/schema\\\/logo\\\/image\\\/\"},\"sameAs\":[\"https:\\\/\\\/www.facebook.com\\\/feuer.flamme.kaminofen\\\/\"]}]}<\/script>\n<meta property=\"product:brand\" content=\"Feuer und Flamme\" \/>\n<meta property=\"product:price:amount\" content=\"46.00\" \/>\n<meta property=\"product:price:currency\" content=\"EUR\" \/>\n<meta property=\"og:availability\" content=\"instock\" \/>\n<meta property=\"product:availability\" content=\"instock\" \/>\n<meta property=\"product:retailer_item_id\" content=\"020210\" \/>\n<meta property=\"product:condition\" content=\"new\" \/>\n<!-- \/ Yoast SEO Premium plugin. -->","yoast_head_json":{"title":"Ovenpijp 100 cm grijs 150 mm - Feuer und Flamme","robots":{"index":"index","follow":"follow","max-snippet":"max-snippet:-1","max-image-preview":"max-image-preview:large","max-video-preview":"max-video-preview:-1"},"canonical":"https:\/\/www.feuer-flamme.com\/nl\/product-2\/kachelpijp-100-cm-grijs-150-mm\/","og_locale":"nl_NL","og_type":"article","og_title":"Ofenrohr 100 cm grau 150mm","og_description":"Verl\u00e4ngerungst\u00fcck 1000mm 150 mm grau","og_url":"https:\/\/www.feuer-flamme.com\/nl\/product-2\/kachelpijp-100-cm-grijs-150-mm\/","og_site_name":"Feuer und Flamme","article_publisher":"https:\/\/www.facebook.com\/feuer.flamme.kaminofen\/","article_modified_time":"2024-12-13T12:23:36+00:00","og_image":[{"width":500,"height":400,"url":"https:\/\/www.feuer-flamme.com\/wp-content\/uploads\/2020\/06\/50cm150grau2.jpg","type":"image\/jpeg"}],"twitter_card":"summary_large_image","twitter_misc":{"Prijs":"&euro;46,00","Beschikbaarheid":"Op voorraad"},"schema":{"@context":"https:\/\/schema.org","@graph":[{"@type":"WebPage","@id":"https:\/\/www.feuer-flamme.com\/produkt\/ofenrohr-100-cm-grau-150mm","url":"https:\/\/www.feuer-flamme.com\/produkt\/ofenrohr-100-cm-grau-150mm","name":"Ovenpijp 100 cm grijs 150 mm - Feuer und Flamme","isPartOf":{"@id":"https:\/\/www.feuer-flamme.com\/#website"},"primaryImageOfPage":{"@id":"https:\/\/www.feuer-flamme.com\/produkt\/ofenrohr-100-cm-grau-150mm#primaryimage"},"image":{"@id":"https:\/\/www.feuer-flamme.com\/produkt\/ofenrohr-100-cm-grau-150mm#primaryimage"},"thumbnailUrl":"https:\/\/www.feuer-flamme.com\/wp-content\/uploads\/2020\/06\/50cm150grau2.jpg","datePublished":"2020-06-28T15:09:26+00:00","dateModified":"2024-12-13T12:23:36+00:00","breadcrumb":{"@id":"https:\/\/www.feuer-flamme.com\/produkt\/ofenrohr-100-cm-grau-150mm#breadcrumb"},"inLanguage":"nl-NL","potentialAction":[{"@type":"ReadAction","target":["https:\/\/www.feuer-flamme.com\/produkt\/ofenrohr-100-cm-grau-150mm"]}]},{"@type":"ImageObject","inLanguage":"nl-NL","@id":"https:\/\/www.feuer-flamme.com\/produkt\/ofenrohr-100-cm-grau-150mm#primaryimage","url":"https:\/\/www.feuer-flamme.com\/wp-content\/uploads\/2020\/06\/50cm150grau2.jpg","contentUrl":"https:\/\/www.feuer-flamme.com\/wp-content\/uploads\/2020\/06\/50cm150grau2.jpg","width":500,"height":400,"caption":"Das Bild zeigt ein graues Ofenrohr mit einer L\u00e4nge von 50 cm. Dieses Rohr ist ein wesentliches Zubeh\u00f6rteil f\u00fcr Kamin\u00f6fen und Holz\u00f6fen, das f\u00fcr den sicheren Abzug von Rauch und Abgasen sorgt. Das schlichte Design f\u00fcgt sich nahtlos in verschiedene Einrichtungsstile ein und ist eine praktische Erg\u00e4nzung f\u00fcr jeden Kaminofen."},{"@type":"BreadcrumbList","@id":"https:\/\/www.feuer-flamme.com\/produkt\/ofenrohr-100-cm-grau-150mm#breadcrumb","itemListElement":[{"@type":"ListItem","position":1,"name":"Startseite","item":"https:\/\/www.feuer-flamme.com\/"},{"@type":"ListItem","position":2,"name":"Feuer &#038; Flamme Kamin\u00f6fen","item":"https:\/\/www.feuer-flamme.com\/shop"},{"@type":"ListItem","position":3,"name":"Ofenrohr 100 cm grau 150mm"}]},{"@type":"WebSite","@id":"https:\/\/www.feuer-flamme.com\/#website","url":"https:\/\/www.feuer-flamme.com\/","name":"Feuer und Flamme","description":"Open haarden","publisher":{"@id":"https:\/\/www.feuer-flamme.com\/#organization"},"potentialAction":[{"@type":"SearchAction","target":{"@type":"EntryPoint","urlTemplate":"https:\/\/www.feuer-flamme.com\/?s={search_term_string}"},"query-input":{"@type":"PropertyValueSpecification","valueRequired":true,"valueName":"search_term_string"}}],"inLanguage":"nl-NL"},{"@type":"Organization","@id":"https:\/\/www.feuer-flamme.com\/#organization","name":"Feuer &amp; Flamme GmbH","url":"https:\/\/www.feuer-flamme.com\/","logo":{"@type":"ImageObject","inLanguage":"nl-NL","@id":"https:\/\/www.feuer-flamme.com\/#\/schema\/logo\/image\/","url":"https:\/\/www.feuer-flamme.com\/wp-content\/uploads\/2020\/02\/Logo.jpg","contentUrl":"https:\/\/www.feuer-flamme.com\/wp-content\/uploads\/2020\/02\/Logo.jpg","width":150,"height":150,"caption":"Feuer & Flamme GmbH"},"image":{"@id":"https:\/\/www.feuer-flamme.com\/#\/schema\/logo\/image\/"},"sameAs":["https:\/\/www.facebook.com\/feuer.flamme.kaminofen\/"]}]},"product_brand":"Feuer und Flamme","product_price_amount":"46.00","product_price_currency":"EUR","og_availability":"instock","product_availability":"instock","product_retailer_item_id":"020210","product_condition":"new"},"_links":{"self":[{"href":"https:\/\/www.feuer-flamme.com\/nl\/wp-json\/wp\/v2\/product\/3404","targetHints":{"allow":["GET"]}}],"collection":[{"href":"https:\/\/www.feuer-flamme.com\/nl\/wp-json\/wp\/v2\/product"}],"about":[{"href":"https:\/\/www.feuer-flamme.com\/nl\/wp-json\/wp\/v2\/types\/product"}],"wp:featuredmedia":[{"embeddable":true,"href":"https:\/\/www.feuer-flamme.com\/nl\/wp-json\/wp\/v2\/media\/3400"}],"wp:attachment":[{"href":"https:\/\/www.feuer-flamme.com\/nl\/wp-json\/wp\/v2\/media?parent=3404"}],"wp:term":[{"taxonomy":"product_brand","embeddable":true,"href":"https:\/\/www.feuer-flamme.com\/nl\/wp-json\/wp\/v2\/product_brand?post=3404"},{"taxonomy":"product_cat","embeddable":true,"href":"https:\/\/www.feuer-flamme.com\/nl\/wp-json\/wp\/v2\/product_cat?post=3404"},{"taxonomy":"product_tag","embeddable":true,"href":"https:\/\/www.feuer-flamme.com\/nl\/wp-json\/wp\/v2\/product_tag?post=3404"}],"curies":[{"name":"wp","href":"https:\/\/api.w.org\/{rel}","templated":true}]}}