{"id":3428,"date":"2020-06-28T16:30:13","date_gmt":"2020-06-28T16:30:13","guid":{"rendered":"http:\/\/feuer-flamme.org\/?post_type=product&#038;p=3428"},"modified":"2025-11-19T11:10:57","modified_gmt":"2025-11-19T11:10:57","slug":"aluflexslang-zwart","status":"publish","type":"product","link":"https:\/\/www.feuer-flamme.com\/nl\/produkt\/aluflexschlauch-schwarz","title":{"rendered":"Aluflex-slang zwart"},"content":{"rendered":"<div class=\"wpb-content-wrapper\"><p>Aansluitslang voor externe toevoerlucht 100 mm zwart<\/p>\n<style data-type=\"vc_shortcodes-custom-css\">.vc_custom_1733308228591{margin-top: 0% !important;margin-right: 0% !important;margin-bottom: 0% !important;margin-left: 0% !important;border-top-width: 1px !important;border-right-width: 1px !important;border-bottom-width: 1px !important;border-left-width: 1px !important;padding-left: 4% !important;border-color: #E5E5E5 !important;}.vc_custom_1734270461750{border-top-width: 1px !important;border-right-width: 1px !important;border-bottom-width: 1px !important;border-left-width: 1px !important;padding-top: 4% !important;padding-right: 4% !important;padding-bottom: 4% !important;padding-left: 4% !important;border-left-style: solid !important;border-right-style: solid !important;border-top-style: solid !important;border-bottom-style: solid !important;border-radius: 1px !important;border-color: #E5E5E5 !important;}<\/style><div class=\"wpb-content-wrapper\"><div class=\"vc_row wpb_row vc_row-fluid\"><div class=\"wpb_column vc_column_container vc_col-sm-12 vc_col-has-fill wd-rs-67502f36d4460\"><div class=\"vc_column-inner vc_custom_1733308228591\"><div class=\"wpb_wrapper\">\n\t<div class=\"wpb_text_column wpb_content_element vc_custom_1734270461750\" >\n\t\t<div class=\"wpb_wrapper\">\n\t\t\t<p><strong>Productveiligheidsverordening<\/strong><br \/>\nEconomische actor Naam: TermaTech A\/S<br \/>\nAdres: Gunnar Clausens Vej 36, DK-8260 Viby J, Denemarken<\/p>\n<p>E-mail: info@termatech.com<\/p>\n\n\t\t<\/div>\n\t<\/div>\n<\/div><\/div><\/div><\/div><\/div>\n<\/div>","protected":false},"excerpt":{"rendered":"<p>Aluflex-slang<\/p>","protected":false},"featured_media":3429,"template":"","meta":[],"product_brand":[],"product_cat":[234,30],"product_tag":[192,193],"class_list":{"0":"post-3428","1":"product","2":"type-product","3":"status-publish","4":"has-post-thumbnail","6":"product_cat-lueftungszubehoer","7":"product_cat-zubehoer","8":"product_tag-ofenrohr-50-cm-150mm-schwarz","9":"product_tag-ofenrohre-winkel-90","10":"product_shipping_class-feuer-und-flamme","11":"pa_hersteller-feuerund-flamme","12":"pa_versandkosten-238","14":"first","15":"instock","16":"taxable","17":"shipping-taxable","18":"purchasable","19":"product-type-simple"},"yoast_head":"<!-- This site is optimized with the Yoast SEO Premium plugin v27.5 (Yoast SEO v27.5) - https:\/\/yoast.com\/product\/yoast-seo-premium-wordpress\/ -->\n<title>Aluflexschlauch schwarz - Feuer und Flamme<\/title>\n<meta name=\"robots\" content=\"index, follow, max-snippet:-1, max-image-preview:large, max-video-preview:-1\" \/>\n<link rel=\"canonical\" href=\"https:\/\/www.feuer-flamme.com\/nl\/product-2\/aluflexslang-zwart\/\" \/>\n<meta property=\"og:locale\" content=\"nl_NL\" \/>\n<meta property=\"og:type\" content=\"article\" \/>\n<meta property=\"og:title\" content=\"Aluflexschlauch schwarz\" \/>\n<meta property=\"og:description\" content=\"Aluflexschlauch\" \/>\n<meta property=\"og:url\" content=\"https:\/\/www.feuer-flamme.com\/nl\/product-2\/aluflexslang-zwart\/\" \/>\n<meta property=\"og:site_name\" content=\"Feuer und Flamme\" \/>\n<meta property=\"article:publisher\" content=\"https:\/\/www.facebook.com\/feuer.flamme.kaminofen\/\" \/>\n<meta property=\"article:modified_time\" content=\"2025-11-19T11:10:57+00:00\" \/>\n<meta property=\"og:image\" content=\"https:\/\/www.feuer-flamme.com\/wp-content\/uploads\/2020\/06\/Aluflex-schwarz.jpg\" \/>\n\t<meta property=\"og:image:width\" content=\"500\" \/>\n\t<meta property=\"og:image:height\" content=\"400\" \/>\n\t<meta property=\"og:image:type\" content=\"image\/jpeg\" \/>\n<meta name=\"twitter:card\" content=\"summary_large_image\" \/>\n<meta name=\"twitter:label1\" content=\"Prijs\" \/>\n\t<meta name=\"twitter:data1\" content=\"&euro;39,00\" \/>\n\t<meta name=\"twitter:label2\" content=\"Beschikbaarheid\" \/>\n\t<meta name=\"twitter:data2\" content=\"Op voorraad\" \/>\n<script type=\"application\/ld+json\" class=\"yoast-schema-graph\">{\"@context\":\"https:\\\/\\\/schema.org\",\"@graph\":[{\"@type\":\"WebPage\",\"@id\":\"https:\\\/\\\/www.feuer-flamme.com\\\/produkt\\\/aluflexschlauch-schwarz\",\"url\":\"https:\\\/\\\/www.feuer-flamme.com\\\/produkt\\\/aluflexschlauch-schwarz\",\"name\":\"Aluflexschlauch schwarz - Feuer und Flamme\",\"isPartOf\":{\"@id\":\"https:\\\/\\\/www.feuer-flamme.com\\\/#website\"},\"primaryImageOfPage\":{\"@id\":\"https:\\\/\\\/www.feuer-flamme.com\\\/produkt\\\/aluflexschlauch-schwarz#primaryimage\"},\"image\":{\"@id\":\"https:\\\/\\\/www.feuer-flamme.com\\\/produkt\\\/aluflexschlauch-schwarz#primaryimage\"},\"thumbnailUrl\":\"https:\\\/\\\/www.feuer-flamme.com\\\/wp-content\\\/uploads\\\/2020\\\/06\\\/Aluflex-schwarz.jpg\",\"datePublished\":\"2020-06-28T16:30:13+00:00\",\"dateModified\":\"2025-11-19T11:10:57+00:00\",\"breadcrumb\":{\"@id\":\"https:\\\/\\\/www.feuer-flamme.com\\\/produkt\\\/aluflexschlauch-schwarz#breadcrumb\"},\"inLanguage\":\"nl-NL\",\"potentialAction\":[{\"@type\":\"ReadAction\",\"target\":[\"https:\\\/\\\/www.feuer-flamme.com\\\/produkt\\\/aluflexschlauch-schwarz\"]}]},{\"@type\":\"ImageObject\",\"inLanguage\":\"nl-NL\",\"@id\":\"https:\\\/\\\/www.feuer-flamme.com\\\/produkt\\\/aluflexschlauch-schwarz#primaryimage\",\"url\":\"https:\\\/\\\/www.feuer-flamme.com\\\/wp-content\\\/uploads\\\/2020\\\/06\\\/Aluflex-schwarz.jpg\",\"contentUrl\":\"https:\\\/\\\/www.feuer-flamme.com\\\/wp-content\\\/uploads\\\/2020\\\/06\\\/Aluflex-schwarz.jpg\",\"width\":500,\"height\":400,\"caption\":\"Das Bild zeigt ein schwarzes Aluflexrohr, das als Zubeh\u00f6r f\u00fcr Kamin\u00f6fen verwendet wird. Es hat eine glatte, zylindrische Form und dient zur sicheren Ableitung von Rauchgasen. Das Aluflexrohr ist ein wichtiges Element zur effizienten Nutzung von Kamin- und Holz\u00f6fen.\"},{\"@type\":\"BreadcrumbList\",\"@id\":\"https:\\\/\\\/www.feuer-flamme.com\\\/produkt\\\/aluflexschlauch-schwarz#breadcrumb\",\"itemListElement\":[{\"@type\":\"ListItem\",\"position\":1,\"name\":\"Startseite\",\"item\":\"https:\\\/\\\/www.feuer-flamme.com\\\/\"},{\"@type\":\"ListItem\",\"position\":2,\"name\":\"Feuer &#038; Flamme Kamin\u00f6fen\",\"item\":\"https:\\\/\\\/www.feuer-flamme.com\\\/shop\"},{\"@type\":\"ListItem\",\"position\":3,\"name\":\"Aluflexschlauch schwarz\"}]},{\"@type\":\"WebSite\",\"@id\":\"https:\\\/\\\/www.feuer-flamme.com\\\/#website\",\"url\":\"https:\\\/\\\/www.feuer-flamme.com\\\/\",\"name\":\"Feuer und Flamme\",\"description\":\"Kamin\u00d6fen\",\"publisher\":{\"@id\":\"https:\\\/\\\/www.feuer-flamme.com\\\/#organization\"},\"potentialAction\":[{\"@type\":\"SearchAction\",\"target\":{\"@type\":\"EntryPoint\",\"urlTemplate\":\"https:\\\/\\\/www.feuer-flamme.com\\\/?s={search_term_string}\"},\"query-input\":{\"@type\":\"PropertyValueSpecification\",\"valueRequired\":true,\"valueName\":\"search_term_string\"}}],\"inLanguage\":\"nl-NL\"},{\"@type\":\"Organization\",\"@id\":\"https:\\\/\\\/www.feuer-flamme.com\\\/#organization\",\"name\":\"Feuer & Flamme GmbH\",\"url\":\"https:\\\/\\\/www.feuer-flamme.com\\\/\",\"logo\":{\"@type\":\"ImageObject\",\"inLanguage\":\"nl-NL\",\"@id\":\"https:\\\/\\\/www.feuer-flamme.com\\\/#\\\/schema\\\/logo\\\/image\\\/\",\"url\":\"https:\\\/\\\/www.feuer-flamme.com\\\/wp-content\\\/uploads\\\/2020\\\/02\\\/Logo.jpg\",\"contentUrl\":\"https:\\\/\\\/www.feuer-flamme.com\\\/wp-content\\\/uploads\\\/2020\\\/02\\\/Logo.jpg\",\"width\":150,\"height\":150,\"caption\":\"Feuer & Flamme GmbH\"},\"image\":{\"@id\":\"https:\\\/\\\/www.feuer-flamme.com\\\/#\\\/schema\\\/logo\\\/image\\\/\"},\"sameAs\":[\"https:\\\/\\\/www.facebook.com\\\/feuer.flamme.kaminofen\\\/\"]}]}<\/script>\n<meta property=\"product:brand\" content=\"Feuer und Flamme\" \/>\n<meta property=\"product:price:amount\" content=\"39.00\" \/>\n<meta property=\"product:price:currency\" content=\"EUR\" \/>\n<meta property=\"og:availability\" content=\"instock\" \/>\n<meta property=\"product:availability\" content=\"instock\" \/>\n<meta property=\"product:retailer_item_id\" content=\"200421\" \/>\n<meta property=\"product:condition\" content=\"new\" \/>\n<!-- \/ Yoast SEO Premium plugin. -->","yoast_head_json":{"title":"Aluflex-slang zwart - Feuer und Flamme","robots":{"index":"index","follow":"follow","max-snippet":"max-snippet:-1","max-image-preview":"max-image-preview:large","max-video-preview":"max-video-preview:-1"},"canonical":"https:\/\/www.feuer-flamme.com\/nl\/product-2\/aluflexslang-zwart\/","og_locale":"nl_NL","og_type":"article","og_title":"Aluflexschlauch schwarz","og_description":"Aluflexschlauch","og_url":"https:\/\/www.feuer-flamme.com\/nl\/product-2\/aluflexslang-zwart\/","og_site_name":"Feuer und Flamme","article_publisher":"https:\/\/www.facebook.com\/feuer.flamme.kaminofen\/","article_modified_time":"2025-11-19T11:10:57+00:00","og_image":[{"width":500,"height":400,"url":"https:\/\/www.feuer-flamme.com\/wp-content\/uploads\/2020\/06\/Aluflex-schwarz.jpg","type":"image\/jpeg"}],"twitter_card":"summary_large_image","twitter_misc":{"Prijs":"&euro;39,00","Beschikbaarheid":"Op voorraad"},"schema":{"@context":"https:\/\/schema.org","@graph":[{"@type":"WebPage","@id":"https:\/\/www.feuer-flamme.com\/produkt\/aluflexschlauch-schwarz","url":"https:\/\/www.feuer-flamme.com\/produkt\/aluflexschlauch-schwarz","name":"Aluflex-slang zwart - Feuer und Flamme","isPartOf":{"@id":"https:\/\/www.feuer-flamme.com\/#website"},"primaryImageOfPage":{"@id":"https:\/\/www.feuer-flamme.com\/produkt\/aluflexschlauch-schwarz#primaryimage"},"image":{"@id":"https:\/\/www.feuer-flamme.com\/produkt\/aluflexschlauch-schwarz#primaryimage"},"thumbnailUrl":"https:\/\/www.feuer-flamme.com\/wp-content\/uploads\/2020\/06\/Aluflex-schwarz.jpg","datePublished":"2020-06-28T16:30:13+00:00","dateModified":"2025-11-19T11:10:57+00:00","breadcrumb":{"@id":"https:\/\/www.feuer-flamme.com\/produkt\/aluflexschlauch-schwarz#breadcrumb"},"inLanguage":"nl-NL","potentialAction":[{"@type":"ReadAction","target":["https:\/\/www.feuer-flamme.com\/produkt\/aluflexschlauch-schwarz"]}]},{"@type":"ImageObject","inLanguage":"nl-NL","@id":"https:\/\/www.feuer-flamme.com\/produkt\/aluflexschlauch-schwarz#primaryimage","url":"https:\/\/www.feuer-flamme.com\/wp-content\/uploads\/2020\/06\/Aluflex-schwarz.jpg","contentUrl":"https:\/\/www.feuer-flamme.com\/wp-content\/uploads\/2020\/06\/Aluflex-schwarz.jpg","width":500,"height":400,"caption":"Das Bild zeigt ein schwarzes Aluflexrohr, das als Zubeh\u00f6r f\u00fcr Kamin\u00f6fen verwendet wird. Es hat eine glatte, zylindrische Form und dient zur sicheren Ableitung von Rauchgasen. Das Aluflexrohr ist ein wichtiges Element zur effizienten Nutzung von Kamin- und Holz\u00f6fen."},{"@type":"BreadcrumbList","@id":"https:\/\/www.feuer-flamme.com\/produkt\/aluflexschlauch-schwarz#breadcrumb","itemListElement":[{"@type":"ListItem","position":1,"name":"Startseite","item":"https:\/\/www.feuer-flamme.com\/"},{"@type":"ListItem","position":2,"name":"Feuer &#038; Flamme Kamin\u00f6fen","item":"https:\/\/www.feuer-flamme.com\/shop"},{"@type":"ListItem","position":3,"name":"Aluflexschlauch schwarz"}]},{"@type":"WebSite","@id":"https:\/\/www.feuer-flamme.com\/#website","url":"https:\/\/www.feuer-flamme.com\/","name":"Feuer und Flamme","description":"Open haarden","publisher":{"@id":"https:\/\/www.feuer-flamme.com\/#organization"},"potentialAction":[{"@type":"SearchAction","target":{"@type":"EntryPoint","urlTemplate":"https:\/\/www.feuer-flamme.com\/?s={search_term_string}"},"query-input":{"@type":"PropertyValueSpecification","valueRequired":true,"valueName":"search_term_string"}}],"inLanguage":"nl-NL"},{"@type":"Organization","@id":"https:\/\/www.feuer-flamme.com\/#organization","name":"Feuer &amp; Flamme GmbH","url":"https:\/\/www.feuer-flamme.com\/","logo":{"@type":"ImageObject","inLanguage":"nl-NL","@id":"https:\/\/www.feuer-flamme.com\/#\/schema\/logo\/image\/","url":"https:\/\/www.feuer-flamme.com\/wp-content\/uploads\/2020\/02\/Logo.jpg","contentUrl":"https:\/\/www.feuer-flamme.com\/wp-content\/uploads\/2020\/02\/Logo.jpg","width":150,"height":150,"caption":"Feuer & Flamme GmbH"},"image":{"@id":"https:\/\/www.feuer-flamme.com\/#\/schema\/logo\/image\/"},"sameAs":["https:\/\/www.facebook.com\/feuer.flamme.kaminofen\/"]}]},"product_brand":"Feuer und Flamme","product_price_amount":"39.00","product_price_currency":"EUR","og_availability":"instock","product_availability":"instock","product_retailer_item_id":"200421","product_condition":"new"},"_links":{"self":[{"href":"https:\/\/www.feuer-flamme.com\/nl\/wp-json\/wp\/v2\/product\/3428","targetHints":{"allow":["GET"]}}],"collection":[{"href":"https:\/\/www.feuer-flamme.com\/nl\/wp-json\/wp\/v2\/product"}],"about":[{"href":"https:\/\/www.feuer-flamme.com\/nl\/wp-json\/wp\/v2\/types\/product"}],"wp:featuredmedia":[{"embeddable":true,"href":"https:\/\/www.feuer-flamme.com\/nl\/wp-json\/wp\/v2\/media\/3429"}],"wp:attachment":[{"href":"https:\/\/www.feuer-flamme.com\/nl\/wp-json\/wp\/v2\/media?parent=3428"}],"wp:term":[{"taxonomy":"product_brand","embeddable":true,"href":"https:\/\/www.feuer-flamme.com\/nl\/wp-json\/wp\/v2\/product_brand?post=3428"},{"taxonomy":"product_cat","embeddable":true,"href":"https:\/\/www.feuer-flamme.com\/nl\/wp-json\/wp\/v2\/product_cat?post=3428"},{"taxonomy":"product_tag","embeddable":true,"href":"https:\/\/www.feuer-flamme.com\/nl\/wp-json\/wp\/v2\/product_tag?post=3428"}],"curies":[{"name":"wp","href":"https:\/\/api.w.org\/{rel}","templated":true}]}}