{"id":3452,"date":"2020-07-04T09:35:43","date_gmt":"2020-07-04T09:35:43","guid":{"rendered":"http:\/\/feuer-flamme.org\/?post_type=product&#038;p=3452"},"modified":"2024-12-17T11:36:24","modified_gmt":"2024-12-17T11:36:24","slug":"rozet-incl-ringen-ext-f","status":"publish","type":"product","link":"https:\/\/www.feuer-flamme.com\/nl\/produkt\/rosette-incl-schellen-ext-f","title":{"rendered":"Rozet incl. klemmen grijs"},"content":{"rendered":"<div class=\"wpb-content-wrapper\"><p>Afdekrozet<\/p>\n<style data-type=\"vc_shortcodes-custom-css\">.vc_custom_1733308228591{margin-top: 0% !important;margin-right: 0% !important;margin-bottom: 0% !important;margin-left: 0% !important;border-top-width: 1px !important;border-right-width: 1px !important;border-bottom-width: 1px !important;border-left-width: 1px !important;padding-left: 4% !important;border-color: #E5E5E5 !important;}.vc_custom_1734270461750{border-top-width: 1px !important;border-right-width: 1px !important;border-bottom-width: 1px !important;border-left-width: 1px !important;padding-top: 4% !important;padding-right: 4% !important;padding-bottom: 4% !important;padding-left: 4% !important;border-left-style: solid !important;border-right-style: solid !important;border-top-style: solid !important;border-bottom-style: solid !important;border-radius: 1px !important;border-color: #E5E5E5 !important;}<\/style><div class=\"wpb-content-wrapper\"><div class=\"vc_row wpb_row vc_row-fluid\"><div class=\"wpb_column vc_column_container vc_col-sm-12 vc_col-has-fill wd-rs-67502f36d4460\"><div class=\"vc_column-inner vc_custom_1733308228591\"><div class=\"wpb_wrapper\">\n\t<div class=\"wpb_text_column wpb_content_element vc_custom_1734270461750\" >\n\t\t<div class=\"wpb_wrapper\">\n\t\t\t<p><strong>Productveiligheidsverordening<\/strong><br \/>\nEconomische actor Naam: TermaTech A\/S<br \/>\nAdres: Gunnar Clausens Vej 36, DK-8260 Viby J, Denemarken<\/p>\n<p>E-mail: info@termatech.com<\/p>\n\n\t\t<\/div>\n\t<\/div>\n<\/div><\/div><\/div><\/div><\/div>\n<\/div>","protected":false},"excerpt":{"rendered":"<p>Aluflex-slang voor externe verse luchttoevoer, grijs, incl. slangklemmen 100 mm<\/p>","protected":false},"featured_media":3453,"template":"","meta":[],"product_brand":[],"product_cat":[234,30],"product_tag":[192,193],"class_list":{"0":"post-3452","1":"product","2":"type-product","3":"status-publish","4":"has-post-thumbnail","6":"product_cat-lueftungszubehoer","7":"product_cat-zubehoer","8":"product_tag-ofenrohr-50-cm-150mm-schwarz","9":"product_tag-ofenrohre-winkel-90","10":"product_shipping_class-feuer-und-flamme","11":"pa_hersteller-feuerund-flamme","12":"pa_versandkosten-238","14":"first","15":"instock","16":"taxable","17":"shipping-taxable","18":"purchasable","19":"product-type-simple"},"yoast_head":"<!-- This site is optimized with the Yoast SEO Premium plugin v27.5 (Yoast SEO v27.5) - https:\/\/yoast.com\/product\/yoast-seo-premium-wordpress\/ -->\n<title>Rosette incl. Schellen grau - Feuer und Flamme<\/title>\n<meta name=\"robots\" content=\"index, follow, max-snippet:-1, max-image-preview:large, max-video-preview:-1\" \/>\n<link rel=\"canonical\" href=\"https:\/\/www.feuer-flamme.com\/nl\/product-2\/rozet-incl-ringen-ext-f\/\" \/>\n<meta property=\"og:locale\" content=\"nl_NL\" \/>\n<meta property=\"og:type\" content=\"article\" \/>\n<meta property=\"og:title\" content=\"Rosette incl. Schellen grau\" \/>\n<meta property=\"og:description\" content=\"Aluflexschlauch f\u00fcr externen Frischluftanschlu\u00df grau incl. Schlauchschellen 100 mm\" \/>\n<meta property=\"og:url\" content=\"https:\/\/www.feuer-flamme.com\/nl\/product-2\/rozet-incl-ringen-ext-f\/\" \/>\n<meta property=\"og:site_name\" content=\"Feuer und Flamme\" \/>\n<meta property=\"article:publisher\" content=\"https:\/\/www.facebook.com\/feuer.flamme.kaminofen\/\" \/>\n<meta property=\"article:modified_time\" content=\"2024-12-17T11:36:24+00:00\" \/>\n<meta property=\"og:image\" content=\"https:\/\/www.feuer-flamme.com\/wp-content\/uploads\/2020\/07\/aluflexrosette_grau.jpg\" \/>\n\t<meta property=\"og:image:width\" content=\"1500\" \/>\n\t<meta property=\"og:image:height\" content=\"1250\" \/>\n\t<meta property=\"og:image:type\" content=\"image\/jpeg\" \/>\n<meta name=\"twitter:card\" content=\"summary_large_image\" \/>\n<meta name=\"twitter:label1\" content=\"Prijs\" \/>\n\t<meta name=\"twitter:data1\" content=\"&euro;29,00\" \/>\n\t<meta name=\"twitter:label2\" content=\"Beschikbaarheid\" \/>\n\t<meta name=\"twitter:data2\" content=\"Op voorraad\" \/>\n<script type=\"application\/ld+json\" class=\"yoast-schema-graph\">{\"@context\":\"https:\\\/\\\/schema.org\",\"@graph\":[{\"@type\":\"WebPage\",\"@id\":\"https:\\\/\\\/www.feuer-flamme.com\\\/produkt\\\/rosette-incl-schellen-ext-f\",\"url\":\"https:\\\/\\\/www.feuer-flamme.com\\\/produkt\\\/rosette-incl-schellen-ext-f\",\"name\":\"Rosette incl. Schellen grau - Feuer und Flamme\",\"isPartOf\":{\"@id\":\"https:\\\/\\\/www.feuer-flamme.com\\\/#website\"},\"primaryImageOfPage\":{\"@id\":\"https:\\\/\\\/www.feuer-flamme.com\\\/produkt\\\/rosette-incl-schellen-ext-f#primaryimage\"},\"image\":{\"@id\":\"https:\\\/\\\/www.feuer-flamme.com\\\/produkt\\\/rosette-incl-schellen-ext-f#primaryimage\"},\"thumbnailUrl\":\"https:\\\/\\\/www.feuer-flamme.com\\\/wp-content\\\/uploads\\\/2020\\\/07\\\/aluflexrosette_grau.jpg\",\"datePublished\":\"2020-07-04T09:35:43+00:00\",\"dateModified\":\"2024-12-17T11:36:24+00:00\",\"breadcrumb\":{\"@id\":\"https:\\\/\\\/www.feuer-flamme.com\\\/produkt\\\/rosette-incl-schellen-ext-f#breadcrumb\"},\"inLanguage\":\"nl-NL\",\"potentialAction\":[{\"@type\":\"ReadAction\",\"target\":[\"https:\\\/\\\/www.feuer-flamme.com\\\/produkt\\\/rosette-incl-schellen-ext-f\"]}]},{\"@type\":\"ImageObject\",\"inLanguage\":\"nl-NL\",\"@id\":\"https:\\\/\\\/www.feuer-flamme.com\\\/produkt\\\/rosette-incl-schellen-ext-f#primaryimage\",\"url\":\"https:\\\/\\\/www.feuer-flamme.com\\\/wp-content\\\/uploads\\\/2020\\\/07\\\/aluflexrosette_grau.jpg\",\"contentUrl\":\"https:\\\/\\\/www.feuer-flamme.com\\\/wp-content\\\/uploads\\\/2020\\\/07\\\/aluflexrosette_grau.jpg\",\"width\":1500,\"height\":1250,\"caption\":\"Das Bild zeigt eine graue Aluflexrosette, die zum Abdecken und Versch\u00f6nern von Rohrdurchf\u00fchrungen bei Kamin\u00f6fen dient. Sie ist rund und hat eine zentrale \u00d6ffnung, passend f\u00fcr verschiedene Rohrgr\u00f6\u00dfen. Au\u00dferdem sind zwei Befestigungsschellen abgebildet, die zur sicheren Montage beitragen. Dieses Zubeh\u00f6r ist eine praktische Erg\u00e4nzung f\u00fcr jeden Holzofen und sorgt f\u00fcr ein sauberes und ansprechendes Erscheinungsbild des Ofenrohrs.\"},{\"@type\":\"BreadcrumbList\",\"@id\":\"https:\\\/\\\/www.feuer-flamme.com\\\/produkt\\\/rosette-incl-schellen-ext-f#breadcrumb\",\"itemListElement\":[{\"@type\":\"ListItem\",\"position\":1,\"name\":\"Startseite\",\"item\":\"https:\\\/\\\/www.feuer-flamme.com\\\/\"},{\"@type\":\"ListItem\",\"position\":2,\"name\":\"Feuer &#038; Flamme Kamin\u00f6fen\",\"item\":\"https:\\\/\\\/www.feuer-flamme.com\\\/shop\"},{\"@type\":\"ListItem\",\"position\":3,\"name\":\"Rosette incl. Schellen grau\"}]},{\"@type\":\"WebSite\",\"@id\":\"https:\\\/\\\/www.feuer-flamme.com\\\/#website\",\"url\":\"https:\\\/\\\/www.feuer-flamme.com\\\/\",\"name\":\"Feuer und Flamme\",\"description\":\"Kamin\u00d6fen\",\"publisher\":{\"@id\":\"https:\\\/\\\/www.feuer-flamme.com\\\/#organization\"},\"potentialAction\":[{\"@type\":\"SearchAction\",\"target\":{\"@type\":\"EntryPoint\",\"urlTemplate\":\"https:\\\/\\\/www.feuer-flamme.com\\\/?s={search_term_string}\"},\"query-input\":{\"@type\":\"PropertyValueSpecification\",\"valueRequired\":true,\"valueName\":\"search_term_string\"}}],\"inLanguage\":\"nl-NL\"},{\"@type\":\"Organization\",\"@id\":\"https:\\\/\\\/www.feuer-flamme.com\\\/#organization\",\"name\":\"Feuer & Flamme GmbH\",\"url\":\"https:\\\/\\\/www.feuer-flamme.com\\\/\",\"logo\":{\"@type\":\"ImageObject\",\"inLanguage\":\"nl-NL\",\"@id\":\"https:\\\/\\\/www.feuer-flamme.com\\\/#\\\/schema\\\/logo\\\/image\\\/\",\"url\":\"https:\\\/\\\/www.feuer-flamme.com\\\/wp-content\\\/uploads\\\/2020\\\/02\\\/Logo.jpg\",\"contentUrl\":\"https:\\\/\\\/www.feuer-flamme.com\\\/wp-content\\\/uploads\\\/2020\\\/02\\\/Logo.jpg\",\"width\":150,\"height\":150,\"caption\":\"Feuer & Flamme GmbH\"},\"image\":{\"@id\":\"https:\\\/\\\/www.feuer-flamme.com\\\/#\\\/schema\\\/logo\\\/image\\\/\"},\"sameAs\":[\"https:\\\/\\\/www.facebook.com\\\/feuer.flamme.kaminofen\\\/\"]}]}<\/script>\n<meta property=\"product:brand\" content=\"Feuer und Flamme\" \/>\n<meta property=\"product:price:amount\" content=\"29.00\" \/>\n<meta property=\"product:price:currency\" content=\"EUR\" \/>\n<meta property=\"og:availability\" content=\"instock\" \/>\n<meta property=\"product:availability\" content=\"instock\" \/>\n<meta property=\"product:retailer_item_id\" content=\"100422\" \/>\n<meta property=\"product:condition\" content=\"new\" \/>\n<!-- \/ Yoast SEO Premium plugin. -->","yoast_head_json":{"title":"Rozet incl. klemmen grijs - Feuer und Flamme","robots":{"index":"index","follow":"follow","max-snippet":"max-snippet:-1","max-image-preview":"max-image-preview:large","max-video-preview":"max-video-preview:-1"},"canonical":"https:\/\/www.feuer-flamme.com\/nl\/product-2\/rozet-incl-ringen-ext-f\/","og_locale":"nl_NL","og_type":"article","og_title":"Rosette incl. Schellen grau","og_description":"Aluflexschlauch f\u00fcr externen Frischluftanschlu\u00df grau incl. Schlauchschellen 100 mm","og_url":"https:\/\/www.feuer-flamme.com\/nl\/product-2\/rozet-incl-ringen-ext-f\/","og_site_name":"Feuer und Flamme","article_publisher":"https:\/\/www.facebook.com\/feuer.flamme.kaminofen\/","article_modified_time":"2024-12-17T11:36:24+00:00","og_image":[{"width":1500,"height":1250,"url":"https:\/\/www.feuer-flamme.com\/wp-content\/uploads\/2020\/07\/aluflexrosette_grau.jpg","type":"image\/jpeg"}],"twitter_card":"summary_large_image","twitter_misc":{"Prijs":"&euro;29,00","Beschikbaarheid":"Op voorraad"},"schema":{"@context":"https:\/\/schema.org","@graph":[{"@type":"WebPage","@id":"https:\/\/www.feuer-flamme.com\/produkt\/rosette-incl-schellen-ext-f","url":"https:\/\/www.feuer-flamme.com\/produkt\/rosette-incl-schellen-ext-f","name":"Rozet incl. klemmen grijs - Feuer und Flamme","isPartOf":{"@id":"https:\/\/www.feuer-flamme.com\/#website"},"primaryImageOfPage":{"@id":"https:\/\/www.feuer-flamme.com\/produkt\/rosette-incl-schellen-ext-f#primaryimage"},"image":{"@id":"https:\/\/www.feuer-flamme.com\/produkt\/rosette-incl-schellen-ext-f#primaryimage"},"thumbnailUrl":"https:\/\/www.feuer-flamme.com\/wp-content\/uploads\/2020\/07\/aluflexrosette_grau.jpg","datePublished":"2020-07-04T09:35:43+00:00","dateModified":"2024-12-17T11:36:24+00:00","breadcrumb":{"@id":"https:\/\/www.feuer-flamme.com\/produkt\/rosette-incl-schellen-ext-f#breadcrumb"},"inLanguage":"nl-NL","potentialAction":[{"@type":"ReadAction","target":["https:\/\/www.feuer-flamme.com\/produkt\/rosette-incl-schellen-ext-f"]}]},{"@type":"ImageObject","inLanguage":"nl-NL","@id":"https:\/\/www.feuer-flamme.com\/produkt\/rosette-incl-schellen-ext-f#primaryimage","url":"https:\/\/www.feuer-flamme.com\/wp-content\/uploads\/2020\/07\/aluflexrosette_grau.jpg","contentUrl":"https:\/\/www.feuer-flamme.com\/wp-content\/uploads\/2020\/07\/aluflexrosette_grau.jpg","width":1500,"height":1250,"caption":"Das Bild zeigt eine graue Aluflexrosette, die zum Abdecken und Versch\u00f6nern von Rohrdurchf\u00fchrungen bei Kamin\u00f6fen dient. Sie ist rund und hat eine zentrale \u00d6ffnung, passend f\u00fcr verschiedene Rohrgr\u00f6\u00dfen. Au\u00dferdem sind zwei Befestigungsschellen abgebildet, die zur sicheren Montage beitragen. Dieses Zubeh\u00f6r ist eine praktische Erg\u00e4nzung f\u00fcr jeden Holzofen und sorgt f\u00fcr ein sauberes und ansprechendes Erscheinungsbild des Ofenrohrs."},{"@type":"BreadcrumbList","@id":"https:\/\/www.feuer-flamme.com\/produkt\/rosette-incl-schellen-ext-f#breadcrumb","itemListElement":[{"@type":"ListItem","position":1,"name":"Startseite","item":"https:\/\/www.feuer-flamme.com\/"},{"@type":"ListItem","position":2,"name":"Feuer &#038; Flamme Kamin\u00f6fen","item":"https:\/\/www.feuer-flamme.com\/shop"},{"@type":"ListItem","position":3,"name":"Rosette incl. Schellen grau"}]},{"@type":"WebSite","@id":"https:\/\/www.feuer-flamme.com\/#website","url":"https:\/\/www.feuer-flamme.com\/","name":"Feuer und Flamme","description":"Open haarden","publisher":{"@id":"https:\/\/www.feuer-flamme.com\/#organization"},"potentialAction":[{"@type":"SearchAction","target":{"@type":"EntryPoint","urlTemplate":"https:\/\/www.feuer-flamme.com\/?s={search_term_string}"},"query-input":{"@type":"PropertyValueSpecification","valueRequired":true,"valueName":"search_term_string"}}],"inLanguage":"nl-NL"},{"@type":"Organization","@id":"https:\/\/www.feuer-flamme.com\/#organization","name":"Feuer &amp; Flamme GmbH","url":"https:\/\/www.feuer-flamme.com\/","logo":{"@type":"ImageObject","inLanguage":"nl-NL","@id":"https:\/\/www.feuer-flamme.com\/#\/schema\/logo\/image\/","url":"https:\/\/www.feuer-flamme.com\/wp-content\/uploads\/2020\/02\/Logo.jpg","contentUrl":"https:\/\/www.feuer-flamme.com\/wp-content\/uploads\/2020\/02\/Logo.jpg","width":150,"height":150,"caption":"Feuer & Flamme GmbH"},"image":{"@id":"https:\/\/www.feuer-flamme.com\/#\/schema\/logo\/image\/"},"sameAs":["https:\/\/www.facebook.com\/feuer.flamme.kaminofen\/"]}]},"product_brand":"Feuer und Flamme","product_price_amount":"29.00","product_price_currency":"EUR","og_availability":"instock","product_availability":"instock","product_retailer_item_id":"100422","product_condition":"new"},"_links":{"self":[{"href":"https:\/\/www.feuer-flamme.com\/nl\/wp-json\/wp\/v2\/product\/3452","targetHints":{"allow":["GET"]}}],"collection":[{"href":"https:\/\/www.feuer-flamme.com\/nl\/wp-json\/wp\/v2\/product"}],"about":[{"href":"https:\/\/www.feuer-flamme.com\/nl\/wp-json\/wp\/v2\/types\/product"}],"wp:featuredmedia":[{"embeddable":true,"href":"https:\/\/www.feuer-flamme.com\/nl\/wp-json\/wp\/v2\/media\/3453"}],"wp:attachment":[{"href":"https:\/\/www.feuer-flamme.com\/nl\/wp-json\/wp\/v2\/media?parent=3452"}],"wp:term":[{"taxonomy":"product_brand","embeddable":true,"href":"https:\/\/www.feuer-flamme.com\/nl\/wp-json\/wp\/v2\/product_brand?post=3452"},{"taxonomy":"product_cat","embeddable":true,"href":"https:\/\/www.feuer-flamme.com\/nl\/wp-json\/wp\/v2\/product_cat?post=3452"},{"taxonomy":"product_tag","embeddable":true,"href":"https:\/\/www.feuer-flamme.com\/nl\/wp-json\/wp\/v2\/product_tag?post=3452"}],"curies":[{"name":"wp","href":"https:\/\/api.w.org\/{rel}","templated":true}]}}