{"id":4356,"date":"2020-09-09T14:54:17","date_gmt":"2020-09-09T14:54:17","guid":{"rendered":"https:\/\/feuer-flamme.com\/?post_type=product&#038;p=4356"},"modified":"2025-02-10T10:49:39","modified_gmt":"2025-02-10T10:49:39","slug":"radiografische-afzuigregeling-as-5120","status":"publish","type":"product","link":"https:\/\/www.feuer-flamme.com\/nl\/produkt\/funk-abluftsteuerung-as-5120","title":{"rendered":"AS-5120"},"content":{"rendered":"<div class=\"wpb-content-wrapper\"><div class=\"vc_row wpb_row vc_row-fluid vc_custom_1599662442470 vc_row-has-fill\"><div class=\"wpb_column vc_column_container vc_col-sm-12\"><div class=\"vc_column-inner\"><div class=\"wpb_wrapper\">\n\t<div class=\"wpb_text_column wpb_content_element\" >\n\t\t<div class=\"wpb_wrapper\">\n\t\t\t<h4>PRODUCTBESCHRIJVING<\/h4>\n<p class=\"bodytext\">De AS 5120 radiografische afzuigregeling beschikt over een minizender die naar keuze met een witte of bruine behuizing (houten ramen) kan worden gebruikt.<\/p>\n<p>\u2013 Fabrikant productcode: AS-5120<\/p>\n<p class=\"bodytext\">\u2013 DIBT-goedkeuring: Z-85.2-21<\/p>\n<p class=\"bodytext\">\u2013 Gecontroleerd door T\u00dcV-S\u00fcd<\/p>\n<p class=\"bodytext\">\u2013 Zendbereik tot 50 m in open veld<\/p>\n<p class=\"bodytext\">\u2013 Complete set inclusief montagemateriaal en batterij<\/p>\n<p class=\"bodytext\">\u2013 Er kunnen maximaal 6 raamzenders worden geprogrammeerd.<\/p>\n<p class=\"bodytext\"><strong>Mini-zender (venster):<\/strong><\/p>\n<p class=\"bodytext\">\u2013 Volledig draadloze mini-zender, onopvallend aan het raamkozijn<\/p>\n<p class=\"bodytext\">\u2013 witte behuizing \u2013 en extra bruine vervangende behuizing<\/p>\n<p class=\"bodytext\">\u2013 Energiebesparende technologie: batterijduur tot 5 jaar \u2013 LED-statusindicator<\/p>\n<p class=\"bodytext\"><strong>Ontvanger (afzuigkap, ventilator):<\/strong><\/p>\n<p class=\"bodytext\">\u2013 Tussenstekker inclusief kinderveiligheid<\/p>\n<p class=\"bodytext\">\u2013 Mechanische omzetbeveiliging met hoofdschakelaarfunctie<\/p>\n<p class=\"bodytext\">\u2013 Testknop<\/p>\n<p class=\"bodytext\">\u2013 Schakelvermogen 1800 watt (8A)<\/p>\n<p class=\"bodytext\"><strong>Stroomvoorziening:<\/strong><\/p>\n<p class=\"bodytext\">Zender: 1 x 3V CR 2477 (meegeleverd)<\/p>\n<p class=\"bodytext\">Ontvanger: 230 V\/ 50 Hz<\/p>\n<p class=\"bodytext\">Frequentie: 868 MHz (fabrieksmatig gecodeerd)<\/p>\n<p class=\"bodytext\"><strong>Afmetingen:<\/strong><\/p>\n<p class=\"bodytext\">Ontvanger: 60 x 125 x 90 mm (BxHxD)<\/p>\n<p class=\"bodytext\">Zender: 60 x 30 x 17 mm (BxHxD)<\/p>\n<p class=\"bodytext\"><strong>Leveringsomvang:<\/strong><\/p>\n<p class=\"bodytext\">1 x schakelapparaat met omkeerbare beveiliging (ontvanger)<\/p>\n<p class=\"bodytext\">1 x zender met batterij + vervangende behuizing in bruin<\/p>\n<p class=\"bodytext\">1 x montagemateriaal\/-instructies<\/p>\n\n\t\t<\/div>\n\t<\/div>\n<\/div><\/div><\/div><\/div><div class=\"vc_row wpb_row vc_row-fluid vc_custom_1599662972517 vc_row-has-fill\"><div class=\"wpb_column vc_column_container vc_col-sm-3\"><div class=\"vc_column-inner vc_custom_1599662575273\"><div class=\"wpb_wrapper\"><div id=\"wd-5f58ecfa53b5f\" class=\"wd-rs-5f58ecfa53b5f  wd-button-wrapper text-left\"><a href=\"https:\/\/feuer-flamme.com\/wp-content\/uploads\/2020\/09\/AS-5120-Anleitung.pdf\" title=\"Handleiding downloaden\" target=\"_blank\" class=\"btn btn-color-alt btn-style-default btn-shape-semi-round btn-size-default\">Handleiding downloaden<\/a><\/div><\/div><\/div><\/div><div class=\"wpb_column vc_column_container vc_col-sm-3\"><div class=\"vc_column-inner vc_custom_1599662583569\"><div class=\"wpb_wrapper\"><div id=\"wd-5f58ed14ab67d\" class=\"wd-rs-5f58ed14ab67d  wd-button-wrapper text-left\"><a href=\"https:\/\/feuer-flamme.com\/wp-content\/uploads\/2020\/09\/AS-5120.pdf\" title=\"Handleiding downloaden\" target=\"_blank\" class=\"btn btn-color-alt btn-style-default btn-shape-semi-round btn-size-default\">-download<\/a><\/div><\/div><\/div><\/div><\/div><div class=\"vc_row wpb_row vc_row-fluid\"><div class=\"wpb_column vc_column_container vc_col-sm-12\"><div class=\"vc_column-inner\"><div class=\"wpb_wrapper\"><style data-type=\"vc_shortcodes-custom-css\">.vc_custom_1733308228591{margin-top: 0% !important;margin-right: 0% !important;margin-bottom: 0% !important;margin-left: 0% !important;border-top-width: 1px !important;border-right-width: 1px !important;border-bottom-width: 1px !important;border-left-width: 1px !important;padding-left: 4% !important;border-color: #E5E5E5 !important;}.vc_custom_1734176429563{border-top-width: 1px !important;border-right-width: 1px !important;border-bottom-width: 1px !important;border-left-width: 1px !important;padding-top: 4% !important;padding-right: 4% !important;padding-bottom: 4% !important;padding-left: 4% !important;border-left-style: solid !important;border-right-style: solid !important;border-top-style: solid !important;border-bottom-style: solid !important;border-radius: 1px !important;border-color: #E5E5E5 !important;}<\/style><div class=\"wpb-content-wrapper\"><div class=\"vc_row wpb_row vc_row-fluid\"><div class=\"wpb_column vc_column_container vc_col-sm-12 vc_col-has-fill wd-rs-67502f36d4460\"><div class=\"vc_column-inner vc_custom_1733308228591\"><div class=\"wpb_wrapper\">\n\t<div class=\"wpb_text_column wpb_content_element vc_custom_1734176429563\" >\n\t\t<div class=\"wpb_wrapper\">\n\t\t\t<p><strong>Productveiligheidsverordening<\/strong><br \/>\nEconomische actor Naam: Protector GmbH<br \/>\nAdres: An den Kolonaten 37, 26160 Bad Zwischenahn, DE<br \/>\nE-mail: info@protector24.de<\/p>\n\n\t\t<\/div>\n\t<\/div>\n<\/div><\/div><\/div><\/div><\/div><\/div><\/div><\/div><\/div>\n<\/div>","protected":false},"excerpt":{"rendered":"<p class=\"bodytext\">Draadloze afzuigregeling AS-5120 met mini-raamzender, volledig draadloos<\/p>","protected":false},"featured_media":4442,"template":"","meta":[],"product_brand":[],"product_cat":[191,30],"product_tag":[],"class_list":{"0":"post-4356","1":"product","2":"type-product","3":"status-publish","4":"has-post-thumbnail","6":"product_cat-fensterkontaktschalter","7":"product_cat-zubehoer","8":"product_shipping_class-feuer-und-flamme","9":"pa_hersteller-feuerund-flamme","10":"pa_versandkosten-238","12":"first","13":"instock","14":"taxable","15":"shipping-taxable","16":"purchasable","17":"product-type-simple"},"yoast_head":"<!-- This site is optimized with the Yoast SEO Premium plugin v27.5 (Yoast SEO v27.5) - https:\/\/yoast.com\/product\/yoast-seo-premium-wordpress\/ -->\n<title>AS-5120 - Feuer und Flamme<\/title>\n<meta name=\"robots\" content=\"index, follow, max-snippet:-1, max-image-preview:large, max-video-preview:-1\" \/>\n<link rel=\"canonical\" href=\"https:\/\/www.feuer-flamme.com\/nl\/product-2\/radiografische-afzuigregeling-as-5120\/\" \/>\n<meta property=\"og:locale\" content=\"nl_NL\" \/>\n<meta property=\"og:type\" content=\"article\" \/>\n<meta property=\"og:title\" content=\"AS-5120\" \/>\n<meta property=\"og:description\" content=\"Funk Abluftsteuerung AS-5120 mit Mini-Fenstersender, komplett kabellos\" \/>\n<meta property=\"og:url\" content=\"https:\/\/www.feuer-flamme.com\/nl\/product-2\/radiografische-afzuigregeling-as-5120\/\" \/>\n<meta property=\"og:site_name\" content=\"Feuer und Flamme\" \/>\n<meta property=\"article:publisher\" content=\"https:\/\/www.facebook.com\/feuer.flamme.kaminofen\/\" \/>\n<meta property=\"article:modified_time\" content=\"2025-02-10T10:49:39+00:00\" \/>\n<meta property=\"og:image\" content=\"https:\/\/www.feuer-flamme.com\/wp-content\/uploads\/2020\/09\/AS-5120.jpg\" \/>\n\t<meta property=\"og:image:width\" content=\"592\" \/>\n\t<meta property=\"og:image:height\" content=\"500\" \/>\n\t<meta property=\"og:image:type\" content=\"image\/jpeg\" \/>\n<meta name=\"twitter:card\" content=\"summary_large_image\" \/>\n<meta name=\"twitter:label1\" content=\"Prijs\" \/>\n\t<meta name=\"twitter:data1\" content=\"&euro;149,00\" \/>\n\t<meta name=\"twitter:label2\" content=\"Beschikbaarheid\" \/>\n\t<meta name=\"twitter:data2\" content=\"Op voorraad\" \/>\n<script type=\"application\/ld+json\" class=\"yoast-schema-graph\">{\"@context\":\"https:\\\/\\\/schema.org\",\"@graph\":[{\"@type\":\"WebPage\",\"@id\":\"https:\\\/\\\/www.feuer-flamme.com\\\/produkt\\\/funk-abluftsteuerung-as-5120\",\"url\":\"https:\\\/\\\/www.feuer-flamme.com\\\/produkt\\\/funk-abluftsteuerung-as-5120\",\"name\":\"AS-5120 - Feuer und Flamme\",\"isPartOf\":{\"@id\":\"https:\\\/\\\/www.feuer-flamme.com\\\/#website\"},\"primaryImageOfPage\":{\"@id\":\"https:\\\/\\\/www.feuer-flamme.com\\\/produkt\\\/funk-abluftsteuerung-as-5120#primaryimage\"},\"image\":{\"@id\":\"https:\\\/\\\/www.feuer-flamme.com\\\/produkt\\\/funk-abluftsteuerung-as-5120#primaryimage\"},\"thumbnailUrl\":\"https:\\\/\\\/www.feuer-flamme.com\\\/wp-content\\\/uploads\\\/2020\\\/09\\\/AS-5120.jpg\",\"datePublished\":\"2020-09-09T14:54:17+00:00\",\"dateModified\":\"2025-02-10T10:49:39+00:00\",\"breadcrumb\":{\"@id\":\"https:\\\/\\\/www.feuer-flamme.com\\\/produkt\\\/funk-abluftsteuerung-as-5120#breadcrumb\"},\"inLanguage\":\"nl-NL\",\"potentialAction\":[{\"@type\":\"ReadAction\",\"target\":[\"https:\\\/\\\/www.feuer-flamme.com\\\/produkt\\\/funk-abluftsteuerung-as-5120\"]}]},{\"@type\":\"ImageObject\",\"inLanguage\":\"nl-NL\",\"@id\":\"https:\\\/\\\/www.feuer-flamme.com\\\/produkt\\\/funk-abluftsteuerung-as-5120#primaryimage\",\"url\":\"https:\\\/\\\/www.feuer-flamme.com\\\/wp-content\\\/uploads\\\/2020\\\/09\\\/AS-5120.jpg\",\"contentUrl\":\"https:\\\/\\\/www.feuer-flamme.com\\\/wp-content\\\/uploads\\\/2020\\\/09\\\/AS-5120.jpg\",\"width\":592,\"height\":500,\"caption\":\"Das Bild zeigt einen \u00dcberspannungsschutzstecker mit zwei dazugeh\u00f6rigen Steckern, die als Zubeh\u00f6r f\u00fcr Kamin\u00f6fen dienen k\u00f6nnten. Der Hauptstecker ist wei\u00df mit mehreren Kontrollleuchten. Die beiden anderen Stecker sind unterschiedlich gef\u00e4rbt, einer wei\u00df und der andere dunkelbraun, ebenfalls mit kleinen Kontrollleuchten. Der Fokus des Bildes liegt auf den n\u00fctzlichen Zusatzkomponenten f\u00fcr den sicheren Betrieb von elektrischen Ger\u00e4ten im Zusammenhang mit Kamin\u00f6fen.\"},{\"@type\":\"BreadcrumbList\",\"@id\":\"https:\\\/\\\/www.feuer-flamme.com\\\/produkt\\\/funk-abluftsteuerung-as-5120#breadcrumb\",\"itemListElement\":[{\"@type\":\"ListItem\",\"position\":1,\"name\":\"Startseite\",\"item\":\"https:\\\/\\\/www.feuer-flamme.com\\\/\"},{\"@type\":\"ListItem\",\"position\":2,\"name\":\"Feuer &#038; Flamme Kamin\u00f6fen\",\"item\":\"https:\\\/\\\/www.feuer-flamme.com\\\/shop\"},{\"@type\":\"ListItem\",\"position\":3,\"name\":\"AS-5120\"}]},{\"@type\":\"WebSite\",\"@id\":\"https:\\\/\\\/www.feuer-flamme.com\\\/#website\",\"url\":\"https:\\\/\\\/www.feuer-flamme.com\\\/\",\"name\":\"Feuer und Flamme\",\"description\":\"Kamin\u00d6fen\",\"publisher\":{\"@id\":\"https:\\\/\\\/www.feuer-flamme.com\\\/#organization\"},\"potentialAction\":[{\"@type\":\"SearchAction\",\"target\":{\"@type\":\"EntryPoint\",\"urlTemplate\":\"https:\\\/\\\/www.feuer-flamme.com\\\/?s={search_term_string}\"},\"query-input\":{\"@type\":\"PropertyValueSpecification\",\"valueRequired\":true,\"valueName\":\"search_term_string\"}}],\"inLanguage\":\"nl-NL\"},{\"@type\":\"Organization\",\"@id\":\"https:\\\/\\\/www.feuer-flamme.com\\\/#organization\",\"name\":\"Feuer & Flamme GmbH\",\"url\":\"https:\\\/\\\/www.feuer-flamme.com\\\/\",\"logo\":{\"@type\":\"ImageObject\",\"inLanguage\":\"nl-NL\",\"@id\":\"https:\\\/\\\/www.feuer-flamme.com\\\/#\\\/schema\\\/logo\\\/image\\\/\",\"url\":\"https:\\\/\\\/www.feuer-flamme.com\\\/wp-content\\\/uploads\\\/2020\\\/02\\\/Logo.jpg\",\"contentUrl\":\"https:\\\/\\\/www.feuer-flamme.com\\\/wp-content\\\/uploads\\\/2020\\\/02\\\/Logo.jpg\",\"width\":150,\"height\":150,\"caption\":\"Feuer & Flamme GmbH\"},\"image\":{\"@id\":\"https:\\\/\\\/www.feuer-flamme.com\\\/#\\\/schema\\\/logo\\\/image\\\/\"},\"sameAs\":[\"https:\\\/\\\/www.facebook.com\\\/feuer.flamme.kaminofen\\\/\"]}]}<\/script>\n<meta property=\"product:brand\" content=\"Feuer und Flamme\" \/>\n<meta property=\"product:price:amount\" content=\"149.00\" \/>\n<meta property=\"product:price:currency\" content=\"EUR\" \/>\n<meta property=\"og:availability\" content=\"instock\" \/>\n<meta property=\"product:availability\" content=\"instock\" \/>\n<meta property=\"product:condition\" content=\"new\" \/>\n<!-- \/ Yoast SEO Premium plugin. -->","yoast_head_json":{"title":"AS-5120 - Feuer und Flamme","robots":{"index":"index","follow":"follow","max-snippet":"max-snippet:-1","max-image-preview":"max-image-preview:large","max-video-preview":"max-video-preview:-1"},"canonical":"https:\/\/www.feuer-flamme.com\/nl\/product-2\/radiografische-afzuigregeling-as-5120\/","og_locale":"nl_NL","og_type":"article","og_title":"AS-5120","og_description":"Funk Abluftsteuerung AS-5120 mit Mini-Fenstersender, komplett kabellos","og_url":"https:\/\/www.feuer-flamme.com\/nl\/product-2\/radiografische-afzuigregeling-as-5120\/","og_site_name":"Feuer und Flamme","article_publisher":"https:\/\/www.facebook.com\/feuer.flamme.kaminofen\/","article_modified_time":"2025-02-10T10:49:39+00:00","og_image":[{"width":592,"height":500,"url":"https:\/\/www.feuer-flamme.com\/wp-content\/uploads\/2020\/09\/AS-5120.jpg","type":"image\/jpeg"}],"twitter_card":"summary_large_image","twitter_misc":{"Prijs":"&euro;149,00","Beschikbaarheid":"Op voorraad"},"schema":{"@context":"https:\/\/schema.org","@graph":[{"@type":"WebPage","@id":"https:\/\/www.feuer-flamme.com\/produkt\/funk-abluftsteuerung-as-5120","url":"https:\/\/www.feuer-flamme.com\/produkt\/funk-abluftsteuerung-as-5120","name":"AS-5120 - Feuer und Flamme","isPartOf":{"@id":"https:\/\/www.feuer-flamme.com\/#website"},"primaryImageOfPage":{"@id":"https:\/\/www.feuer-flamme.com\/produkt\/funk-abluftsteuerung-as-5120#primaryimage"},"image":{"@id":"https:\/\/www.feuer-flamme.com\/produkt\/funk-abluftsteuerung-as-5120#primaryimage"},"thumbnailUrl":"https:\/\/www.feuer-flamme.com\/wp-content\/uploads\/2020\/09\/AS-5120.jpg","datePublished":"2020-09-09T14:54:17+00:00","dateModified":"2025-02-10T10:49:39+00:00","breadcrumb":{"@id":"https:\/\/www.feuer-flamme.com\/produkt\/funk-abluftsteuerung-as-5120#breadcrumb"},"inLanguage":"nl-NL","potentialAction":[{"@type":"ReadAction","target":["https:\/\/www.feuer-flamme.com\/produkt\/funk-abluftsteuerung-as-5120"]}]},{"@type":"ImageObject","inLanguage":"nl-NL","@id":"https:\/\/www.feuer-flamme.com\/produkt\/funk-abluftsteuerung-as-5120#primaryimage","url":"https:\/\/www.feuer-flamme.com\/wp-content\/uploads\/2020\/09\/AS-5120.jpg","contentUrl":"https:\/\/www.feuer-flamme.com\/wp-content\/uploads\/2020\/09\/AS-5120.jpg","width":592,"height":500,"caption":"Das Bild zeigt einen \u00dcberspannungsschutzstecker mit zwei dazugeh\u00f6rigen Steckern, die als Zubeh\u00f6r f\u00fcr Kamin\u00f6fen dienen k\u00f6nnten. Der Hauptstecker ist wei\u00df mit mehreren Kontrollleuchten. Die beiden anderen Stecker sind unterschiedlich gef\u00e4rbt, einer wei\u00df und der andere dunkelbraun, ebenfalls mit kleinen Kontrollleuchten. Der Fokus des Bildes liegt auf den n\u00fctzlichen Zusatzkomponenten f\u00fcr den sicheren Betrieb von elektrischen Ger\u00e4ten im Zusammenhang mit Kamin\u00f6fen."},{"@type":"BreadcrumbList","@id":"https:\/\/www.feuer-flamme.com\/produkt\/funk-abluftsteuerung-as-5120#breadcrumb","itemListElement":[{"@type":"ListItem","position":1,"name":"Startseite","item":"https:\/\/www.feuer-flamme.com\/"},{"@type":"ListItem","position":2,"name":"Feuer &#038; Flamme Kamin\u00f6fen","item":"https:\/\/www.feuer-flamme.com\/shop"},{"@type":"ListItem","position":3,"name":"AS-5120"}]},{"@type":"WebSite","@id":"https:\/\/www.feuer-flamme.com\/#website","url":"https:\/\/www.feuer-flamme.com\/","name":"Feuer und Flamme","description":"Open haarden","publisher":{"@id":"https:\/\/www.feuer-flamme.com\/#organization"},"potentialAction":[{"@type":"SearchAction","target":{"@type":"EntryPoint","urlTemplate":"https:\/\/www.feuer-flamme.com\/?s={search_term_string}"},"query-input":{"@type":"PropertyValueSpecification","valueRequired":true,"valueName":"search_term_string"}}],"inLanguage":"nl-NL"},{"@type":"Organization","@id":"https:\/\/www.feuer-flamme.com\/#organization","name":"Feuer &amp; Flamme GmbH","url":"https:\/\/www.feuer-flamme.com\/","logo":{"@type":"ImageObject","inLanguage":"nl-NL","@id":"https:\/\/www.feuer-flamme.com\/#\/schema\/logo\/image\/","url":"https:\/\/www.feuer-flamme.com\/wp-content\/uploads\/2020\/02\/Logo.jpg","contentUrl":"https:\/\/www.feuer-flamme.com\/wp-content\/uploads\/2020\/02\/Logo.jpg","width":150,"height":150,"caption":"Feuer & Flamme GmbH"},"image":{"@id":"https:\/\/www.feuer-flamme.com\/#\/schema\/logo\/image\/"},"sameAs":["https:\/\/www.facebook.com\/feuer.flamme.kaminofen\/"]}]},"product_brand":"Feuer und Flamme","product_price_amount":"149.00","product_price_currency":"EUR","og_availability":"instock","product_availability":"instock","product_condition":"new"},"_links":{"self":[{"href":"https:\/\/www.feuer-flamme.com\/nl\/wp-json\/wp\/v2\/product\/4356","targetHints":{"allow":["GET"]}}],"collection":[{"href":"https:\/\/www.feuer-flamme.com\/nl\/wp-json\/wp\/v2\/product"}],"about":[{"href":"https:\/\/www.feuer-flamme.com\/nl\/wp-json\/wp\/v2\/types\/product"}],"wp:featuredmedia":[{"embeddable":true,"href":"https:\/\/www.feuer-flamme.com\/nl\/wp-json\/wp\/v2\/media\/4442"}],"wp:attachment":[{"href":"https:\/\/www.feuer-flamme.com\/nl\/wp-json\/wp\/v2\/media?parent=4356"}],"wp:term":[{"taxonomy":"product_brand","embeddable":true,"href":"https:\/\/www.feuer-flamme.com\/nl\/wp-json\/wp\/v2\/product_brand?post=4356"},{"taxonomy":"product_cat","embeddable":true,"href":"https:\/\/www.feuer-flamme.com\/nl\/wp-json\/wp\/v2\/product_cat?post=4356"},{"taxonomy":"product_tag","embeddable":true,"href":"https:\/\/www.feuer-flamme.com\/nl\/wp-json\/wp\/v2\/product_tag?post=4356"}],"curies":[{"name":"wp","href":"https:\/\/api.w.org\/{rel}","templated":true}]}}