{"id":4360,"date":"2020-09-09T15:06:17","date_gmt":"2020-09-09T15:06:17","guid":{"rendered":"https:\/\/feuer-flamme.com\/?post_type=product&#038;p=4360"},"modified":"2025-02-10T10:46:48","modified_gmt":"2025-02-10T10:46:48","slug":"as-5020-3","status":"publish","type":"product","link":"https:\/\/www.feuer-flamme.com\/nl\/produkt\/as-5020-3","title":{"rendered":"AS-5020.3"},"content":{"rendered":"<div class=\"wpb-content-wrapper\"><div class=\"vc_row wpb_row vc_row-fluid vc_custom_1599662442470 vc_row-has-fill\"><div class=\"wpb_column vc_column_container vc_col-sm-12\"><div class=\"vc_column-inner\"><div class=\"wpb_wrapper\">\n\t<div class=\"wpb_text_column wpb_content_element\" >\n\t\t<div class=\"wpb_wrapper\">\n\t\t\t<h4>PRODUCTBESCHRIJVING<\/h4>\n<p>Fabrikant productcode: AS-5020.3<\/p>\n<p class=\"indent align-left\">Het model AS 5020.3   heeft bovendien een zender die het signaal van de raamopening via radiogolven doorgeeft aan de stuurstekker.<\/p>\n<ul>\n<li style=\"list-style-type: none;\">\n<ul>\n<li>\n<div class=\"indent align-left\">\n<p class=\"bodytext\">draadloze installatie<\/p>\n<\/div>\n<p class=\"bodytext\">\n<\/li>\n<li>\n<div class=\"indent align-left\">\n<p class=\"bodytext\">Bereik tot 50 m (in open veld)<\/p>\n<\/div>\n<p class=\"bodytext\">\n<\/li>\n<li>\n<div class=\"indent align-left\">\n<p class=\"bodytext\">Complete set inclusief montagemateriaal  en batterij<\/p>\n<\/div>\n<p class=\"bodytext\">\n<\/li>\n<\/ul>\n<\/li>\n<\/ul>\n<p>&nbsp;<\/p>\n<p class=\"indent align-left\"><strong>Afzender:<\/strong><\/p>\n<ul>\n<li style=\"list-style-type: none;\">\n<ul>\n<li>\n<div class=\"indent align-left\">\n<p class=\"bodytext\">onopvallend aan het raamkozijn<\/p>\n<\/div>\n<p class=\"bodytext\">\n<\/li>\n<li>\n<div class=\"indent align-left\">\n<p class=\"bodytext\">Witte en extra bruine vervangende behuizing meegeleverd (bijvoorbeeld voor houten ramen)<\/p>\n<\/div>\n<p class=\"bodytext\">\n<\/li>\n<li>\n<div class=\"indent align-left\">\n<p class=\"bodytext\">LED-statusindicator<\/p>\n<\/div>\n<p class=\"bodytext\">\n<\/li>\n<\/ul>\n<\/li>\n<\/ul>\n<p>&nbsp;<\/p>\n<p class=\"indent align-left\"><strong>Ontvanger:<\/strong><\/p>\n<ul>\n<li>\n<div class=\"indent align-left\">\n<p class=\"bodytext\">voor afzuigkap, ventilator<\/p>\n<\/div>\n<p class=\"bodytext\">\n<\/li>\n<li>\n<div class=\"indent align-left\">\n<p class=\"bodytext\">Tussenstekker inclusief kinderveiligheid<\/p>\n<\/div>\n<p class=\"bodytext\">\n<\/li>\n<li>\n<div class=\"indent align-left\">\n<p class=\"bodytext\">Mechanische omzetbeveiliging met hoofdschakelfunctie<\/p>\n<\/div>\n<p class=\"bodytext\">\n<\/li>\n<li>\n<div class=\"indent align-left\">\n<p class=\"bodytext\">De keuzeschakelaar OPEN\/CLOSE schakelt aangesloten apparaten naar keuze bij geopend raam (voor afzuigapparaten) of gesloten raam (airconditioning- of verwarmingsapparaten) IN of UIT.<\/p>\n<\/div>\n<p class=\"bodytext\">\n<\/li>\n<li>\n<div class=\"indent align-left\">\n<p class=\"bodytext\">testknop<\/p>\n<\/div>\n<p class=\"bodytext\">\n<\/li>\n<li>\n<div class=\"indent align-left\">\n<p class=\"bodytext\">Schakelvermogen 1800 watt (8A)<\/p>\n<\/div>\n<\/li>\n<\/ul>\n\n\t\t<\/div>\n\t<\/div>\n<\/div><\/div><\/div><\/div><div class=\"vc_row wpb_row vc_row-fluid vc_custom_1599662972517 vc_row-has-fill\"><div class=\"wpb_column vc_column_container vc_col-sm-3\"><div class=\"vc_column-inner vc_custom_1599662575273\"><div class=\"wpb_wrapper\"><div id=\"wd-5f58efcd2744e\" class=\"wd-rs-5f58efcd2744e  wd-button-wrapper text-left\"><a href=\"https:\/\/feuer-flamme.com\/wp-content\/uploads\/2020\/09\/AS-5020-Anleitung.pdf\" title=\"Handleiding downloaden\" target=\"_blank\" class=\"btn btn-color-alt btn-style-default btn-shape-semi-round btn-size-default\">Handleiding downloaden<\/a><\/div><\/div><\/div><\/div><\/div><div class=\"vc_row wpb_row vc_row-fluid\"><div class=\"wpb_column vc_column_container vc_col-sm-12\"><div class=\"vc_column-inner\"><div class=\"wpb_wrapper\"><style data-type=\"vc_shortcodes-custom-css\">.vc_custom_1733308228591{margin-top: 0% !important;margin-right: 0% !important;margin-bottom: 0% !important;margin-left: 0% !important;border-top-width: 1px !important;border-right-width: 1px !important;border-bottom-width: 1px !important;border-left-width: 1px !important;padding-left: 4% !important;border-color: #E5E5E5 !important;}.vc_custom_1734176429563{border-top-width: 1px !important;border-right-width: 1px !important;border-bottom-width: 1px !important;border-left-width: 1px !important;padding-top: 4% !important;padding-right: 4% !important;padding-bottom: 4% !important;padding-left: 4% !important;border-left-style: solid !important;border-right-style: solid !important;border-top-style: solid !important;border-bottom-style: solid !important;border-radius: 1px !important;border-color: #E5E5E5 !important;}<\/style><div class=\"wpb-content-wrapper\"><div class=\"vc_row wpb_row vc_row-fluid\"><div class=\"wpb_column vc_column_container vc_col-sm-12 vc_col-has-fill wd-rs-67502f36d4460\"><div class=\"vc_column-inner vc_custom_1733308228591\"><div class=\"wpb_wrapper\">\n\t<div class=\"wpb_text_column wpb_content_element vc_custom_1734176429563\" >\n\t\t<div class=\"wpb_wrapper\">\n\t\t\t<p><strong>Productveiligheidsverordening<\/strong><br \/>\nEconomische actor Naam: Protector GmbH<br \/>\nAdres: An den Kolonaten 37, 26160 Bad Zwischenahn, DE<br \/>\nE-mail: info@protector24.de<\/p>\n\n\t\t<\/div>\n\t<\/div>\n<\/div><\/div><\/div><\/div><\/div><\/div><\/div><\/div><\/div>\n<\/div>","protected":false},"excerpt":{"rendered":"<p class=\"bodytext\">De  draadloze afzuigregeling AS 5020.3  is volledig draadloos en beschikt over een nieuwe minizender die naar keuze met een witte of bruine behuizing (passend bij houten ramen) kan worden gebruikt.<\/p>","protected":false},"featured_media":4440,"template":"","meta":[],"product_brand":[],"product_cat":[191,30],"product_tag":[],"class_list":{"0":"post-4360","1":"product","2":"type-product","3":"status-publish","4":"has-post-thumbnail","6":"product_cat-fensterkontaktschalter","7":"product_cat-zubehoer","8":"product_shipping_class-feuer-und-flamme","9":"pa_hersteller-feuerund-flamme","10":"pa_versandkosten-238","12":"first","13":"instock","14":"taxable","15":"shipping-taxable","16":"purchasable","17":"product-type-simple"},"yoast_head":"<!-- This site is optimized with the Yoast SEO Premium plugin v27.5 (Yoast SEO v27.5) - https:\/\/yoast.com\/product\/yoast-seo-premium-wordpress\/ -->\n<title>AS-5020.3 - Feuer und Flamme<\/title>\n<meta name=\"robots\" content=\"index, follow, max-snippet:-1, max-image-preview:large, max-video-preview:-1\" \/>\n<link rel=\"canonical\" href=\"https:\/\/www.feuer-flamme.com\/nl\/product-2\/as-5020-3\/\" \/>\n<meta property=\"og:locale\" content=\"nl_NL\" \/>\n<meta property=\"og:type\" content=\"article\" \/>\n<meta property=\"og:title\" content=\"AS-5020.3\" \/>\n<meta property=\"og:description\" content=\"Die \u00a0Funk-Abluftsteuerung AS 5020.3 \u00a0ist komplett kabellos und verf\u00fcgt \u00fcber einen neuen Mini-Sender, der wahlweise mit wei\u00dfem oder braunen Geh\u00e4use (passend f\u00fcr Holzfenster) eingesetzt werden kann.\" \/>\n<meta property=\"og:url\" content=\"https:\/\/www.feuer-flamme.com\/nl\/product-2\/as-5020-3\/\" \/>\n<meta property=\"og:site_name\" content=\"Feuer und Flamme\" \/>\n<meta property=\"article:publisher\" content=\"https:\/\/www.facebook.com\/feuer.flamme.kaminofen\/\" \/>\n<meta property=\"article:modified_time\" content=\"2025-02-10T10:46:48+00:00\" \/>\n<meta property=\"og:image\" content=\"https:\/\/www.feuer-flamme.com\/wp-content\/uploads\/2020\/09\/AS-5020.jpg\" \/>\n\t<meta property=\"og:image:width\" content=\"500\" \/>\n\t<meta property=\"og:image:height\" content=\"500\" \/>\n\t<meta property=\"og:image:type\" content=\"image\/jpeg\" \/>\n<meta name=\"twitter:card\" content=\"summary_large_image\" \/>\n<meta name=\"twitter:label1\" content=\"Prijs\" \/>\n\t<meta name=\"twitter:data1\" content=\"&euro;99,00\" \/>\n\t<meta name=\"twitter:label2\" content=\"Beschikbaarheid\" \/>\n\t<meta name=\"twitter:data2\" content=\"Op voorraad\" \/>\n<script type=\"application\/ld+json\" class=\"yoast-schema-graph\">{\"@context\":\"https:\\\/\\\/schema.org\",\"@graph\":[{\"@type\":\"WebPage\",\"@id\":\"https:\\\/\\\/www.feuer-flamme.com\\\/produkt\\\/as-5020-3\",\"url\":\"https:\\\/\\\/www.feuer-flamme.com\\\/produkt\\\/as-5020-3\",\"name\":\"AS-5020.3 - Feuer und Flamme\",\"isPartOf\":{\"@id\":\"https:\\\/\\\/www.feuer-flamme.com\\\/#website\"},\"primaryImageOfPage\":{\"@id\":\"https:\\\/\\\/www.feuer-flamme.com\\\/produkt\\\/as-5020-3#primaryimage\"},\"image\":{\"@id\":\"https:\\\/\\\/www.feuer-flamme.com\\\/produkt\\\/as-5020-3#primaryimage\"},\"thumbnailUrl\":\"https:\\\/\\\/www.feuer-flamme.com\\\/wp-content\\\/uploads\\\/2020\\\/09\\\/AS-5020.jpg\",\"datePublished\":\"2020-09-09T15:06:17+00:00\",\"dateModified\":\"2025-02-10T10:46:48+00:00\",\"breadcrumb\":{\"@id\":\"https:\\\/\\\/www.feuer-flamme.com\\\/produkt\\\/as-5020-3#breadcrumb\"},\"inLanguage\":\"nl-NL\",\"potentialAction\":[{\"@type\":\"ReadAction\",\"target\":[\"https:\\\/\\\/www.feuer-flamme.com\\\/produkt\\\/as-5020-3\"]}]},{\"@type\":\"ImageObject\",\"inLanguage\":\"nl-NL\",\"@id\":\"https:\\\/\\\/www.feuer-flamme.com\\\/produkt\\\/as-5020-3#primaryimage\",\"url\":\"https:\\\/\\\/www.feuer-flamme.com\\\/wp-content\\\/uploads\\\/2020\\\/09\\\/AS-5020.jpg\",\"contentUrl\":\"https:\\\/\\\/www.feuer-flamme.com\\\/wp-content\\\/uploads\\\/2020\\\/09\\\/AS-5020.jpg\",\"width\":500,\"height\":500,\"caption\":\"Das Bild zeigt Zubeh\u00f6r f\u00fcr Kamin\u00f6fen, bestehend aus einem Steckdosen-Einsatz und einem kabellosen Sensor. Im Hintergrund ist ein modern gestalteter Raum mit einem brennenden Kaminofen zu sehen, der f\u00fcr eine gem\u00fctliche Atmosph\u00e4re sorgt. Der Fokus liegt auf den Ger\u00e4ten im Vordergrund, die vermutlich zur Sicherheit oder Steuerung des Kaminofens dienen. Der Einsatz von hochwertigem Zubeh\u00f6r kann die Nutzung eines Kaminofens effizienter und sicherer gestalten.\"},{\"@type\":\"BreadcrumbList\",\"@id\":\"https:\\\/\\\/www.feuer-flamme.com\\\/produkt\\\/as-5020-3#breadcrumb\",\"itemListElement\":[{\"@type\":\"ListItem\",\"position\":1,\"name\":\"Startseite\",\"item\":\"https:\\\/\\\/www.feuer-flamme.com\\\/\"},{\"@type\":\"ListItem\",\"position\":2,\"name\":\"Feuer &#038; Flamme Kamin\u00f6fen\",\"item\":\"https:\\\/\\\/www.feuer-flamme.com\\\/shop\"},{\"@type\":\"ListItem\",\"position\":3,\"name\":\"AS-5020.3\"}]},{\"@type\":\"WebSite\",\"@id\":\"https:\\\/\\\/www.feuer-flamme.com\\\/#website\",\"url\":\"https:\\\/\\\/www.feuer-flamme.com\\\/\",\"name\":\"Feuer und Flamme\",\"description\":\"Kamin\u00d6fen\",\"publisher\":{\"@id\":\"https:\\\/\\\/www.feuer-flamme.com\\\/#organization\"},\"potentialAction\":[{\"@type\":\"SearchAction\",\"target\":{\"@type\":\"EntryPoint\",\"urlTemplate\":\"https:\\\/\\\/www.feuer-flamme.com\\\/?s={search_term_string}\"},\"query-input\":{\"@type\":\"PropertyValueSpecification\",\"valueRequired\":true,\"valueName\":\"search_term_string\"}}],\"inLanguage\":\"nl-NL\"},{\"@type\":\"Organization\",\"@id\":\"https:\\\/\\\/www.feuer-flamme.com\\\/#organization\",\"name\":\"Feuer & Flamme GmbH\",\"url\":\"https:\\\/\\\/www.feuer-flamme.com\\\/\",\"logo\":{\"@type\":\"ImageObject\",\"inLanguage\":\"nl-NL\",\"@id\":\"https:\\\/\\\/www.feuer-flamme.com\\\/#\\\/schema\\\/logo\\\/image\\\/\",\"url\":\"https:\\\/\\\/www.feuer-flamme.com\\\/wp-content\\\/uploads\\\/2020\\\/02\\\/Logo.jpg\",\"contentUrl\":\"https:\\\/\\\/www.feuer-flamme.com\\\/wp-content\\\/uploads\\\/2020\\\/02\\\/Logo.jpg\",\"width\":150,\"height\":150,\"caption\":\"Feuer & Flamme GmbH\"},\"image\":{\"@id\":\"https:\\\/\\\/www.feuer-flamme.com\\\/#\\\/schema\\\/logo\\\/image\\\/\"},\"sameAs\":[\"https:\\\/\\\/www.facebook.com\\\/feuer.flamme.kaminofen\\\/\"]}]}<\/script>\n<meta property=\"product:brand\" content=\"Feuer und Flamme\" \/>\n<meta property=\"product:price:amount\" content=\"99.00\" \/>\n<meta property=\"product:price:currency\" content=\"EUR\" \/>\n<meta property=\"og:availability\" content=\"instock\" \/>\n<meta property=\"product:availability\" content=\"instock\" \/>\n<meta property=\"product:retailer_item_id\" content=\"15011\" \/>\n<meta property=\"product:condition\" content=\"new\" \/>\n<!-- \/ Yoast SEO Premium plugin. -->","yoast_head_json":{"title":"AS-5020.3 - Feuer und Flamme","robots":{"index":"index","follow":"follow","max-snippet":"max-snippet:-1","max-image-preview":"max-image-preview:large","max-video-preview":"max-video-preview:-1"},"canonical":"https:\/\/www.feuer-flamme.com\/nl\/product-2\/as-5020-3\/","og_locale":"nl_NL","og_type":"article","og_title":"AS-5020.3","og_description":"Die \u00a0Funk-Abluftsteuerung AS 5020.3 \u00a0ist komplett kabellos und verf\u00fcgt \u00fcber einen neuen Mini-Sender, der wahlweise mit wei\u00dfem oder braunen Geh\u00e4use (passend f\u00fcr Holzfenster) eingesetzt werden kann.","og_url":"https:\/\/www.feuer-flamme.com\/nl\/product-2\/as-5020-3\/","og_site_name":"Feuer und Flamme","article_publisher":"https:\/\/www.facebook.com\/feuer.flamme.kaminofen\/","article_modified_time":"2025-02-10T10:46:48+00:00","og_image":[{"width":500,"height":500,"url":"https:\/\/www.feuer-flamme.com\/wp-content\/uploads\/2020\/09\/AS-5020.jpg","type":"image\/jpeg"}],"twitter_card":"summary_large_image","twitter_misc":{"Prijs":"&euro;99,00","Beschikbaarheid":"Op voorraad"},"schema":{"@context":"https:\/\/schema.org","@graph":[{"@type":"WebPage","@id":"https:\/\/www.feuer-flamme.com\/produkt\/as-5020-3","url":"https:\/\/www.feuer-flamme.com\/produkt\/as-5020-3","name":"AS-5020.3 - Feuer und Flamme","isPartOf":{"@id":"https:\/\/www.feuer-flamme.com\/#website"},"primaryImageOfPage":{"@id":"https:\/\/www.feuer-flamme.com\/produkt\/as-5020-3#primaryimage"},"image":{"@id":"https:\/\/www.feuer-flamme.com\/produkt\/as-5020-3#primaryimage"},"thumbnailUrl":"https:\/\/www.feuer-flamme.com\/wp-content\/uploads\/2020\/09\/AS-5020.jpg","datePublished":"2020-09-09T15:06:17+00:00","dateModified":"2025-02-10T10:46:48+00:00","breadcrumb":{"@id":"https:\/\/www.feuer-flamme.com\/produkt\/as-5020-3#breadcrumb"},"inLanguage":"nl-NL","potentialAction":[{"@type":"ReadAction","target":["https:\/\/www.feuer-flamme.com\/produkt\/as-5020-3"]}]},{"@type":"ImageObject","inLanguage":"nl-NL","@id":"https:\/\/www.feuer-flamme.com\/produkt\/as-5020-3#primaryimage","url":"https:\/\/www.feuer-flamme.com\/wp-content\/uploads\/2020\/09\/AS-5020.jpg","contentUrl":"https:\/\/www.feuer-flamme.com\/wp-content\/uploads\/2020\/09\/AS-5020.jpg","width":500,"height":500,"caption":"Das Bild zeigt Zubeh\u00f6r f\u00fcr Kamin\u00f6fen, bestehend aus einem Steckdosen-Einsatz und einem kabellosen Sensor. Im Hintergrund ist ein modern gestalteter Raum mit einem brennenden Kaminofen zu sehen, der f\u00fcr eine gem\u00fctliche Atmosph\u00e4re sorgt. Der Fokus liegt auf den Ger\u00e4ten im Vordergrund, die vermutlich zur Sicherheit oder Steuerung des Kaminofens dienen. Der Einsatz von hochwertigem Zubeh\u00f6r kann die Nutzung eines Kaminofens effizienter und sicherer gestalten."},{"@type":"BreadcrumbList","@id":"https:\/\/www.feuer-flamme.com\/produkt\/as-5020-3#breadcrumb","itemListElement":[{"@type":"ListItem","position":1,"name":"Startseite","item":"https:\/\/www.feuer-flamme.com\/"},{"@type":"ListItem","position":2,"name":"Feuer &#038; Flamme Kamin\u00f6fen","item":"https:\/\/www.feuer-flamme.com\/shop"},{"@type":"ListItem","position":3,"name":"AS-5020.3"}]},{"@type":"WebSite","@id":"https:\/\/www.feuer-flamme.com\/#website","url":"https:\/\/www.feuer-flamme.com\/","name":"Feuer und Flamme","description":"Open haarden","publisher":{"@id":"https:\/\/www.feuer-flamme.com\/#organization"},"potentialAction":[{"@type":"SearchAction","target":{"@type":"EntryPoint","urlTemplate":"https:\/\/www.feuer-flamme.com\/?s={search_term_string}"},"query-input":{"@type":"PropertyValueSpecification","valueRequired":true,"valueName":"search_term_string"}}],"inLanguage":"nl-NL"},{"@type":"Organization","@id":"https:\/\/www.feuer-flamme.com\/#organization","name":"Feuer &amp; Flamme GmbH","url":"https:\/\/www.feuer-flamme.com\/","logo":{"@type":"ImageObject","inLanguage":"nl-NL","@id":"https:\/\/www.feuer-flamme.com\/#\/schema\/logo\/image\/","url":"https:\/\/www.feuer-flamme.com\/wp-content\/uploads\/2020\/02\/Logo.jpg","contentUrl":"https:\/\/www.feuer-flamme.com\/wp-content\/uploads\/2020\/02\/Logo.jpg","width":150,"height":150,"caption":"Feuer & Flamme GmbH"},"image":{"@id":"https:\/\/www.feuer-flamme.com\/#\/schema\/logo\/image\/"},"sameAs":["https:\/\/www.facebook.com\/feuer.flamme.kaminofen\/"]}]},"product_brand":"Feuer und Flamme","product_price_amount":"99.00","product_price_currency":"EUR","og_availability":"instock","product_availability":"instock","product_retailer_item_id":"15011","product_condition":"new"},"_links":{"self":[{"href":"https:\/\/www.feuer-flamme.com\/nl\/wp-json\/wp\/v2\/product\/4360","targetHints":{"allow":["GET"]}}],"collection":[{"href":"https:\/\/www.feuer-flamme.com\/nl\/wp-json\/wp\/v2\/product"}],"about":[{"href":"https:\/\/www.feuer-flamme.com\/nl\/wp-json\/wp\/v2\/types\/product"}],"wp:featuredmedia":[{"embeddable":true,"href":"https:\/\/www.feuer-flamme.com\/nl\/wp-json\/wp\/v2\/media\/4440"}],"wp:attachment":[{"href":"https:\/\/www.feuer-flamme.com\/nl\/wp-json\/wp\/v2\/media?parent=4360"}],"wp:term":[{"taxonomy":"product_brand","embeddable":true,"href":"https:\/\/www.feuer-flamme.com\/nl\/wp-json\/wp\/v2\/product_brand?post=4360"},{"taxonomy":"product_cat","embeddable":true,"href":"https:\/\/www.feuer-flamme.com\/nl\/wp-json\/wp\/v2\/product_cat?post=4360"},{"taxonomy":"product_tag","embeddable":true,"href":"https:\/\/www.feuer-flamme.com\/nl\/wp-json\/wp\/v2\/product_tag?post=4360"}],"curies":[{"name":"wp","href":"https:\/\/api.w.org\/{rel}","templated":true}]}}