{"id":4362,"date":"2020-09-09T15:11:26","date_gmt":"2020-09-09T15:11:26","guid":{"rendered":"https:\/\/feuer-flamme.com\/?post_type=product&#038;p=4362"},"modified":"2025-02-10T10:44:45","modified_gmt":"2025-02-10T10:44:45","slug":"as-5030-3","status":"publish","type":"product","link":"https:\/\/www.feuer-flamme.com\/nl\/produkt\/as-5030-3","title":{"rendered":"AS-5030.3"},"content":{"rendered":"<div class=\"wpb-content-wrapper\"><div class=\"vc_row wpb_row vc_row-fluid vc_custom_1599662442470 vc_row-has-fill\"><div class=\"wpb_column vc_column_container vc_col-sm-12\"><div class=\"vc_column-inner\"><div class=\"wpb_wrapper\">\n\t<div class=\"wpb_text_column wpb_content_element\" >\n\t\t<div class=\"wpb_wrapper\">\n\t\t\t<h4>PRODUCTBESCHRIJVING<\/h4>\n<p>Fabrikant productcode: AS-5030.3<\/p>\n<p class=\"bodytext\">Het afzuigapparaat (afzuigkap, afzuigventilator enz.) kan zowel door het raamcontact (wanneer het raam wordt geopend) als door de draadloze thermosensor (wanneer de haard niet in gebruik is) worden vrijgegeven.<\/p>\n<p class=\"bodytext\">Hierbij wordt de temperatuur van de uitlaatgassen in de kachelpijp gemeten.<\/p>\n<p class=\"bodytext\">Zodra deze temperatuur ongeveer 38 \u00b0C bereikt, wordt het vrijgavesignaal voor het afzuigapparaat (bijv. afzuigkap) onderbroken en schakelt het uit.<\/p>\n<p class=\"bodytext\">Om het afzuigapparaat weer in gebruik te kunnen nemen , moet het raam worden geopend dat is uitgerust met de raamcontactschakelaar.<\/p>\n<p class=\"bodytext\">* Draadloze zenders met raam- en thermosensor<\/p>\n<p class=\"bodytext\"><strong>ALLEEN VOOR KACHELS TOT MAXIMAAL 4,5 KW (sensor voor temperaturen tot max. 400 \u00b0C)<\/strong><\/p>\n<p class=\"bodytext\">* Zelfdiagnosefunctie met ontvangstcontrole<\/p>\n<p class=\"bodytext\">* Schakelvermogen tot 1800 watt (8A)<\/p>\n<p class=\"bodytext\">* uitbreidbaar met zenders<\/p>\n<p class=\"bodytext\">* Zendbereik tot 50 m<\/p>\n<p class=\"bodytext\"><strong>Leveringsomvang<\/strong><\/p>\n<ul>\n<li>1 x ontvanger met omkeerbare beveiligingen<\/li>\n<li>1 x draadloze zender Thermo in wit met 100 cm sensorkabel<\/li>\n<li>1 x draadloze zender voor ramen, magneetcontact en afstandplaatjes in wit, batterij (CR2477)<\/li>\n<li>1 x bruine vervangende behuizing voor draadloze zender raam, magneetcontact en afstandplaatjes<\/li>\n<li>1 x montagemateriaal<\/li>\n<li>1 x gebruiksaanwijzing &amp; berekeningsformule<\/li>\n<\/ul>\n<p class=\"bodytext\"><strong>Afmetingen:<\/strong><\/p>\n<p class=\"bodytext\">Ontvanger: 60 x 125 x 90 mm (BxHxD)<\/p>\n<p class=\"bodytext\">Zender (venster): 6030\u00d719 mm (BxHxD)<\/p>\n<p class=\"bodytext\">Zender (kachelpijp): 36x97x14 mm (BxHxD)<\/p>\n<p class=\"bodytext\"><strong>Stroomvoorziening:<\/strong><\/p>\n<p class=\"bodytext\">Ontvanger: 230 V\/50 Hz)<\/p>\n<p class=\"bodytext\">Zender (venster): batterij 1\u00d73 V lithium CR2477 (meegeleverd)<\/p>\n<p class=\"bodytext\">Zender (kachelpijp): batterij 3x 1,5V alkalinebatterij AAA (niet meegeleverd)<\/p>\n\n\t\t<\/div>\n\t<\/div>\n<\/div><\/div><\/div><\/div><div class=\"vc_row wpb_row vc_row-fluid vc_custom_1599662972517 vc_row-has-fill\"><div class=\"wpb_column vc_column_container vc_col-sm-3\"><div class=\"vc_column-inner vc_custom_1599662575273\"><div class=\"wpb_wrapper\"><div id=\"wd-5f58f0e3ab06a\" class=\"wd-rs-5f58f0e3ab06a  wd-button-wrapper text-left\"><a href=\"https:\/\/feuer-flamme.com\/wp-content\/uploads\/2020\/09\/AS-5030.3-Anleitung.pdf\" title=\"Handleiding downloaden\" target=\"_blank\" class=\"btn btn-color-alt btn-style-default btn-shape-semi-round btn-size-default\">Handleiding downloaden<\/a><\/div><\/div><\/div><\/div><div class=\"wpb_column vc_column_container vc_col-sm-3\"><div class=\"vc_column-inner vc_custom_1599662583569\"><div class=\"wpb_wrapper\"><div id=\"wd-5f58f1205c374\" class=\"wd-rs-5f58f1205c374  wd-button-wrapper text-left\"><a href=\"https:\/\/feuer-flamme.com\/wp-content\/uploads\/2020\/09\/AS-5030.3.pdf\" title=\"\" target=\"_blank\" class=\"btn btn-color-alt btn-style-default btn-shape-semi-round btn-size-default\">-download<\/a><\/div><\/div><\/div><\/div><\/div><div class=\"vc_row wpb_row vc_row-fluid\"><div class=\"wpb_column vc_column_container vc_col-sm-12\"><div class=\"vc_column-inner\"><div class=\"wpb_wrapper\"><style data-type=\"vc_shortcodes-custom-css\">.vc_custom_1733308228591{margin-top: 0% !important;margin-right: 0% !important;margin-bottom: 0% !important;margin-left: 0% !important;border-top-width: 1px !important;border-right-width: 1px !important;border-bottom-width: 1px !important;border-left-width: 1px !important;padding-left: 4% !important;border-color: #E5E5E5 !important;}.vc_custom_1734176429563{border-top-width: 1px !important;border-right-width: 1px !important;border-bottom-width: 1px !important;border-left-width: 1px !important;padding-top: 4% !important;padding-right: 4% !important;padding-bottom: 4% !important;padding-left: 4% !important;border-left-style: solid !important;border-right-style: solid !important;border-top-style: solid !important;border-bottom-style: solid !important;border-radius: 1px !important;border-color: #E5E5E5 !important;}<\/style><div class=\"wpb-content-wrapper\"><div class=\"vc_row wpb_row vc_row-fluid\"><div class=\"wpb_column vc_column_container vc_col-sm-12 vc_col-has-fill wd-rs-67502f36d4460\"><div class=\"vc_column-inner vc_custom_1733308228591\"><div class=\"wpb_wrapper\">\n\t<div class=\"wpb_text_column wpb_content_element vc_custom_1734176429563\" >\n\t\t<div class=\"wpb_wrapper\">\n\t\t\t<p><strong>Productveiligheidsverordening<\/strong><br \/>\nEconomische actor Naam: Protector GmbH<br \/>\nAdres: An den Kolonaten 37, 26160 Bad Zwischenahn, DE<br \/>\nE-mail: info@protector24.de<\/p>\n\n\t\t<\/div>\n\t<\/div>\n<\/div><\/div><\/div><\/div><\/div><\/div><\/div><\/div><\/div>\n<\/div>","protected":false},"excerpt":{"rendered":"<p class=\"bodytext\">De draadloze thermische afzuigregeling AS 5030.3 heeft twee draadloze zenders:  1x draadloze thermische sensor voor de ovenpijp en 1 x draadloze minizender voor het raam. Deze regelt de afzuigkap afhankelijk van de oventemperatuur en de raamopening.<\/p>","protected":false},"featured_media":4441,"template":"","meta":[],"product_brand":[],"product_cat":[191,30],"product_tag":[],"class_list":{"0":"post-4362","1":"product","2":"type-product","3":"status-publish","4":"has-post-thumbnail","6":"product_cat-fensterkontaktschalter","7":"product_cat-zubehoer","8":"product_shipping_class-feuer-und-flamme","9":"pa_hersteller-feuerund-flamme","10":"pa_versandkosten-238","12":"first","13":"instock","14":"taxable","15":"shipping-taxable","16":"purchasable","17":"product-type-simple"},"yoast_head":"<!-- This site is optimized with the Yoast SEO Premium plugin v27.5 (Yoast SEO v27.5) - https:\/\/yoast.com\/product\/yoast-seo-premium-wordpress\/ -->\n<title>AS-5030.3 - Feuer und Flamme<\/title>\n<meta name=\"robots\" content=\"index, follow, max-snippet:-1, max-image-preview:large, max-video-preview:-1\" \/>\n<link rel=\"canonical\" href=\"https:\/\/www.feuer-flamme.com\/nl\/product-2\/as-5030-3\/\" \/>\n<meta property=\"og:locale\" content=\"nl_NL\" \/>\n<meta property=\"og:type\" content=\"article\" \/>\n<meta property=\"og:title\" content=\"AS-5030.3\" \/>\n<meta property=\"og:description\" content=\"Die Funk-Thermo-Abluftsteuerung AS 5030.3 hat zwei Funk-Sender: \u00a01x Funk-Thermo-Sensor f\u00fcr das Ofenrohr und 1 x Funk-Mini-Sender f\u00fcr das Fenster, sie kontrolliert die Dunstabzugshaube in Abh\u00e4ngigkeit von Ofentemperatur und Fenster\u00f6ffnung\" \/>\n<meta property=\"og:url\" content=\"https:\/\/www.feuer-flamme.com\/nl\/product-2\/as-5030-3\/\" \/>\n<meta property=\"og:site_name\" content=\"Feuer und Flamme\" \/>\n<meta property=\"article:publisher\" content=\"https:\/\/www.facebook.com\/feuer.flamme.kaminofen\/\" \/>\n<meta property=\"article:modified_time\" content=\"2025-02-10T10:44:45+00:00\" \/>\n<meta property=\"og:image\" content=\"https:\/\/www.feuer-flamme.com\/wp-content\/uploads\/2020\/09\/AS-5030.3.jpg\" \/>\n\t<meta property=\"og:image:width\" content=\"828\" \/>\n\t<meta property=\"og:image:height\" content=\"500\" \/>\n\t<meta property=\"og:image:type\" content=\"image\/jpeg\" \/>\n<meta name=\"twitter:card\" content=\"summary_large_image\" \/>\n<meta name=\"twitter:label1\" content=\"Prijs\" \/>\n\t<meta name=\"twitter:data1\" content=\"&euro;179,00\" \/>\n\t<meta name=\"twitter:label2\" content=\"Beschikbaarheid\" \/>\n\t<meta name=\"twitter:data2\" content=\"Op voorraad\" \/>\n<script type=\"application\/ld+json\" class=\"yoast-schema-graph\">{\"@context\":\"https:\\\/\\\/schema.org\",\"@graph\":[{\"@type\":\"WebPage\",\"@id\":\"https:\\\/\\\/www.feuer-flamme.com\\\/produkt\\\/as-5030-3\",\"url\":\"https:\\\/\\\/www.feuer-flamme.com\\\/produkt\\\/as-5030-3\",\"name\":\"AS-5030.3 - Feuer und Flamme\",\"isPartOf\":{\"@id\":\"https:\\\/\\\/www.feuer-flamme.com\\\/#website\"},\"primaryImageOfPage\":{\"@id\":\"https:\\\/\\\/www.feuer-flamme.com\\\/produkt\\\/as-5030-3#primaryimage\"},\"image\":{\"@id\":\"https:\\\/\\\/www.feuer-flamme.com\\\/produkt\\\/as-5030-3#primaryimage\"},\"thumbnailUrl\":\"https:\\\/\\\/www.feuer-flamme.com\\\/wp-content\\\/uploads\\\/2020\\\/09\\\/AS-5030.3.jpg\",\"datePublished\":\"2020-09-09T15:11:26+00:00\",\"dateModified\":\"2025-02-10T10:44:45+00:00\",\"breadcrumb\":{\"@id\":\"https:\\\/\\\/www.feuer-flamme.com\\\/produkt\\\/as-5030-3#breadcrumb\"},\"inLanguage\":\"nl-NL\",\"potentialAction\":[{\"@type\":\"ReadAction\",\"target\":[\"https:\\\/\\\/www.feuer-flamme.com\\\/produkt\\\/as-5030-3\"]}]},{\"@type\":\"ImageObject\",\"inLanguage\":\"nl-NL\",\"@id\":\"https:\\\/\\\/www.feuer-flamme.com\\\/produkt\\\/as-5030-3#primaryimage\",\"url\":\"https:\\\/\\\/www.feuer-flamme.com\\\/wp-content\\\/uploads\\\/2020\\\/09\\\/AS-5030.3.jpg\",\"contentUrl\":\"https:\\\/\\\/www.feuer-flamme.com\\\/wp-content\\\/uploads\\\/2020\\\/09\\\/AS-5030.3.jpg\",\"width\":828,\"height\":500,\"caption\":\"Das Bild zeigt ein Set von Zubeh\u00f6r f\u00fcr Kamin\u00f6fen. Links ist ein Steckdosenadapter mit LED-Anzeigen zu sehen. In der Mitte befindet sich ein schmaler Empf\u00e4nger oder Sender mit einem l\u00e4ngeren Kabel, etwa 100 cm lang. Rechts ist ein kleines, flaches Ger\u00e4t mit einem Schalter. Diese Zubeh\u00f6rteile unterst\u00fctzen die sichere und effiziente Nutzung eines Kaminofens. Ideal f\u00fcr Holzofen-Besitzer, die auf moderne Technik setzen.\"},{\"@type\":\"BreadcrumbList\",\"@id\":\"https:\\\/\\\/www.feuer-flamme.com\\\/produkt\\\/as-5030-3#breadcrumb\",\"itemListElement\":[{\"@type\":\"ListItem\",\"position\":1,\"name\":\"Startseite\",\"item\":\"https:\\\/\\\/www.feuer-flamme.com\\\/\"},{\"@type\":\"ListItem\",\"position\":2,\"name\":\"Feuer &#038; Flamme Kamin\u00f6fen\",\"item\":\"https:\\\/\\\/www.feuer-flamme.com\\\/shop\"},{\"@type\":\"ListItem\",\"position\":3,\"name\":\"AS-5030.3\"}]},{\"@type\":\"WebSite\",\"@id\":\"https:\\\/\\\/www.feuer-flamme.com\\\/#website\",\"url\":\"https:\\\/\\\/www.feuer-flamme.com\\\/\",\"name\":\"Feuer und Flamme\",\"description\":\"Kamin\u00d6fen\",\"publisher\":{\"@id\":\"https:\\\/\\\/www.feuer-flamme.com\\\/#organization\"},\"potentialAction\":[{\"@type\":\"SearchAction\",\"target\":{\"@type\":\"EntryPoint\",\"urlTemplate\":\"https:\\\/\\\/www.feuer-flamme.com\\\/?s={search_term_string}\"},\"query-input\":{\"@type\":\"PropertyValueSpecification\",\"valueRequired\":true,\"valueName\":\"search_term_string\"}}],\"inLanguage\":\"nl-NL\"},{\"@type\":\"Organization\",\"@id\":\"https:\\\/\\\/www.feuer-flamme.com\\\/#organization\",\"name\":\"Feuer & Flamme GmbH\",\"url\":\"https:\\\/\\\/www.feuer-flamme.com\\\/\",\"logo\":{\"@type\":\"ImageObject\",\"inLanguage\":\"nl-NL\",\"@id\":\"https:\\\/\\\/www.feuer-flamme.com\\\/#\\\/schema\\\/logo\\\/image\\\/\",\"url\":\"https:\\\/\\\/www.feuer-flamme.com\\\/wp-content\\\/uploads\\\/2020\\\/02\\\/Logo.jpg\",\"contentUrl\":\"https:\\\/\\\/www.feuer-flamme.com\\\/wp-content\\\/uploads\\\/2020\\\/02\\\/Logo.jpg\",\"width\":150,\"height\":150,\"caption\":\"Feuer & Flamme GmbH\"},\"image\":{\"@id\":\"https:\\\/\\\/www.feuer-flamme.com\\\/#\\\/schema\\\/logo\\\/image\\\/\"},\"sameAs\":[\"https:\\\/\\\/www.facebook.com\\\/feuer.flamme.kaminofen\\\/\"]}]}<\/script>\n<meta property=\"product:brand\" content=\"Feuer und Flamme\" \/>\n<meta property=\"product:price:amount\" content=\"179.00\" \/>\n<meta property=\"product:price:currency\" content=\"EUR\" \/>\n<meta property=\"og:availability\" content=\"instock\" \/>\n<meta property=\"product:availability\" content=\"instock\" \/>\n<meta property=\"product:retailer_item_id\" content=\"011212\" \/>\n<meta property=\"product:condition\" content=\"new\" \/>\n<!-- \/ Yoast SEO Premium plugin. -->","yoast_head_json":{"title":"AS-5030.3 - Feuer und Flamme","robots":{"index":"index","follow":"follow","max-snippet":"max-snippet:-1","max-image-preview":"max-image-preview:large","max-video-preview":"max-video-preview:-1"},"canonical":"https:\/\/www.feuer-flamme.com\/nl\/product-2\/as-5030-3\/","og_locale":"nl_NL","og_type":"article","og_title":"AS-5030.3","og_description":"Die Funk-Thermo-Abluftsteuerung AS 5030.3 hat zwei Funk-Sender: \u00a01x Funk-Thermo-Sensor f\u00fcr das Ofenrohr und 1 x Funk-Mini-Sender f\u00fcr das Fenster, sie kontrolliert die Dunstabzugshaube in Abh\u00e4ngigkeit von Ofentemperatur und Fenster\u00f6ffnung","og_url":"https:\/\/www.feuer-flamme.com\/nl\/product-2\/as-5030-3\/","og_site_name":"Feuer und Flamme","article_publisher":"https:\/\/www.facebook.com\/feuer.flamme.kaminofen\/","article_modified_time":"2025-02-10T10:44:45+00:00","og_image":[{"width":828,"height":500,"url":"https:\/\/www.feuer-flamme.com\/wp-content\/uploads\/2020\/09\/AS-5030.3.jpg","type":"image\/jpeg"}],"twitter_card":"summary_large_image","twitter_misc":{"Prijs":"&euro;179,00","Beschikbaarheid":"Op voorraad"},"schema":{"@context":"https:\/\/schema.org","@graph":[{"@type":"WebPage","@id":"https:\/\/www.feuer-flamme.com\/produkt\/as-5030-3","url":"https:\/\/www.feuer-flamme.com\/produkt\/as-5030-3","name":"AS-5030.3 - Feuer und Flamme","isPartOf":{"@id":"https:\/\/www.feuer-flamme.com\/#website"},"primaryImageOfPage":{"@id":"https:\/\/www.feuer-flamme.com\/produkt\/as-5030-3#primaryimage"},"image":{"@id":"https:\/\/www.feuer-flamme.com\/produkt\/as-5030-3#primaryimage"},"thumbnailUrl":"https:\/\/www.feuer-flamme.com\/wp-content\/uploads\/2020\/09\/AS-5030.3.jpg","datePublished":"2020-09-09T15:11:26+00:00","dateModified":"2025-02-10T10:44:45+00:00","breadcrumb":{"@id":"https:\/\/www.feuer-flamme.com\/produkt\/as-5030-3#breadcrumb"},"inLanguage":"nl-NL","potentialAction":[{"@type":"ReadAction","target":["https:\/\/www.feuer-flamme.com\/produkt\/as-5030-3"]}]},{"@type":"ImageObject","inLanguage":"nl-NL","@id":"https:\/\/www.feuer-flamme.com\/produkt\/as-5030-3#primaryimage","url":"https:\/\/www.feuer-flamme.com\/wp-content\/uploads\/2020\/09\/AS-5030.3.jpg","contentUrl":"https:\/\/www.feuer-flamme.com\/wp-content\/uploads\/2020\/09\/AS-5030.3.jpg","width":828,"height":500,"caption":"Das Bild zeigt ein Set von Zubeh\u00f6r f\u00fcr Kamin\u00f6fen. Links ist ein Steckdosenadapter mit LED-Anzeigen zu sehen. In der Mitte befindet sich ein schmaler Empf\u00e4nger oder Sender mit einem l\u00e4ngeren Kabel, etwa 100 cm lang. Rechts ist ein kleines, flaches Ger\u00e4t mit einem Schalter. Diese Zubeh\u00f6rteile unterst\u00fctzen die sichere und effiziente Nutzung eines Kaminofens. Ideal f\u00fcr Holzofen-Besitzer, die auf moderne Technik setzen."},{"@type":"BreadcrumbList","@id":"https:\/\/www.feuer-flamme.com\/produkt\/as-5030-3#breadcrumb","itemListElement":[{"@type":"ListItem","position":1,"name":"Startseite","item":"https:\/\/www.feuer-flamme.com\/"},{"@type":"ListItem","position":2,"name":"Feuer &#038; Flamme Kamin\u00f6fen","item":"https:\/\/www.feuer-flamme.com\/shop"},{"@type":"ListItem","position":3,"name":"AS-5030.3"}]},{"@type":"WebSite","@id":"https:\/\/www.feuer-flamme.com\/#website","url":"https:\/\/www.feuer-flamme.com\/","name":"Feuer und Flamme","description":"Open haarden","publisher":{"@id":"https:\/\/www.feuer-flamme.com\/#organization"},"potentialAction":[{"@type":"SearchAction","target":{"@type":"EntryPoint","urlTemplate":"https:\/\/www.feuer-flamme.com\/?s={search_term_string}"},"query-input":{"@type":"PropertyValueSpecification","valueRequired":true,"valueName":"search_term_string"}}],"inLanguage":"nl-NL"},{"@type":"Organization","@id":"https:\/\/www.feuer-flamme.com\/#organization","name":"Feuer &amp; Flamme GmbH","url":"https:\/\/www.feuer-flamme.com\/","logo":{"@type":"ImageObject","inLanguage":"nl-NL","@id":"https:\/\/www.feuer-flamme.com\/#\/schema\/logo\/image\/","url":"https:\/\/www.feuer-flamme.com\/wp-content\/uploads\/2020\/02\/Logo.jpg","contentUrl":"https:\/\/www.feuer-flamme.com\/wp-content\/uploads\/2020\/02\/Logo.jpg","width":150,"height":150,"caption":"Feuer & Flamme GmbH"},"image":{"@id":"https:\/\/www.feuer-flamme.com\/#\/schema\/logo\/image\/"},"sameAs":["https:\/\/www.facebook.com\/feuer.flamme.kaminofen\/"]}]},"product_brand":"Feuer und Flamme","product_price_amount":"179.00","product_price_currency":"EUR","og_availability":"instock","product_availability":"instock","product_retailer_item_id":"011212","product_condition":"new"},"_links":{"self":[{"href":"https:\/\/www.feuer-flamme.com\/nl\/wp-json\/wp\/v2\/product\/4362","targetHints":{"allow":["GET"]}}],"collection":[{"href":"https:\/\/www.feuer-flamme.com\/nl\/wp-json\/wp\/v2\/product"}],"about":[{"href":"https:\/\/www.feuer-flamme.com\/nl\/wp-json\/wp\/v2\/types\/product"}],"wp:featuredmedia":[{"embeddable":true,"href":"https:\/\/www.feuer-flamme.com\/nl\/wp-json\/wp\/v2\/media\/4441"}],"wp:attachment":[{"href":"https:\/\/www.feuer-flamme.com\/nl\/wp-json\/wp\/v2\/media?parent=4362"}],"wp:term":[{"taxonomy":"product_brand","embeddable":true,"href":"https:\/\/www.feuer-flamme.com\/nl\/wp-json\/wp\/v2\/product_brand?post=4362"},{"taxonomy":"product_cat","embeddable":true,"href":"https:\/\/www.feuer-flamme.com\/nl\/wp-json\/wp\/v2\/product_cat?post=4362"},{"taxonomy":"product_tag","embeddable":true,"href":"https:\/\/www.feuer-flamme.com\/nl\/wp-json\/wp\/v2\/product_tag?post=4362"}],"curies":[{"name":"wp","href":"https:\/\/api.w.org\/{rel}","templated":true}]}}