{"id":4416,"date":"2020-09-12T10:52:32","date_gmt":"2020-09-12T10:52:32","guid":{"rendered":"https:\/\/feuer-flamme.com\/?post_type=product&#038;p=4416"},"modified":"2024-12-17T11:07:28","modified_gmt":"2024-12-17T11:07:28","slug":"halfronde-stalen-plaat-130","status":"publish","type":"product","link":"https:\/\/www.feuer-flamme.com\/nl\/produkt\/stahlplatte-halbrund-130","title":{"rendered":"Halfronde stalen plaat 130"},"content":{"rendered":"<div class=\"wpb-content-wrapper\"><style data-type=\"vc_shortcodes-custom-css\">.vc_custom_1733308228591{margin-top: 0% !important;margin-right: 0% !important;margin-bottom: 0% !important;margin-left: 0% !important;border-top-width: 1px !important;border-right-width: 1px !important;border-bottom-width: 1px !important;border-left-width: 1px !important;padding-left: 4% !important;border-color: #E5E5E5 !important;}.vc_custom_1734433556775{border-top-width: 1px !important;border-right-width: 1px !important;border-bottom-width: 1px !important;border-left-width: 1px !important;padding-top: 4% !important;padding-right: 4% !important;padding-bottom: 4% !important;padding-left: 4% !important;border-left-style: solid !important;border-right-style: solid !important;border-top-style: solid !important;border-bottom-style: solid !important;border-radius: 1px !important;border-color: #E5E5E5 !important;}<\/style><div class=\"wpb-content-wrapper\"><div class=\"vc_row wpb_row vc_row-fluid\"><div class=\"wpb_column vc_column_container vc_col-sm-12 vc_col-has-fill wd-rs-67502f36d4460\"><div class=\"vc_column-inner vc_custom_1733308228591\"><div class=\"wpb_wrapper\">\n\t<div class=\"wpb_text_column wpb_content_element vc_custom_1734433556775\" >\n\t\t<div class=\"wpb_wrapper\">\n\t\t\t<p><strong>Productveiligheidsverordening<\/strong><br \/>\nEconomische actor Naam: M.Lienbacher GmbH<br \/>\nAdres: Weikertsham 17, 5163 Palting, Oostenrijk<\/p>\n<p>E-mail: service@m-lienbacher.at<\/p>\n\n\t\t<\/div>\n\t<\/div>\n<\/div><\/div><\/div><\/div><\/div>\n<\/div>","protected":false},"excerpt":{"rendered":"<p>Bodemplaat staal halfronde<\/p>\n<ul>\n<li>Metalen bodemplaat<\/li>\n<li>donker antraciet gebrand<\/li>\n<li>2 mm dikte<\/li>\n<li>Afgeronde randen<\/li>\n<li>Afmetingen 130 cm x 120 cm<\/li>\n<\/ul>","protected":false},"featured_media":4417,"template":"","meta":[],"product_brand":[],"product_cat":[125,30],"product_tag":[126],"class_list":{"0":"post-4416","1":"product","2":"type-product","3":"status-publish","4":"has-post-thumbnail","6":"product_cat-bodenschutzplatten","7":"product_cat-zubehoer","8":"product_tag-bodenschutzplatte-glas-halbrund","9":"pa_hersteller-feuerund-flamme","10":"pa_versandkosten-238","12":"first","13":"instock","14":"taxable","15":"shipping-taxable","16":"purchasable","17":"product-type-simple"},"yoast_head":"<!-- This site is optimized with the Yoast SEO Premium plugin v27.5 (Yoast SEO v27.5) - https:\/\/yoast.com\/product\/yoast-seo-premium-wordpress\/ -->\n<title>Stahlplatte halbrund 130 - Feuer und Flamme<\/title>\n<meta name=\"robots\" content=\"index, follow, max-snippet:-1, max-image-preview:large, max-video-preview:-1\" \/>\n<link rel=\"canonical\" href=\"https:\/\/www.feuer-flamme.com\/nl\/product-2\/halfronde-stalen-plaat-130\/\" \/>\n<meta property=\"og:locale\" content=\"nl_NL\" \/>\n<meta property=\"og:type\" content=\"article\" \/>\n<meta property=\"og:title\" content=\"Stahlplatte halbrund 130\" \/>\n<meta property=\"og:description\" content=\"Bodenplatte Stahl halbrund   Bodenplatte aus Metall  dunkel-anthrazit einbrennlackiert  2 mm St\u00e4rke  Kanten abgerundet  Ma\u00dfe 130 cm x 120 cm\" \/>\n<meta property=\"og:url\" content=\"https:\/\/www.feuer-flamme.com\/nl\/product-2\/halfronde-stalen-plaat-130\/\" \/>\n<meta property=\"og:site_name\" content=\"Feuer und Flamme\" \/>\n<meta property=\"article:publisher\" content=\"https:\/\/www.facebook.com\/feuer.flamme.kaminofen\/\" \/>\n<meta property=\"article:modified_time\" content=\"2024-12-17T11:07:28+00:00\" \/>\n<meta property=\"og:image\" content=\"https:\/\/www.feuer-flamme.com\/wp-content\/uploads\/2020\/09\/Unterlage_Stahl_Haru_gross.jpg\" \/>\n\t<meta property=\"og:image:width\" content=\"600\" \/>\n\t<meta property=\"og:image:height\" content=\"500\" \/>\n\t<meta property=\"og:image:type\" content=\"image\/jpeg\" \/>\n<meta name=\"twitter:card\" content=\"summary_large_image\" \/>\n<meta name=\"twitter:label1\" content=\"Prijs\" \/>\n\t<meta name=\"twitter:data1\" content=\"&euro;199,00\" \/>\n\t<meta name=\"twitter:label2\" content=\"Beschikbaarheid\" \/>\n\t<meta name=\"twitter:data2\" content=\"Op voorraad\" \/>\n<script type=\"application\/ld+json\" class=\"yoast-schema-graph\">{\"@context\":\"https:\\\/\\\/schema.org\",\"@graph\":[{\"@type\":\"WebPage\",\"@id\":\"https:\\\/\\\/www.feuer-flamme.com\\\/produkt\\\/stahlplatte-halbrund-130\",\"url\":\"https:\\\/\\\/www.feuer-flamme.com\\\/produkt\\\/stahlplatte-halbrund-130\",\"name\":\"Stahlplatte halbrund 130 - Feuer und Flamme\",\"isPartOf\":{\"@id\":\"https:\\\/\\\/www.feuer-flamme.com\\\/#website\"},\"primaryImageOfPage\":{\"@id\":\"https:\\\/\\\/www.feuer-flamme.com\\\/produkt\\\/stahlplatte-halbrund-130#primaryimage\"},\"image\":{\"@id\":\"https:\\\/\\\/www.feuer-flamme.com\\\/produkt\\\/stahlplatte-halbrund-130#primaryimage\"},\"thumbnailUrl\":\"https:\\\/\\\/www.feuer-flamme.com\\\/wp-content\\\/uploads\\\/2020\\\/09\\\/Unterlage_Stahl_Haru_gross.jpg\",\"datePublished\":\"2020-09-12T10:52:32+00:00\",\"dateModified\":\"2024-12-17T11:07:28+00:00\",\"breadcrumb\":{\"@id\":\"https:\\\/\\\/www.feuer-flamme.com\\\/produkt\\\/stahlplatte-halbrund-130#breadcrumb\"},\"inLanguage\":\"nl-NL\",\"potentialAction\":[{\"@type\":\"ReadAction\",\"target\":[\"https:\\\/\\\/www.feuer-flamme.com\\\/produkt\\\/stahlplatte-halbrund-130\"]}]},{\"@type\":\"ImageObject\",\"inLanguage\":\"nl-NL\",\"@id\":\"https:\\\/\\\/www.feuer-flamme.com\\\/produkt\\\/stahlplatte-halbrund-130#primaryimage\",\"url\":\"https:\\\/\\\/www.feuer-flamme.com\\\/wp-content\\\/uploads\\\/2020\\\/09\\\/Unterlage_Stahl_Haru_gross.jpg\",\"contentUrl\":\"https:\\\/\\\/www.feuer-flamme.com\\\/wp-content\\\/uploads\\\/2020\\\/09\\\/Unterlage_Stahl_Haru_gross.jpg\",\"width\":600,\"height\":500,\"caption\":\"Das Bild zeigt eine gro\u00dfe, halbrunde Kaminofen-Unterlage aus Stahl. Die Unterlage hat klare Abmessungen: 130 mm in der Breite, 700 mm in der H\u00f6he und 120 mm in der Tiefe. Diese robuste Stahlunterlage bietet eine stabile und sichere Basis f\u00fcr jeden Holzofen. Ideal f\u00fcr jeden Kaminofen-Liebhaber, der auf Sicherheit und Stil Wert legt.\"},{\"@type\":\"BreadcrumbList\",\"@id\":\"https:\\\/\\\/www.feuer-flamme.com\\\/produkt\\\/stahlplatte-halbrund-130#breadcrumb\",\"itemListElement\":[{\"@type\":\"ListItem\",\"position\":1,\"name\":\"Startseite\",\"item\":\"https:\\\/\\\/www.feuer-flamme.com\\\/\"},{\"@type\":\"ListItem\",\"position\":2,\"name\":\"Feuer &#038; Flamme Kamin\u00f6fen\",\"item\":\"https:\\\/\\\/www.feuer-flamme.com\\\/shop\"},{\"@type\":\"ListItem\",\"position\":3,\"name\":\"Stahlplatte halbrund 130\"}]},{\"@type\":\"WebSite\",\"@id\":\"https:\\\/\\\/www.feuer-flamme.com\\\/#website\",\"url\":\"https:\\\/\\\/www.feuer-flamme.com\\\/\",\"name\":\"Feuer und Flamme\",\"description\":\"Kamin\u00d6fen\",\"publisher\":{\"@id\":\"https:\\\/\\\/www.feuer-flamme.com\\\/#organization\"},\"potentialAction\":[{\"@type\":\"SearchAction\",\"target\":{\"@type\":\"EntryPoint\",\"urlTemplate\":\"https:\\\/\\\/www.feuer-flamme.com\\\/?s={search_term_string}\"},\"query-input\":{\"@type\":\"PropertyValueSpecification\",\"valueRequired\":true,\"valueName\":\"search_term_string\"}}],\"inLanguage\":\"nl-NL\"},{\"@type\":\"Organization\",\"@id\":\"https:\\\/\\\/www.feuer-flamme.com\\\/#organization\",\"name\":\"Feuer & Flamme GmbH\",\"url\":\"https:\\\/\\\/www.feuer-flamme.com\\\/\",\"logo\":{\"@type\":\"ImageObject\",\"inLanguage\":\"nl-NL\",\"@id\":\"https:\\\/\\\/www.feuer-flamme.com\\\/#\\\/schema\\\/logo\\\/image\\\/\",\"url\":\"https:\\\/\\\/www.feuer-flamme.com\\\/wp-content\\\/uploads\\\/2020\\\/02\\\/Logo.jpg\",\"contentUrl\":\"https:\\\/\\\/www.feuer-flamme.com\\\/wp-content\\\/uploads\\\/2020\\\/02\\\/Logo.jpg\",\"width\":150,\"height\":150,\"caption\":\"Feuer & Flamme GmbH\"},\"image\":{\"@id\":\"https:\\\/\\\/www.feuer-flamme.com\\\/#\\\/schema\\\/logo\\\/image\\\/\"},\"sameAs\":[\"https:\\\/\\\/www.facebook.com\\\/feuer.flamme.kaminofen\\\/\"]}]}<\/script>\n<meta property=\"product:brand\" content=\"Feuer und Flamme\" \/>\n<meta property=\"product:price:amount\" content=\"199.00\" \/>\n<meta property=\"product:price:currency\" content=\"EUR\" \/>\n<meta property=\"og:availability\" content=\"instock\" \/>\n<meta property=\"product:availability\" content=\"instock\" \/>\n<meta property=\"product:retailer_item_id\" content=\"21021862\" \/>\n<meta property=\"product:condition\" content=\"new\" \/>\n<!-- \/ Yoast SEO Premium plugin. -->","yoast_head_json":{"title":"Halfronde stalen plaat 130 - Feuer und Flamme","robots":{"index":"index","follow":"follow","max-snippet":"max-snippet:-1","max-image-preview":"max-image-preview:large","max-video-preview":"max-video-preview:-1"},"canonical":"https:\/\/www.feuer-flamme.com\/nl\/product-2\/halfronde-stalen-plaat-130\/","og_locale":"nl_NL","og_type":"article","og_title":"Stahlplatte halbrund 130","og_description":"Bodenplatte Stahl halbrund   Bodenplatte aus Metall  dunkel-anthrazit einbrennlackiert  2 mm St\u00e4rke  Kanten abgerundet  Ma\u00dfe 130 cm x 120 cm","og_url":"https:\/\/www.feuer-flamme.com\/nl\/product-2\/halfronde-stalen-plaat-130\/","og_site_name":"Feuer und Flamme","article_publisher":"https:\/\/www.facebook.com\/feuer.flamme.kaminofen\/","article_modified_time":"2024-12-17T11:07:28+00:00","og_image":[{"width":600,"height":500,"url":"https:\/\/www.feuer-flamme.com\/wp-content\/uploads\/2020\/09\/Unterlage_Stahl_Haru_gross.jpg","type":"image\/jpeg"}],"twitter_card":"summary_large_image","twitter_misc":{"Prijs":"&euro;199,00","Beschikbaarheid":"Op voorraad"},"schema":{"@context":"https:\/\/schema.org","@graph":[{"@type":"WebPage","@id":"https:\/\/www.feuer-flamme.com\/produkt\/stahlplatte-halbrund-130","url":"https:\/\/www.feuer-flamme.com\/produkt\/stahlplatte-halbrund-130","name":"Halfronde stalen plaat 130 - Feuer und Flamme","isPartOf":{"@id":"https:\/\/www.feuer-flamme.com\/#website"},"primaryImageOfPage":{"@id":"https:\/\/www.feuer-flamme.com\/produkt\/stahlplatte-halbrund-130#primaryimage"},"image":{"@id":"https:\/\/www.feuer-flamme.com\/produkt\/stahlplatte-halbrund-130#primaryimage"},"thumbnailUrl":"https:\/\/www.feuer-flamme.com\/wp-content\/uploads\/2020\/09\/Unterlage_Stahl_Haru_gross.jpg","datePublished":"2020-09-12T10:52:32+00:00","dateModified":"2024-12-17T11:07:28+00:00","breadcrumb":{"@id":"https:\/\/www.feuer-flamme.com\/produkt\/stahlplatte-halbrund-130#breadcrumb"},"inLanguage":"nl-NL","potentialAction":[{"@type":"ReadAction","target":["https:\/\/www.feuer-flamme.com\/produkt\/stahlplatte-halbrund-130"]}]},{"@type":"ImageObject","inLanguage":"nl-NL","@id":"https:\/\/www.feuer-flamme.com\/produkt\/stahlplatte-halbrund-130#primaryimage","url":"https:\/\/www.feuer-flamme.com\/wp-content\/uploads\/2020\/09\/Unterlage_Stahl_Haru_gross.jpg","contentUrl":"https:\/\/www.feuer-flamme.com\/wp-content\/uploads\/2020\/09\/Unterlage_Stahl_Haru_gross.jpg","width":600,"height":500,"caption":"Das Bild zeigt eine gro\u00dfe, halbrunde Kaminofen-Unterlage aus Stahl. Die Unterlage hat klare Abmessungen: 130 mm in der Breite, 700 mm in der H\u00f6he und 120 mm in der Tiefe. Diese robuste Stahlunterlage bietet eine stabile und sichere Basis f\u00fcr jeden Holzofen. Ideal f\u00fcr jeden Kaminofen-Liebhaber, der auf Sicherheit und Stil Wert legt."},{"@type":"BreadcrumbList","@id":"https:\/\/www.feuer-flamme.com\/produkt\/stahlplatte-halbrund-130#breadcrumb","itemListElement":[{"@type":"ListItem","position":1,"name":"Startseite","item":"https:\/\/www.feuer-flamme.com\/"},{"@type":"ListItem","position":2,"name":"Feuer &#038; Flamme Kamin\u00f6fen","item":"https:\/\/www.feuer-flamme.com\/shop"},{"@type":"ListItem","position":3,"name":"Stahlplatte halbrund 130"}]},{"@type":"WebSite","@id":"https:\/\/www.feuer-flamme.com\/#website","url":"https:\/\/www.feuer-flamme.com\/","name":"Feuer und Flamme","description":"Open haarden","publisher":{"@id":"https:\/\/www.feuer-flamme.com\/#organization"},"potentialAction":[{"@type":"SearchAction","target":{"@type":"EntryPoint","urlTemplate":"https:\/\/www.feuer-flamme.com\/?s={search_term_string}"},"query-input":{"@type":"PropertyValueSpecification","valueRequired":true,"valueName":"search_term_string"}}],"inLanguage":"nl-NL"},{"@type":"Organization","@id":"https:\/\/www.feuer-flamme.com\/#organization","name":"Feuer &amp; Flamme GmbH","url":"https:\/\/www.feuer-flamme.com\/","logo":{"@type":"ImageObject","inLanguage":"nl-NL","@id":"https:\/\/www.feuer-flamme.com\/#\/schema\/logo\/image\/","url":"https:\/\/www.feuer-flamme.com\/wp-content\/uploads\/2020\/02\/Logo.jpg","contentUrl":"https:\/\/www.feuer-flamme.com\/wp-content\/uploads\/2020\/02\/Logo.jpg","width":150,"height":150,"caption":"Feuer & Flamme GmbH"},"image":{"@id":"https:\/\/www.feuer-flamme.com\/#\/schema\/logo\/image\/"},"sameAs":["https:\/\/www.facebook.com\/feuer.flamme.kaminofen\/"]}]},"product_brand":"Feuer und Flamme","product_price_amount":"199.00","product_price_currency":"EUR","og_availability":"instock","product_availability":"instock","product_retailer_item_id":"21021862","product_condition":"new"},"_links":{"self":[{"href":"https:\/\/www.feuer-flamme.com\/nl\/wp-json\/wp\/v2\/product\/4416","targetHints":{"allow":["GET"]}}],"collection":[{"href":"https:\/\/www.feuer-flamme.com\/nl\/wp-json\/wp\/v2\/product"}],"about":[{"href":"https:\/\/www.feuer-flamme.com\/nl\/wp-json\/wp\/v2\/types\/product"}],"wp:featuredmedia":[{"embeddable":true,"href":"https:\/\/www.feuer-flamme.com\/nl\/wp-json\/wp\/v2\/media\/4417"}],"wp:attachment":[{"href":"https:\/\/www.feuer-flamme.com\/nl\/wp-json\/wp\/v2\/media?parent=4416"}],"wp:term":[{"taxonomy":"product_brand","embeddable":true,"href":"https:\/\/www.feuer-flamme.com\/nl\/wp-json\/wp\/v2\/product_brand?post=4416"},{"taxonomy":"product_cat","embeddable":true,"href":"https:\/\/www.feuer-flamme.com\/nl\/wp-json\/wp\/v2\/product_cat?post=4416"},{"taxonomy":"product_tag","embeddable":true,"href":"https:\/\/www.feuer-flamme.com\/nl\/wp-json\/wp\/v2\/product_tag?post=4416"}],"curies":[{"name":"wp","href":"https:\/\/api.w.org\/{rel}","templated":true}]}}